{"id":1501,"date":"2022-08-12T17:22:57","date_gmt":"2022-08-12T21:22:57","guid":{"rendered":"https:\/\/lfdg.wpengine.com\/ethical-code\/"},"modified":"2024-11-17T19:17:13","modified_gmt":"2024-11-18T00:17:13","slug":"code-ethique","status":"publish","type":"page","link":"https:\/\/www.dogguides.com\/fr\/code-ethique\/","title":{"rendered":"Code d&rsquo;\u00e9thique"},"content":{"rendered":"<p>[et_pb_section fb_built=\u00a0\u00bb1&Prime; _builder_version=\u00a0\u00bb4.27.2&Prime; _module_preset=\u00a0\u00bbdefault\u00a0\u00bb background_color=\u00a0\u00bb#FFFFFF\u00a0\u00bb custom_padding=\u00a0\u00bb||0px||false|false\u00a0\u00bb locked=\u00a0\u00bboff\u00a0\u00bb global_colors_info=\u00a0\u00bb{}\u00a0\u00bb theme_builder_area=\u00a0\u00bbpost_content\u00a0\u00bb][et_pb_row _builder_version=\u00a0\u00bb4.27.0&Prime; _module_preset=\u00a0\u00bbdefault\u00a0\u00bb global_colors_info=\u00a0\u00bb{}\u00a0\u00bb theme_builder_area=\u00a0\u00bbpost_content\u00a0\u00bb][et_pb_column type=\u00a0\u00bb4_4&Prime; _builder_version=\u00a0\u00bb4.27.0&Prime; _module_preset=\u00a0\u00bbdefault\u00a0\u00bb global_colors_info=\u00a0\u00bb{}\u00a0\u00bb theme_builder_area=\u00a0\u00bbpost_content\u00a0\u00bb][et_pb_text admin_label=\u00a0\u00bbWith Thanks to the Pet Value Team\u00a0\u00bb _builder_version=\u00a0\u00bb4.27.3&Prime; _module_preset=\u00a0\u00bbdefault\u00a0\u00bb header_2_font=\u00a0\u00bb|700|||||||\u00a0\u00bb header_2_text_align=\u00a0\u00bbcenter\u00a0\u00bb header_2_text_color=\u00a0\u00bb#000000&Prime; header_2_font_size=\u00a0\u00bb30px\u00a0\u00bb header_3_text_color=\u00a0\u00bb#000000&Prime; hover_enabled=\u00a0\u00bb0&Prime; global_colors_info=\u00a0\u00bb{}\u00a0\u00bb theme_builder_area=\u00a0\u00bbpost_content\u00a0\u00bb sticky_enabled=\u00a0\u00bb0&Prime;]<\/p>\n<h2> Code d&rsquo;\u00e9thique en mati\u00e8re de collecte de fonds et de responsabilit\u00e9 financi\u00e8re <\/h2>\n<p>[\/et_pb_text][et_pb_text _builder_version=\u00a0\u00bb4.27.3&Prime; _module_preset=\u00a0\u00bbdefault\u00a0\u00bb text_font=\u00a0\u00bb||||||||\u00a0\u00bb text_font_size=\u00a0\u00bb18px\u00a0\u00bb text_line_height=\u00a0\u00bb1.4em\u00a0\u00bb header_text_align=\u00a0\u00bbleft\u00a0\u00bb header_3_font=\u00a0\u00bb|800|||||||\u00a0\u00bb header_3_text_align=\u00a0\u00bbleft\u00a0\u00bb positioning=\u00a0\u00bbrelative\u00a0\u00bb z_index=\u00a0\u00bb2&Prime; width=\u00a0\u00bb80%\u00a0\u00bb module_alignment=\u00a0\u00bbcenter\u00a0\u00bb hover_enabled=\u00a0\u00bb0&Prime; custom_css_main_element=\u00a0\u00bbdisplay:flex;||flex-direction:column;\u00a0\u00bb global_colors_info=\u00a0\u00bb{}\u00a0\u00bb theme_builder_area=\u00a0\u00bbpost_content\u00a0\u00bb sticky_enabled=\u00a0\u00bb0&Prime;]La Fondation des Lions du Canada (FLC) et Chiens-Guides Canada (CGC) s&rsquo;engagent \u00e0 respecter les normes \u00e9nonc\u00e9es dans le Code d&rsquo;\u00e9thique en mati\u00e8re de collecte de fonds et de responsabilit\u00e9 financi\u00e8re d&rsquo;Imagine Canada dans son traitement des donateurs et du public, ses pratiques de collecte de fonds et sa transparence financi\u00e8re, et d&rsquo;en d\u2019en \u00eatre responsable par l&rsquo;interm\u00e9diaire de son Conseil d&rsquo;administration.<\/p>\n<ol>\n<li><strong>Politiques des donateurs et Repr\u00e9sentations publiques<\/strong><\/li>\n<\/ol>\n<ol>\n<li>FLC\/CGC doit conserver son statut d&rsquo;organisme de bienfaisance<\/li>\n<li>FLC\/CGC pr\u00e9parera et d\u00e9livrera des re\u00e7us officiels d&rsquo;imp\u00f4t sur le revenu pour les dons mon\u00e9taires et pour les dons en nature conform\u00e9ment \u00e0 toute politique \u00e9tablie et publi\u00e9e sur les montants minimaux \u00e0 recevoir et conform\u00e9ment \u00e0 toutes les exigences r\u00e9glementaires. Le FLC\/CGC reconna\u00eetra par \u00e9crit les contributions qui ne sont pas autoris\u00e9es \u00e0 recevoir un re\u00e7u officiel, sous r\u00e9serve de toute politique \u00e9tablie et publi\u00e9e sur les montants minimaux \u00e0 reconna\u00eetre.<\/li>\n<\/ol>\n<p>&nbsp;<\/p>\n<p>&nbsp;<\/p>\n<ol>\n<li>Toutes les sollicitations de financement par ou au nom du FLC\/CGC doivent divulguer le nom du FLC\/CGC et le but pour lequel les fonds sont demand\u00e9s. Les sollicitations imprim\u00e9es et en ligne (quelle que soit leur transmission) doivent inclure son adresse ou d&rsquo;autres informations de contact.<\/li>\n<li>FLC\/CGC doit faire preuve de la plus grande transparence et responsabilit\u00e9 par la divulgation pr\u00e9cise et accessible d&rsquo;informations dans un emplacement facilement accessible sur son site Web. Si le FLC\/CGC n&rsquo;a pas de site Web, ces informations doivent \u00eatre incluses dans des mat\u00e9riaux ou documents publics facilement accessibles. Les informations qui doivent \u00eatre divulgu\u00e9es incluent, mais ne sont pas limit\u00e9es \u00e0 ce qui suit :<\/li>\n<\/ol>\n<p>-Rapports annuels et \u00e9tats financiers des trois derni\u00e8res ann\u00e9es du FLC\/CGC, y compris les notes approuv\u00e9es par le Conseil d&rsquo;administration ;<\/p>\n<p>-Num\u00e9ro d&rsquo;enregistrement (NE) du FLC\/CGC tel qu&rsquo;attribu\u00e9 par l&rsquo;Agence du revenu du Canada (ARC);<\/p>\n<p>-toute information contenue dans la partie publique de la d\u00e9claration de renseignements la plus r\u00e9cente de FLC\/CGC (formulaire T3010) telle que soumise \u00e0 l&rsquo;ARC ;<\/p>\n<p>-une copie de la politique d&rsquo;investissement de la FLC\/CGC relative \u00e0 ses actifs investissables, le cas \u00e9ch\u00e9ant (voir C8) ;<\/p>\n<p>-une liste des noms des membres du Conseil d&rsquo;administration du FLC\/CGC ; et<\/p>\n<p>-copie du pr\u00e9sent Code d&rsquo;\u00e9thique en mati\u00e8re de collecte de fonds et de responsabilit\u00e9 financi\u00e8re<\/p>\n<p>&nbsp;<\/p>\n<p>&nbsp;<\/p>\n<p>&nbsp;<\/p>\n<p>&nbsp;<\/p>\n<p>&nbsp;<\/p>\n<p>&nbsp;<\/p>\n<p>&nbsp;<\/p>\n<p>&nbsp;<\/p>\n<ol>\n<li>Le FLC\/CGC ou ceux qui collectent des fonds en son nom doivent divulguer, sur demande, si une personne ou une entit\u00e9 sollicitant des contributions est un b\u00e9n\u00e9vole, un employ\u00e9 ou un tiers sous contrat.<\/li>\n<li>FLC\/CGC ne doit pas faire de d\u00e9clarations qui ne peuvent \u00eatre confirm\u00e9es ou qui sont trompeuses.<\/li>\n<li>FLC\/CGC doit encourager les donateurs \u00e0 demander des Conseils ind\u00e9pendants si le don propos\u00e9 est un don planifi\u00e9 et\/ou FLC\/CGC a des raisons de croire que le don propos\u00e9 pourrait affecter de mani\u00e8re significative la situation financi\u00e8re du donateur, son revenu imposable ou sa relation avec d&rsquo;autres membres de la famille. .<\/li>\n<li>FLC\/CGC honorera les demandes des donateurs de rester anonymes en ce qui concerne :<\/li>\n<\/ol>\n<p>-\u00eatre publiquement identifi\u00e9 comme un partisan de l&rsquo;organisation ; et\/ou<\/p>\n<p>-faire divulguer publiquement le montant de leur contribution.<\/p>\n<ol>\n<li>La vie priv\u00e9e des donateurs doit \u00eatre respect\u00e9e. Tous les dossiers des donateurs conserv\u00e9s par le FLC\/CGC doivent \u00eatre tenus confidentiels dans la mesure du possible. Les donneurs ont le droit de consulter leur propre dossier de donneur et de contester son exactitude.<\/li>\n<li>Si le FLC\/CGC \u00e9change, loue ou partage autrement ses listes de collecte de fonds avec d&rsquo;autres organisations, la demande d&rsquo;un donateur d&rsquo;\u00eatre exclu de la liste sera honor\u00e9e.<\/li>\n<li>Les sollicitations par ou au nom du FLC\/CGC doivent traiter les donateurs et les donateurs potentiels avec respect. Tous les efforts doivent \u00eatre faits pour honorer leurs demandes de :<\/li>\n<\/ol>\n<p>-limiter la fr\u00e9quence des sollicitations ;<\/p>\n<p>-ne pas \u00eatre sollicit\u00e9 par t\u00e9l\u00e9phone ou autre technologie ;<\/p>\n<p>-recevoir des documents imprim\u00e9s concernant le FLC\/CGC ;<\/p>\n<p>-cesser les sollicitations lorsqu&rsquo;il est indiqu\u00e9 qu&rsquo;elles ne sont pas d\u00e9sir\u00e9es ou qu&rsquo;elles sont une nuisance.<\/p>\n<ol>\n<li>Le FLC\/CGC doit mettre en place des politiques de collecte de fonds appropri\u00e9es, y compris, mais sans s&rsquo;y limiter, l&rsquo;acceptation des cadeaux, le traitement des cadeaux restreints ou d\u00e9sign\u00e9s, les politiques de d\u00e9nomination et de dotation. La pertinence et le caract\u00e8re appropri\u00e9 des politiques de collecte de fonds de l&rsquo;organisme de bienfaisance doivent \u00eatre revus r\u00e9guli\u00e8rement par le Conseil d&rsquo;\u00e9tablissement.<\/li>\n<li>Les m\u00e9canismes de reconnaissance cr\u00e9\u00e9s gr\u00e2ce \u00e0 un don ne doivent pas \u00eatre arbitrairement modifi\u00e9s ou retir\u00e9s. Sauf convention contraire n\u00e9goci\u00e9e au moment du don ou modifi\u00e9e par un accord conjoint entre FLC\/CGC et le donateur ou la famille ou le repr\u00e9sentant l\u00e9gal du donateur, la forme originale du m\u00e9canisme de reconnaissance sera maintenue. Si le m\u00e9canisme ne peut pas \u00eatre conserv\u00e9 physiquement, il sera remplac\u00e9 par un autre conforme \u00e0 l&rsquo;accord initial. Si la poursuite de la reconnaissance cr\u00e9e un risque de r\u00e9putation pour le FLC\/CGC, elle peut \u00eatre r\u00e9sili\u00e9e ou modifi\u00e9e.<\/li>\n<li>FLC\/CGC publiera son processus de plainte et les coordonn\u00e9es connexes dans un endroit facilement accessible sur son site Web. Si l&rsquo;organisme de bienfaisance n&rsquo;a pas de site Web, cette information doit \u00eatre incluse dans des documents publics facilement accessibles.<\/li>\n<li>FLC\/CGC doit r\u00e9pondre rapidement \u00e0 une plainte d&rsquo;un donateur ou d&rsquo;un donateur potentiel concernant toute question trait\u00e9e dans le pr\u00e9sent Code d&rsquo;\u00e9thique en mati\u00e8re de collecte de fonds et de responsabilit\u00e9 financi\u00e8re.<\/li>\n<\/ol>\n<p>&nbsp;<\/p>\n<p>&nbsp;<\/p>\n<p>&nbsp;<\/p>\n<p>&nbsp;<\/p>\n<ol>\n<li><strong>Pratiques de collecte de fonds<\/strong><\/li>\n<li>Les activit\u00e9s de collecte de fonds du FLC\/CGC doivent \u00eatre men\u00e9es de mani\u00e8re responsable, conform\u00e9ment aux obligations \u00e9thiques de g\u00e9rance et \u00e0 toutes les lois applicables.<\/li>\n<li>Les sollicitations de financement au nom du FLC\/CGC doivent :<\/li>\n<\/ol>\n<p>-\u00eatre honn\u00eate; et<\/p>\n<p>-d\u00e9crire avec pr\u00e9cision les activit\u00e9s du FLC\/CGC et l&rsquo;utilisation pr\u00e9vue des fonds donn\u00e9s.<\/p>\n<ol start=\"3\">\n<li>FLC\/CGC ne doit pas exploiter ses b\u00e9n\u00e9ficiaires. Il doit \u00eatre sensible dans la description de ceux qu&rsquo;il sert (que ce soit en utilisant des graphiques, des images ou du texte) et repr\u00e9senter fid\u00e8lement leurs besoins et la mani\u00e8re dont ces besoins seront trait\u00e9s.<\/li>\n<li>Lorsque FLC\/CGC effectue des sollicitations en ligne, ses pratiques doivent \u00eatre conformes ou sup\u00e9rieures aux dispositions du Code canadien de pratiques pour la protection des consommateurs dans le commerce \u00e9lectronique, qui est t\u00e9l\u00e9chargeable <u>ici <\/u><\/li>\n<\/ol>\n<p>&nbsp;<\/p>\n<ol start=\"5\">\n<li>Si le FLC\/CGC m\u00e8ne des sollicitations en personne, y compris, mais sans s&rsquo;y limiter, des campagnes de porte-\u00e0-porte ou des collectes de fonds dans la rue, ses pratiques doivent inclure des mesures pour :<\/li>\n<\/ol>\n<p>-fournir la v\u00e9rification de l&rsquo;affiliation de la personne repr\u00e9sentant le FLC\/CGC ; et,<\/p>\n<p>-s\u00e9curiser et prot\u00e9ger toutes les informations confidentielles, y compris les informations de carte de cr\u00e9dit, fournies par les donateurs.<\/p>\n<p>&nbsp;<\/p>\n<p>6.Les b\u00e9n\u00e9voles, les employ\u00e9s et les consultants\/avocats tiers qui sollicitent ou re\u00e7oivent des fonds au nom du FLC\/CGC doivent :<\/p>\n<p>-respecter les dispositions du pr\u00e9sent Code d&rsquo;\u00e9thique en mati\u00e8re de collecte de fonds et de responsabilit\u00e9 financi\u00e8re ;<\/p>\n<p>-agir avec \u00e9quit\u00e9, int\u00e9grit\u00e9 et conform\u00e9ment \u00e0 toutes les lois applicables ;<\/p>\n<p>-respecter les dispositions des codes de d\u00e9ontologie professionnelle, des normes de pratique, etc. applicables ;<\/p>\n<p>-cesser la sollicitation d&rsquo;un donateur potentiel qui identifie la sollicitation comme du harc\u00e8lement ou une pression indue, ou qui d\u00e9clare ne pas souhaiter \u00eatre sollicit\u00e9 ;<\/p>\n<p>-divulguer imm\u00e9diatement au FLC\/CGC tout conflit d&rsquo;int\u00e9r\u00eats ou de loyaut\u00e9 r\u00e9el ou apparent ; et<\/p>\n<p>-ne pas accepter de dons \u00e0 des fins incompatibles avec les objets ou la mission du FLC\/CGC.<\/p>\n<ol start=\"7\">\n<li>Le FLC\/CGC fournira, sur demande, ses meilleures informations disponibles sur les revenus bruts, les produits nets et les co\u00fbts de toute activit\u00e9 de collecte de fonds (y compris les co\u00fbts de collecte de fonds class\u00e9s comme \u00e9ducation et\/ou sensibilisation du public) qu&rsquo;il entreprend.<\/li>\n<\/ol>\n<p>8.FLC\/CGC ne paiera pas, directement ou indirectement, des frais d&rsquo;interm\u00e9diaire, des commissions ou des pourcentages de r\u00e9mun\u00e9ration bas\u00e9s sur les contributions.<\/p>\n<p>9.Si FLC\/CGC entreprend un marketing li\u00e9 \u00e0 une cause en collaboration avec un tiers, FLC\/CGC doit divulguer comment FLC\/CGC b\u00e9n\u00e9ficie de la vente de produits ou de services et les montants minimum ou maximum payables dans le cadre de l&rsquo;arrangement. Si aucun montant minimum n&rsquo;est sp\u00e9cifi\u00e9, le FLC\/CGC doit le divulguer.<\/p>\n<ol start=\"10\">\n<li>FLC\/CGC ne vendra pas sa liste de donateurs. Le cas \u00e9ch\u00e9ant, toute location, \u00e9change ou autre partage de la liste des donateurs du FLC\/CGC doit exclure les noms des donateurs qui en ont fait la demande (comme pr\u00e9vu \u00e0 la section A8 ci-dessus). Si une liste des donateurs de FLC\/CGC est \u00e9chang\u00e9e, lou\u00e9e ou autrement partag\u00e9e avec une autre organisation, un tel partage doit \u00eatre pour une p\u00e9riode de temps sp\u00e9cifi\u00e9e et un but sp\u00e9cifi\u00e9 et doit \u00eatre limit\u00e9 \u00e0 ce qui est autoris\u00e9 en vertu des lois f\u00e9d\u00e9rales et\/ou provinciales sur la protection de la vie priv\u00e9e.<\/li>\n<li>Le Conseil d&rsquo;administration du FLC\/CGC doit \u00eatre inform\u00e9 au moins une fois par an du nombre, du type et de la disposition des plaintes re\u00e7ues des donateurs ou des donateurs potentiels concernant les questions trait\u00e9es dans le pr\u00e9sent code d&rsquo;\u00e9thique en mati\u00e8re de collecte de fonds et de responsabilit\u00e9 financi\u00e8re.<\/li>\n<\/ol>\n<p>&nbsp;<\/p>\n<p>&nbsp;<\/p>\n<ol>\n<li><strong>Pratique financi\u00e8re et transparence<\/strong><\/li>\n<\/ol>\n<p><strong>\u00a0<\/strong><\/p>\n<ol>\n<li>Les affaires financi\u00e8res du FLC\/CGC doivent \u00eatre men\u00e9es de mani\u00e8re responsable, conform\u00e9ment aux obligations \u00e9thiques de g\u00e9rance et \u00e0 toutes les lois applicables.<\/li>\n<li>Tous les dons doivent \u00eatre utilis\u00e9s pour soutenir les objectifs du FLC\/CGC, tels qu&rsquo;enregistr\u00e9s aupr\u00e8s de l&rsquo;ARC.<\/li>\n<li>Le rapport co\u00fbt-efficacit\u00e9 des programmes de collecte de fonds du FLC\/CGC doit \u00eatre examin\u00e9 r\u00e9guli\u00e8rement par le Conseil d&rsquo;administration. On ne d\u00e9pensera pas plus pour l&rsquo;administration et la collecte de fonds qu&rsquo;il n&rsquo;en faut pour assurer une gestion efficace et le d\u00e9veloppement des ressources.<\/li>\n<\/ol>\n<p>&nbsp;<\/p>\n<ol>\n<li>FLC\/CGC doit divulguer avec pr\u00e9cision tous les co\u00fbts associ\u00e9s \u00e0 son activit\u00e9 de collecte de fonds.<\/li>\n<li>FLC\/CGC doit rendre les informations suivantes accessibles au public (par exemple sur son site Web, dans son rapport annuel, dans ses \u00e9tats financiers) dans les 6 mois suivant la fin de son exercice.<\/li>\n<\/ol>\n<p>-Total des revenus de collecte de fonds<\/p>\n<p>-D\u00e9penses totales de collecte de fonds<\/p>\n<p>-D\u00e9penses totales pour les activit\u00e9s\/programmes de bienfaisance<\/p>\n<ol>\n<li>FLC\/CGC doit faire auditer ses \u00e9tats financiers par un comptable public agr\u00e9\u00e9 ind\u00e9pendant.<\/li>\n<li>\u00c9tant donn\u00e9 que les actifs investissables de FLC\/CGC d\u00e9passent 1 000 000 $, une politique d&rsquo;investissement est \u00e9tablie, d\u00e9finissant la r\u00e9partition des actifs, les proc\u00e9dures de d\u00e9cision d&rsquo;investissement et les questions de protection des actifs.<\/li>\n<\/ol>\n<p>&nbsp;<\/p>\n<p>Mis \u00e0 jour le 21 juillet 2011 (FLC\/CGC)[\/et_pb_text][\/et_pb_column][\/et_pb_row][\/et_pb_section]<\/p>\n","protected":false},"excerpt":{"rendered":"<p>Code d&rsquo;\u00e9thique en mati\u00e8re de collecte de fonds et de responsabilit\u00e9 financi\u00e8re La Fondation des Lions du Canada (FLC) et Chiens-Guides Canada (CGC) s&rsquo;engagent \u00e0 respecter les normes \u00e9nonc\u00e9es dans le Code d&rsquo;\u00e9thique en mati\u00e8re de collecte de fonds et de responsabilit\u00e9 financi\u00e8re d&rsquo;Imagine Canada dans son traitement des donateurs et du public, ses pratiques [&hellip;]<\/p>\n","protected":false},"author":7,"featured_media":0,"parent":0,"menu_order":52,"comment_status":"closed","ping_status":"closed","template":"","meta":{"_acf_changed":false,"_et_pb_use_builder":"on","_et_pb_old_content":"","_et_gb_content_width":"","_monsterinsights_skip_tracking":false,"_monsterinsights_sitenote_active":false,"_monsterinsights_sitenote_note":"","_monsterinsights_sitenote_category":0,"footnotes":""},"class_list":["post-1501","page","type-page","status-publish","hentry"],"acf":[],"yoast_head":"<!-- This site is optimized with the Yoast SEO plugin v24.9 - https:\/\/yoast.com\/wordpress\/plugins\/seo\/ -->\n<title>Code d&#039;\u00e9thique - Lions Foundation of Canada Dog Guides<\/title>\n<meta name=\"robots\" content=\"index, follow, max-snippet:-1, max-image-preview:large, max-video-preview:-1\" \/>\n<link rel=\"canonical\" href=\"https:\/\/www.dogguides.com\/fr\/code-ethique\/\" \/>\n<meta property=\"og:locale\" content=\"fr_FR\" \/>\n<meta property=\"og:type\" content=\"article\" \/>\n<meta property=\"og:title\" content=\"Code d&#039;\u00e9thique - Lions Foundation of Canada Dog Guides\" \/>\n<meta property=\"og:description\" content=\"Code d&#039;\u00e9thique en mati\u00e8re de collecte de fonds et de responsabilit\u00e9 financi\u00e8re La Fondation des Lions du Canada (FLC) et Chiens-Guides Canada (CGC) s&#039;engagent \u00e0 respecter les normes \u00e9nonc\u00e9es dans le Code d&#039;\u00e9thique en mati\u00e8re de collecte de fonds et de responsabilit\u00e9 financi\u00e8re d&#039;Imagine Canada dans son traitement des donateurs et du public, ses pratiques [&hellip;]\" \/>\n<meta property=\"og:url\" content=\"https:\/\/www.dogguides.com\/fr\/code-ethique\/\" \/>\n<meta property=\"og:site_name\" content=\"Lions Foundation of Canada Dog Guides\" \/>\n<meta property=\"article:publisher\" content=\"https:\/\/www.facebook.com\/LFCDogGuides\" \/>\n<meta property=\"article:modified_time\" content=\"2024-11-18T00:17:13+00:00\" \/>\n<meta property=\"og:image\" content=\"https:\/\/www.dogguides.com\/wp-content\/uploads\/2024\/07\/LFCDG-logo2013.jpg\" \/>\n\t<meta property=\"og:image:width\" content=\"1287\" \/>\n\t<meta property=\"og:image:height\" content=\"815\" \/>\n\t<meta property=\"og:image:type\" content=\"image\/jpeg\" \/>\n<meta name=\"twitter:card\" content=\"summary_large_image\" \/>\n<meta name=\"twitter:site\" content=\"@LFCDogGuides\" \/>\n<meta name=\"twitter:label1\" content=\"Dur\u00e9e de lecture estim\u00e9e\" \/>\n\t<meta name=\"twitter:data1\" content=\"10 minutes\" \/>\n<script type=\"application\/ld+json\" class=\"yoast-schema-graph\">{\"@context\":\"https:\/\/schema.org\",\"@graph\":[{\"@type\":\"WebPage\",\"@id\":\"https:\/\/www.dogguides.com\/fr\/code-ethique\/\",\"url\":\"https:\/\/www.dogguides.com\/fr\/code-ethique\/\",\"name\":\"Code d'\u00e9thique - Lions Foundation of Canada Dog Guides\",\"isPartOf\":{\"@id\":\"https:\/\/www.dogguides.com\/fr\/#website\"},\"datePublished\":\"2022-08-12T21:22:57+00:00\",\"dateModified\":\"2024-11-18T00:17:13+00:00\",\"breadcrumb\":{\"@id\":\"https:\/\/www.dogguides.com\/fr\/code-ethique\/#breadcrumb\"},\"inLanguage\":\"fr-FR\",\"potentialAction\":[{\"@type\":\"ReadAction\",\"target\":[\"https:\/\/www.dogguides.com\/fr\/code-ethique\/\"]}]},{\"@type\":\"BreadcrumbList\",\"@id\":\"https:\/\/www.dogguides.com\/fr\/code-ethique\/#breadcrumb\",\"itemListElement\":[{\"@type\":\"ListItem\",\"position\":1,\"name\":\"Maison\",\"item\":\"https:\/\/www.dogguides.com\/fr\/bienvenue\/\"},{\"@type\":\"ListItem\",\"position\":2,\"name\":\"Code d&#8217;\u00e9thique\"}]},{\"@type\":\"WebSite\",\"@id\":\"https:\/\/www.dogguides.com\/fr\/#website\",\"url\":\"https:\/\/www.dogguides.com\/fr\/\",\"name\":\"Lions Foundation of Canada Dog Guides\",\"description\":\"Donner aux Canadiens les moyens de naviguer dans le monde avec confiance et ind\u00e9pendance\",\"publisher\":{\"@id\":\"https:\/\/www.dogguides.com\/fr\/#organization\"},\"potentialAction\":[{\"@type\":\"SearchAction\",\"target\":{\"@type\":\"EntryPoint\",\"urlTemplate\":\"https:\/\/www.dogguides.com\/fr\/?s={search_term_string}\"},\"query-input\":{\"@type\":\"PropertyValueSpecification\",\"valueRequired\":true,\"valueName\":\"search_term_string\"}}],\"inLanguage\":\"fr-FR\"},{\"@type\":\"Organization\",\"@id\":\"https:\/\/www.dogguides.com\/fr\/#organization\",\"name\":\"Lions Foundation of Canada Dog Guides\",\"url\":\"https:\/\/www.dogguides.com\/fr\/\",\"logo\":{\"@type\":\"ImageObject\",\"inLanguage\":\"fr-FR\",\"@id\":\"https:\/\/www.dogguides.com\/fr\/#\/schema\/logo\/image\/\",\"url\":\"https:\/\/www.dogguides.com\/wp-content\/uploads\/2024\/07\/LFCDG-logo2013.jpg\",\"contentUrl\":\"https:\/\/www.dogguides.com\/wp-content\/uploads\/2024\/07\/LFCDG-logo2013.jpg\",\"width\":1287,\"height\":815,\"caption\":\"Lions Foundation of Canada Dog Guides\"},\"image\":{\"@id\":\"https:\/\/www.dogguides.com\/fr\/#\/schema\/logo\/image\/\"},\"sameAs\":[\"https:\/\/www.facebook.com\/LFCDogGuides\",\"https:\/\/x.com\/LFCDogGuides\",\"https:\/\/www.instagram.com\/lfcdogguides\/\",\"https:\/\/www.youtube.com\/user\/dogguidescanada\"]}]}<\/script>\n<!-- \/ Yoast SEO plugin. -->","yoast_head_json":{"title":"Code d'\u00e9thique - Lions Foundation of Canada Dog Guides","robots":{"index":"index","follow":"follow","max-snippet":"max-snippet:-1","max-image-preview":"max-image-preview:large","max-video-preview":"max-video-preview:-1"},"canonical":"https:\/\/www.dogguides.com\/fr\/code-ethique\/","og_locale":"fr_FR","og_type":"article","og_title":"Code d'\u00e9thique - Lions Foundation of Canada Dog Guides","og_description":"Code d'\u00e9thique en mati\u00e8re de collecte de fonds et de responsabilit\u00e9 financi\u00e8re La Fondation des Lions du Canada (FLC) et Chiens-Guides Canada (CGC) s'engagent \u00e0 respecter les normes \u00e9nonc\u00e9es dans le Code d'\u00e9thique en mati\u00e8re de collecte de fonds et de responsabilit\u00e9 financi\u00e8re d'Imagine Canada dans son traitement des donateurs et du public, ses pratiques [&hellip;]","og_url":"https:\/\/www.dogguides.com\/fr\/code-ethique\/","og_site_name":"Lions Foundation of Canada Dog Guides","article_publisher":"https:\/\/www.facebook.com\/LFCDogGuides","article_modified_time":"2024-11-18T00:17:13+00:00","og_image":[{"width":1287,"height":815,"url":"https:\/\/www.dogguides.com\/wp-content\/uploads\/2024\/07\/LFCDG-logo2013.jpg","type":"image\/jpeg"}],"twitter_card":"summary_large_image","twitter_site":"@LFCDogGuides","twitter_misc":{"Dur\u00e9e de lecture estim\u00e9e":"10 minutes"},"schema":{"@context":"https:\/\/schema.org","@graph":[{"@type":"WebPage","@id":"https:\/\/www.dogguides.com\/fr\/code-ethique\/","url":"https:\/\/www.dogguides.com\/fr\/code-ethique\/","name":"Code d'\u00e9thique - Lions Foundation of Canada Dog Guides","isPartOf":{"@id":"https:\/\/www.dogguides.com\/fr\/#website"},"datePublished":"2022-08-12T21:22:57+00:00","dateModified":"2024-11-18T00:17:13+00:00","breadcrumb":{"@id":"https:\/\/www.dogguides.com\/fr\/code-ethique\/#breadcrumb"},"inLanguage":"fr-FR","potentialAction":[{"@type":"ReadAction","target":["https:\/\/www.dogguides.com\/fr\/code-ethique\/"]}]},{"@type":"BreadcrumbList","@id":"https:\/\/www.dogguides.com\/fr\/code-ethique\/#breadcrumb","itemListElement":[{"@type":"ListItem","position":1,"name":"Maison","item":"https:\/\/www.dogguides.com\/fr\/bienvenue\/"},{"@type":"ListItem","position":2,"name":"Code d&#8217;\u00e9thique"}]},{"@type":"WebSite","@id":"https:\/\/www.dogguides.com\/fr\/#website","url":"https:\/\/www.dogguides.com\/fr\/","name":"Lions Foundation of Canada Dog Guides","description":"Donner aux Canadiens les moyens de naviguer dans le monde avec confiance et ind\u00e9pendance","publisher":{"@id":"https:\/\/www.dogguides.com\/fr\/#organization"},"potentialAction":[{"@type":"SearchAction","target":{"@type":"EntryPoint","urlTemplate":"https:\/\/www.dogguides.com\/fr\/?s={search_term_string}"},"query-input":{"@type":"PropertyValueSpecification","valueRequired":true,"valueName":"search_term_string"}}],"inLanguage":"fr-FR"},{"@type":"Organization","@id":"https:\/\/www.dogguides.com\/fr\/#organization","name":"Lions Foundation of Canada Dog Guides","url":"https:\/\/www.dogguides.com\/fr\/","logo":{"@type":"ImageObject","inLanguage":"fr-FR","@id":"https:\/\/www.dogguides.com\/fr\/#\/schema\/logo\/image\/","url":"https:\/\/www.dogguides.com\/wp-content\/uploads\/2024\/07\/LFCDG-logo2013.jpg","contentUrl":"https:\/\/www.dogguides.com\/wp-content\/uploads\/2024\/07\/LFCDG-logo2013.jpg","width":1287,"height":815,"caption":"Lions Foundation of Canada Dog Guides"},"image":{"@id":"https:\/\/www.dogguides.com\/fr\/#\/schema\/logo\/image\/"},"sameAs":["https:\/\/www.facebook.com\/LFCDogGuides","https:\/\/x.com\/LFCDogGuides","https:\/\/www.instagram.com\/lfcdogguides\/","https:\/\/www.youtube.com\/user\/dogguidescanada"]}]}},"_links":{"self":[{"href":"https:\/\/www.dogguides.com\/fr\/wp-json\/wp\/v2\/pages\/1501","targetHints":{"allow":["GET"]}}],"collection":[{"href":"https:\/\/www.dogguides.com\/fr\/wp-json\/wp\/v2\/pages"}],"about":[{"href":"https:\/\/www.dogguides.com\/fr\/wp-json\/wp\/v2\/types\/page"}],"author":[{"embeddable":true,"href":"https:\/\/www.dogguides.com\/fr\/wp-json\/wp\/v2\/users\/7"}],"replies":[{"embeddable":true,"href":"https:\/\/www.dogguides.com\/fr\/wp-json\/wp\/v2\/comments?post=1501"}],"version-history":[{"count":0,"href":"https:\/\/www.dogguides.com\/fr\/wp-json\/wp\/v2\/pages\/1501\/revisions"}],"wp:attachment":[{"href":"https:\/\/www.dogguides.com\/fr\/wp-json\/wp\/v2\/media?parent=1501"}],"curies":[{"name":"wp","href":"https:\/\/api.w.org\/{rel}","templated":true}]}}