{"id":1577,"date":"2022-04-07T19:19:00","date_gmt":"2022-04-07T23:19:00","guid":{"rendered":"https:\/\/lfdg.wpengine.com\/politique-de-remboursement\/"},"modified":"2024-11-17T18:17:45","modified_gmt":"2024-11-17T23:17:45","slug":"politique-de-remboursement","status":"publish","type":"page","link":"https:\/\/www.dogguides.com\/fr\/politique-de-remboursement\/","title":{"rendered":"Politique de remboursement"},"content":{"rendered":"<p>[et_pb_section fb_built=\u00a0\u00bb1&Prime; _builder_version=\u00a0\u00bb4.27.2&Prime; _module_preset=\u00a0\u00bbdefault\u00a0\u00bb background_color=\u00a0\u00bb#FFFFFF\u00a0\u00bb custom_padding=\u00a0\u00bb||0px||false|false\u00a0\u00bb locked=\u00a0\u00bboff\u00a0\u00bb global_colors_info=\u00a0\u00bb{}\u00a0\u00bb theme_builder_area=\u00a0\u00bbpost_content\u00a0\u00bb][et_pb_row _builder_version=\u00a0\u00bb4.27.0&Prime; _module_preset=\u00a0\u00bbdefault\u00a0\u00bb global_colors_info=\u00a0\u00bb{}\u00a0\u00bb theme_builder_area=\u00a0\u00bbpost_content\u00a0\u00bb][et_pb_column type=\u00a0\u00bb4_4&Prime; _builder_version=\u00a0\u00bb4.27.0&Prime; _module_preset=\u00a0\u00bbdefault\u00a0\u00bb global_colors_info=\u00a0\u00bb{}\u00a0\u00bb theme_builder_area=\u00a0\u00bbpost_content\u00a0\u00bb][et_pb_text admin_label=\u00a0\u00bbWith Thanks to the Pet Value Team\u00a0\u00bb _builder_version=\u00a0\u00bb4.27.3&Prime; _module_preset=\u00a0\u00bbdefault\u00a0\u00bb header_2_font=\u00a0\u00bb|700|||||||\u00a0\u00bb header_2_text_align=\u00a0\u00bbcenter\u00a0\u00bb header_2_text_color=\u00a0\u00bb#000000&Prime; header_2_font_size=\u00a0\u00bb30px\u00a0\u00bb header_3_text_color=\u00a0\u00bb#000000&Prime; hover_enabled=\u00a0\u00bb0&Prime; global_colors_info=\u00a0\u00bb{}\u00a0\u00bb theme_builder_area=\u00a0\u00bbpost_content\u00a0\u00bb sticky_enabled=\u00a0\u00bb0&Prime;]<\/p>\n<h2>Politique de remboursement<\/h2>\n<p>[\/et_pb_text][et_pb_text _builder_version=\u00a0\u00bb4.27.3&Prime; _module_preset=\u00a0\u00bbdefault\u00a0\u00bb text_font=\u00a0\u00bb||||||||\u00a0\u00bb text_font_size=\u00a0\u00bb18px\u00a0\u00bb text_line_height=\u00a0\u00bb1.4em\u00a0\u00bb header_text_align=\u00a0\u00bbleft\u00a0\u00bb header_3_font=\u00a0\u00bb|800|||||||\u00a0\u00bb header_3_text_align=\u00a0\u00bbleft\u00a0\u00bb positioning=\u00a0\u00bbrelative\u00a0\u00bb z_index=\u00a0\u00bb2&Prime; text_orientation=\u00a0\u00bbcenter\u00a0\u00bb width=\u00a0\u00bb80%\u00a0\u00bb module_alignment=\u00a0\u00bbcenter\u00a0\u00bb hover_enabled=\u00a0\u00bb0&Prime; custom_css_main_element=\u00a0\u00bbdisplay:flex;||flex-direction:column;\u00a0\u00bb global_colors_info=\u00a0\u00bb{}\u00a0\u00bb theme_builder_area=\u00a0\u00bbpost_content\u00a0\u00bb sticky_enabled=\u00a0\u00bb0&Prime;]<\/p>\n<p>Les Chiens-Guides de la Fondation des Lions du Canada appliquent une politique de remboursement. Si par hasard vous aviez fait un don par erreur, veuillez nous informer rapidement \u00e0 <a href=\"mailto:info@dogguides.com\">info@dogguides.com<\/a> afin qu&rsquo;un remboursement puisse \u00eatre effectu\u00e9 sur le compte de votre carte. Vous devrez fournir tous les d\u00e9tails de votre transaction et montrer une copie du \u00ab re\u00e7u num\u00e9rique \u00bb qui vous a \u00e9t\u00e9 envoy\u00e9 par courriel au moment du don.<\/p>\n<p>You will need to provide in full the details of your transaction and show a copy of the \u201cdigital receipt\u201d that was emailed to you at the time of donating.<\/p>\n<p>[\/et_pb_text][\/et_pb_column][\/et_pb_row][\/et_pb_section]<\/p>\n","protected":false},"excerpt":{"rendered":"<p>Politique de remboursementLes Chiens-Guides de la Fondation des Lions du Canada appliquent une politique de remboursement. Si par hasard vous aviez fait un don par erreur, veuillez nous informer rapidement \u00e0 info@dogguides.com afin qu&rsquo;un remboursement puisse \u00eatre effectu\u00e9 sur le compte de votre carte. Vous devrez fournir tous les d\u00e9tails de votre transaction et montrer [&hellip;]<\/p>\n","protected":false},"author":2,"featured_media":0,"parent":0,"menu_order":6,"comment_status":"closed","ping_status":"closed","template":"","meta":{"_acf_changed":false,"_et_pb_use_builder":"on","_et_pb_old_content":"","_et_gb_content_width":"","_monsterinsights_skip_tracking":false,"_monsterinsights_sitenote_active":false,"_monsterinsights_sitenote_note":"","_monsterinsights_sitenote_category":0,"footnotes":""},"class_list":["post-1577","page","type-page","status-publish","hentry"],"acf":[],"yoast_head":"<!-- This site is optimized with the Yoast SEO plugin v24.9 - https:\/\/yoast.com\/wordpress\/plugins\/seo\/ -->\n<title>Politique de remboursement - Lions Foundation of Canada Dog Guides<\/title>\n<meta name=\"robots\" content=\"index, follow, max-snippet:-1, max-image-preview:large, max-video-preview:-1\" \/>\n<link rel=\"canonical\" href=\"https:\/\/www.dogguides.com\/fr\/politique-de-remboursement\/\" \/>\n<meta property=\"og:locale\" content=\"fr_FR\" \/>\n<meta property=\"og:type\" content=\"article\" \/>\n<meta property=\"og:title\" content=\"Politique de remboursement - Lions Foundation of Canada Dog Guides\" \/>\n<meta property=\"og:description\" content=\"Politique de remboursementLes Chiens-Guides de la Fondation des Lions du Canada appliquent une politique de remboursement. Si par hasard vous aviez fait un don par erreur, veuillez nous informer rapidement \u00e0 info@dogguides.com afin qu&#039;un remboursement puisse \u00eatre effectu\u00e9 sur le compte de votre carte. Vous devrez fournir tous les d\u00e9tails de votre transaction et montrer [&hellip;]\" \/>\n<meta property=\"og:url\" content=\"https:\/\/www.dogguides.com\/fr\/politique-de-remboursement\/\" \/>\n<meta property=\"og:site_name\" content=\"Lions Foundation of Canada Dog Guides\" \/>\n<meta property=\"article:publisher\" content=\"https:\/\/www.facebook.com\/LFCDogGuides\" \/>\n<meta property=\"article:modified_time\" content=\"2024-11-17T23:17:45+00:00\" \/>\n<meta property=\"og:image\" content=\"https:\/\/www.dogguides.com\/wp-content\/uploads\/2024\/07\/LFCDG-logo2013.jpg\" \/>\n\t<meta property=\"og:image:width\" content=\"1287\" \/>\n\t<meta property=\"og:image:height\" content=\"815\" \/>\n\t<meta property=\"og:image:type\" content=\"image\/jpeg\" \/>\n<meta name=\"twitter:card\" content=\"summary_large_image\" \/>\n<meta name=\"twitter:site\" content=\"@LFCDogGuides\" \/>\n<meta name=\"twitter:label1\" content=\"Dur\u00e9e de lecture estim\u00e9e\" \/>\n\t<meta name=\"twitter:data1\" content=\"1 minute\" \/>\n<script type=\"application\/ld+json\" class=\"yoast-schema-graph\">{\"@context\":\"https:\/\/schema.org\",\"@graph\":[{\"@type\":\"WebPage\",\"@id\":\"https:\/\/www.dogguides.com\/fr\/politique-de-remboursement\/\",\"url\":\"https:\/\/www.dogguides.com\/fr\/politique-de-remboursement\/\",\"name\":\"Politique de remboursement - Lions Foundation of Canada Dog Guides\",\"isPartOf\":{\"@id\":\"https:\/\/www.dogguides.com\/fr\/#website\"},\"datePublished\":\"2022-04-07T23:19:00+00:00\",\"dateModified\":\"2024-11-17T23:17:45+00:00\",\"breadcrumb\":{\"@id\":\"https:\/\/www.dogguides.com\/fr\/politique-de-remboursement\/#breadcrumb\"},\"inLanguage\":\"fr-FR\",\"potentialAction\":[{\"@type\":\"ReadAction\",\"target\":[\"https:\/\/www.dogguides.com\/fr\/politique-de-remboursement\/\"]}]},{\"@type\":\"BreadcrumbList\",\"@id\":\"https:\/\/www.dogguides.com\/fr\/politique-de-remboursement\/#breadcrumb\",\"itemListElement\":[{\"@type\":\"ListItem\",\"position\":1,\"name\":\"Maison\",\"item\":\"https:\/\/www.dogguides.com\/fr\/bienvenue\/\"},{\"@type\":\"ListItem\",\"position\":2,\"name\":\"Politique de remboursement\"}]},{\"@type\":\"WebSite\",\"@id\":\"https:\/\/www.dogguides.com\/fr\/#website\",\"url\":\"https:\/\/www.dogguides.com\/fr\/\",\"name\":\"Lions Foundation of Canada Dog Guides\",\"description\":\"Donner aux Canadiens les moyens de naviguer dans le monde avec confiance et ind\u00e9pendance\",\"publisher\":{\"@id\":\"https:\/\/www.dogguides.com\/fr\/#organization\"},\"potentialAction\":[{\"@type\":\"SearchAction\",\"target\":{\"@type\":\"EntryPoint\",\"urlTemplate\":\"https:\/\/www.dogguides.com\/fr\/?s={search_term_string}\"},\"query-input\":{\"@type\":\"PropertyValueSpecification\",\"valueRequired\":true,\"valueName\":\"search_term_string\"}}],\"inLanguage\":\"fr-FR\"},{\"@type\":\"Organization\",\"@id\":\"https:\/\/www.dogguides.com\/fr\/#organization\",\"name\":\"Lions Foundation of Canada Dog Guides\",\"url\":\"https:\/\/www.dogguides.com\/fr\/\",\"logo\":{\"@type\":\"ImageObject\",\"inLanguage\":\"fr-FR\",\"@id\":\"https:\/\/www.dogguides.com\/fr\/#\/schema\/logo\/image\/\",\"url\":\"https:\/\/www.dogguides.com\/wp-content\/uploads\/2024\/07\/LFCDG-logo2013.jpg\",\"contentUrl\":\"https:\/\/www.dogguides.com\/wp-content\/uploads\/2024\/07\/LFCDG-logo2013.jpg\",\"width\":1287,\"height\":815,\"caption\":\"Lions Foundation of Canada Dog Guides\"},\"image\":{\"@id\":\"https:\/\/www.dogguides.com\/fr\/#\/schema\/logo\/image\/\"},\"sameAs\":[\"https:\/\/www.facebook.com\/LFCDogGuides\",\"https:\/\/x.com\/LFCDogGuides\",\"https:\/\/www.instagram.com\/lfcdogguides\/\",\"https:\/\/www.youtube.com\/user\/dogguidescanada\"]}]}<\/script>\n<!-- \/ Yoast SEO plugin. -->","yoast_head_json":{"title":"Politique de remboursement - Lions Foundation of Canada Dog Guides","robots":{"index":"index","follow":"follow","max-snippet":"max-snippet:-1","max-image-preview":"max-image-preview:large","max-video-preview":"max-video-preview:-1"},"canonical":"https:\/\/www.dogguides.com\/fr\/politique-de-remboursement\/","og_locale":"fr_FR","og_type":"article","og_title":"Politique de remboursement - Lions Foundation of Canada Dog Guides","og_description":"Politique de remboursementLes Chiens-Guides de la Fondation des Lions du Canada appliquent une politique de remboursement. Si par hasard vous aviez fait un don par erreur, veuillez nous informer rapidement \u00e0 info@dogguides.com afin qu'un remboursement puisse \u00eatre effectu\u00e9 sur le compte de votre carte. Vous devrez fournir tous les d\u00e9tails de votre transaction et montrer [&hellip;]","og_url":"https:\/\/www.dogguides.com\/fr\/politique-de-remboursement\/","og_site_name":"Lions Foundation of Canada Dog Guides","article_publisher":"https:\/\/www.facebook.com\/LFCDogGuides","article_modified_time":"2024-11-17T23:17:45+00:00","og_image":[{"width":1287,"height":815,"url":"https:\/\/www.dogguides.com\/wp-content\/uploads\/2024\/07\/LFCDG-logo2013.jpg","type":"image\/jpeg"}],"twitter_card":"summary_large_image","twitter_site":"@LFCDogGuides","twitter_misc":{"Dur\u00e9e de lecture estim\u00e9e":"1 minute"},"schema":{"@context":"https:\/\/schema.org","@graph":[{"@type":"WebPage","@id":"https:\/\/www.dogguides.com\/fr\/politique-de-remboursement\/","url":"https:\/\/www.dogguides.com\/fr\/politique-de-remboursement\/","name":"Politique de remboursement - Lions Foundation of Canada Dog Guides","isPartOf":{"@id":"https:\/\/www.dogguides.com\/fr\/#website"},"datePublished":"2022-04-07T23:19:00+00:00","dateModified":"2024-11-17T23:17:45+00:00","breadcrumb":{"@id":"https:\/\/www.dogguides.com\/fr\/politique-de-remboursement\/#breadcrumb"},"inLanguage":"fr-FR","potentialAction":[{"@type":"ReadAction","target":["https:\/\/www.dogguides.com\/fr\/politique-de-remboursement\/"]}]},{"@type":"BreadcrumbList","@id":"https:\/\/www.dogguides.com\/fr\/politique-de-remboursement\/#breadcrumb","itemListElement":[{"@type":"ListItem","position":1,"name":"Maison","item":"https:\/\/www.dogguides.com\/fr\/bienvenue\/"},{"@type":"ListItem","position":2,"name":"Politique de remboursement"}]},{"@type":"WebSite","@id":"https:\/\/www.dogguides.com\/fr\/#website","url":"https:\/\/www.dogguides.com\/fr\/","name":"Lions Foundation of Canada Dog Guides","description":"Donner aux Canadiens les moyens de naviguer dans le monde avec confiance et ind\u00e9pendance","publisher":{"@id":"https:\/\/www.dogguides.com\/fr\/#organization"},"potentialAction":[{"@type":"SearchAction","target":{"@type":"EntryPoint","urlTemplate":"https:\/\/www.dogguides.com\/fr\/?s={search_term_string}"},"query-input":{"@type":"PropertyValueSpecification","valueRequired":true,"valueName":"search_term_string"}}],"inLanguage":"fr-FR"},{"@type":"Organization","@id":"https:\/\/www.dogguides.com\/fr\/#organization","name":"Lions Foundation of Canada Dog Guides","url":"https:\/\/www.dogguides.com\/fr\/","logo":{"@type":"ImageObject","inLanguage":"fr-FR","@id":"https:\/\/www.dogguides.com\/fr\/#\/schema\/logo\/image\/","url":"https:\/\/www.dogguides.com\/wp-content\/uploads\/2024\/07\/LFCDG-logo2013.jpg","contentUrl":"https:\/\/www.dogguides.com\/wp-content\/uploads\/2024\/07\/LFCDG-logo2013.jpg","width":1287,"height":815,"caption":"Lions Foundation of Canada Dog Guides"},"image":{"@id":"https:\/\/www.dogguides.com\/fr\/#\/schema\/logo\/image\/"},"sameAs":["https:\/\/www.facebook.com\/LFCDogGuides","https:\/\/x.com\/LFCDogGuides","https:\/\/www.instagram.com\/lfcdogguides\/","https:\/\/www.youtube.com\/user\/dogguidescanada"]}]}},"_links":{"self":[{"href":"https:\/\/www.dogguides.com\/fr\/wp-json\/wp\/v2\/pages\/1577","targetHints":{"allow":["GET"]}}],"collection":[{"href":"https:\/\/www.dogguides.com\/fr\/wp-json\/wp\/v2\/pages"}],"about":[{"href":"https:\/\/www.dogguides.com\/fr\/wp-json\/wp\/v2\/types\/page"}],"author":[{"embeddable":true,"href":"https:\/\/www.dogguides.com\/fr\/wp-json\/wp\/v2\/users\/2"}],"replies":[{"embeddable":true,"href":"https:\/\/www.dogguides.com\/fr\/wp-json\/wp\/v2\/comments?post=1577"}],"version-history":[{"count":0,"href":"https:\/\/www.dogguides.com\/fr\/wp-json\/wp\/v2\/pages\/1577\/revisions"}],"wp:attachment":[{"href":"https:\/\/www.dogguides.com\/fr\/wp-json\/wp\/v2\/media?parent=1577"}],"curies":[{"name":"wp","href":"https:\/\/api.w.org\/{rel}","templated":true}]}}