{"id":1653,"date":"2022-02-08T16:52:16","date_gmt":"2022-02-08T21:52:16","guid":{"rendered":"https:\/\/lfdg.wpengine.com\/politique-de-confidentialite\/"},"modified":"2024-11-18T00:05:45","modified_gmt":"2024-11-18T05:05:45","slug":"privacy-policy","status":"publish","type":"page","link":"https:\/\/www.dogguides.com\/fr\/privacy-policy\/","title":{"rendered":"Politique de confidentialit\u00e9"},"content":{"rendered":"<p>[et_pb_section fb_built=\u00a0\u00bb1&Prime; _builder_version=\u00a0\u00bb4.27.3&Prime; _module_preset=\u00a0\u00bbdefault\u00a0\u00bb background_color=\u00a0\u00bb#FFFFFF\u00a0\u00bb width=\u00a0\u00bb80%\u00a0\u00bb module_alignment=\u00a0\u00bbcenter\u00a0\u00bb locked=\u00a0\u00bboff\u00a0\u00bb global_colors_info=\u00a0\u00bb{}\u00a0\u00bb][et_pb_row _builder_version=\u00a0\u00bb4.27.3&Prime; _module_preset=\u00a0\u00bbdefault\u00a0\u00bb module_alignment=\u00a0\u00bbcenter\u00a0\u00bb global_colors_info=\u00a0\u00bb{}\u00a0\u00bb][et_pb_column type=\u00a0\u00bb4_4&Prime; _builder_version=\u00a0\u00bb4.27.0&Prime; _module_preset=\u00a0\u00bbdefault\u00a0\u00bb global_colors_info=\u00a0\u00bb{}\u00a0\u00bb][et_pb_text admin_label=\u00a0\u00bbMedia Inquiries\u00a0\u00bb _builder_version=\u00a0\u00bb4.27.3&Prime; _module_preset=\u00a0\u00bbdefault\u00a0\u00bb header_2_font=\u00a0\u00bb|700|||||||\u00a0\u00bb header_2_text_align=\u00a0\u00bbcenter\u00a0\u00bb header_2_text_color=\u00a0\u00bb#000000&Prime; header_2_font_size=\u00a0\u00bb30px\u00a0\u00bb header_3_text_color=\u00a0\u00bb#000000&Prime; global_colors_info=\u00a0\u00bb{}\u00a0\u00bb]<\/p>\n<h2>  Politique de confidentialit\u00e9  <\/h2>\n<p>[\/et_pb_text][et_pb_text _builder_version=\u00a0\u00bb4.27.3&Prime; _module_preset=\u00a0\u00bbdefault\u00a0\u00bb text_font=\u00a0\u00bb||||||||\u00a0\u00bb text_font_size=\u00a0\u00bb18px\u00a0\u00bb text_line_height=\u00a0\u00bb1.4em\u00a0\u00bb header_text_align=\u00a0\u00bbleft\u00a0\u00bb header_3_font=\u00a0\u00bb|800|||||||\u00a0\u00bb header_3_text_align=\u00a0\u00bbleft\u00a0\u00bb positioning=\u00a0\u00bbrelative\u00a0\u00bb z_index=\u00a0\u00bb2&Prime; custom_css_main_element=\u00a0\u00bbdisplay:flex;||flex-direction:column;\u00a0\u00bb global_colors_info=\u00a0\u00bb{}\u00a0\u00bb]Nous reconnaissons l&rsquo;importance de la confidentialit\u00e9 des informations personnelles et nous nous engageons \u00e0 traiter ces informations que nous recueillons, utilisons ou divulguons de mani\u00e8re responsable et uniquement dans la mesure o\u00f9 cela est raisonnablement n\u00e9cessaire aux fins pour lesquelles elles ont \u00e9t\u00e9 recueillies. Nous appr\u00e9cions la confiance de nos interlocuteurs et reconnaissons que le maintien de cette confiance exige que nous ayons une politique claire sur l&rsquo;utilisation des informations qui nous sont communiqu\u00e9es.<strong>Introduction et responsabilit\u00e9<\/strong> La pr\u00e9sente politique de confidentialit\u00e9 r\u00e9git notre traitement des \u00ab\u00a0informations personnelles\u00a0\u00bb. Par informations personnelles, on entend toute information concernant une personne identifiable, qu&rsquo;il s&rsquo;agisse d&rsquo;un client, d&rsquo;un donateur, d&rsquo;un b\u00e9n\u00e9vole, d&rsquo;un membre du personnel ou d&rsquo;une autre personne avec laquelle nous sommes en relation. Ces informations peuvent inclure l&rsquo;\u00e2ge, le sexe, la religion, l&rsquo;origine ethnique, la situation familiale, les affiliations politiques, la sant\u00e9, l&rsquo;adresse du domicile, l&rsquo;adresse \u00e9lectronique et le num\u00e9ro de t\u00e9l\u00e9phone du domicile. Outre les faits concernant ou li\u00e9s \u00e0 la personne, elles peuvent \u00e9galement inclure les opinions ou les croyances de la personne, ou toute information relative \u00e0 une famille d&rsquo;accueil ou \u00e0 un guide canin qui lui est associ\u00e9. Les informations personnelles ne comprennent pas les informations professionnelles telles que le nom, le titre, l&rsquo;adresse professionnelle ou le num\u00e9ro de t\u00e9l\u00e9phone d&rsquo;un employ\u00e9 d&rsquo;une organisation. Notre responsabilit\u00e9 en mati\u00e8re d&rsquo;information s&rsquo;\u00e9tend au-del\u00e0 des informations en notre possession ou sous notre contr\u00f4le, aux informations auxquelles des tiers peuvent avoir acc\u00e8s. Il peut s&rsquo;agir de personnes agissant en notre nom, telles que des b\u00e9n\u00e9voles, des comptables, des conseillers en technologie de l&rsquo;information, des nettoyeurs, des banquiers ou autres. Nous restreindrons l&rsquo;acc\u00e8s \u00e0 ces tiers dans la mesure du possible et leur demanderons de nous assurer qu&rsquo;ils respectent les principes appropri\u00e9s en mati\u00e8re de protection de la vie priv\u00e9e. La Fondation Lions du Canada Dog Guides est membre du Centre canadien de philanthropie et de l&rsquo;Association of Fundraising Professionals. Nous adh\u00e9rons aux directives de confidentialit\u00e9 de ces organisations et nous nous engageons \u00e0 prot\u00e9ger la confidentialit\u00e9 des informations personnelles de nos donateurs, clients et b\u00e9n\u00e9voles.<strong>Informations collect\u00e9es<\/strong> La confidentialit\u00e9 de nos utilisateurs est importante pour nous. La Fondation Lions du Canada &#8211; Guides canins ne recueille pas d&rsquo;informations personnelles sur les utilisateurs, \u00e0 l&rsquo;exception de celles qui nous sont fournies en toute connaissance de cause et de mani\u00e8re sp\u00e9cifique par l&rsquo;utilisateur. Il peut arriver que nous leur demandions de nous fournir volontairement des informations personnelles, telles que leur adresse \u00e9lectronique et leur adresse postale, pour leur permettre de nous rendre visite, de correspondre avec nous ou de faire un don. Toutefois, dans la mesure du possible, une option permettant de rester anonyme sera propos\u00e9e \u00e0 ceux qui souhaitent pr\u00e9server leur droit \u00e0 l&rsquo;anonymat. Nous ne divulguerons aucune information personnelle sur les utilisateurs \u00e0 des tiers. Nous ne vendons pas notre liste de donateurs, ni ne l&rsquo;\u00e9changeons ou la partageons avec d&rsquo;autres. Nous respecterons les demandes des donateurs de rester anonymes en ce qui concerne : <\/p>\n<ol>\n<li>\u00eatre identifi\u00e9 publiquement comme un sympathisant de l&rsquo;organisation ; ou<\/li>\n<li>La divulgation du montant de leur contribution<\/li>\n<\/ol>\n<p>Ces informations peuvent \u00eatre consult\u00e9es sur demande pour s&rsquo;assurer qu&rsquo;elles sont correctes et \u00e0 jour. Nous pouvons demander aux clients, au personnel ou \u00e0 d&rsquo;autres personnes de fournir des r\u00e9f\u00e9rences personnelles afin de v\u00e9rifier leur aptitude \u00e0 devenir client, famille d&rsquo;accueil ou membre du personnel. Ces informations resteront priv\u00e9es et confidentielles, conform\u00e9ment \u00e0 l&rsquo;engagement pris par la personne qui les fournit.<\/p>\n<p><strong>Information automatique<\/strong><\/p>\n<p>Certaines applications du site web peuvent faire appel \u00e0 une fonction automatique standard du logiciel de navigation web appel\u00e9e \u00ab\u00a0cookies\u00a0\u00bb. Nous n&rsquo;utilisons ni ne partageons les informations transmises par les cookies. Bien que la plupart des navigateurs web acceptent automatiquement les cookies, les personnes peuvent modifier la configuration de leur navigateur pour emp\u00eacher cela. Les raisons<strong>pour lesquelles<\/strong> nous recueillons des informations Les principales raisons pour lesquelles nous recueillons, utilisons et divulguons des informations personnelles sont de servir nos clients ou clients potentiels ou de communiquer avec des clients ou donateurs potentiels ou d&rsquo;autres publics concern\u00e9s par nos services. Par exemple, nous collectons, utilisons et divulguons des informations personnelles principalement pour :  <\/p>\n<ul>\n<li>\u00c9valuer les besoins des clients potentiels en mati\u00e8re de guides canins dans le cadre de leur processus de demande.<\/li>\n<li>Maintenir le contact avec nos utilisateurs de chiens-guides afin de s&rsquo;assurer que l&rsquo;\u00e9quipe continue \u00e0 bien fonctionner.<\/li>\n<li>Traiter les transactions li\u00e9es aux dons.<\/li>\n<\/ul>\n<p>Nous utilisons \u00e9galement ces informations pour :<\/p>\n<ul>\n<li>Communiquer en permanence avec les clients, les b\u00e9n\u00e9voles et les donateurs.<\/li>\n<li>Pour vous envoyer des courriers, des possibilit\u00e9s de dons ou des invitations \u00e0 des \u00e9v\u00e9nements.<\/li>\n<li>Communiquer avec des publics sp\u00e9cifiques sur la Fondation, notamment les Lions Clubs, les b\u00e9n\u00e9voles et d&rsquo;autres personnes.<\/li>\n<li>\u00c9valuer la performance de nos services.<\/li>\n<li>Rendre compte aux autorit\u00e9s r\u00e9glementaires comp\u00e9tentes.<\/li>\n<\/ul>\n<p><strong>Consentement<\/strong> En r\u00e8gle g\u00e9n\u00e9rale, toutes les informations personnelles sont conserv\u00e9es dans la plus stricte confidentialit\u00e9 et nous obtiendrons un consentement, explicite ou implicite, pour utiliser ou divulguer des informations personnelles concernant une personne, sauf si la loi l&rsquo;autorise ou l&rsquo;exige. \u00c0 condition d&rsquo;en \u00eatre inform\u00e9e, une personne peut retirer son consentement \u00e0 tout moment, sous r\u00e9serve de restrictions l\u00e9gales ou contractuelles et d&rsquo;un pr\u00e9avis raisonnable.<strong>Sauvegarde<\/strong> Nous prendrons les mesures appropri\u00e9es pour assurer la mise en place de garanties ad\u00e9quates afin de prot\u00e9ger les informations personnelles que nous obtenons. Nos mesures de protection sont les suivantes :<\/p>\n<ul>\n<li>Les membres du personnel et les b\u00e9n\u00e9voles devront signer une d\u00e9claration avant de s&rsquo;engager avec nous, dans laquelle ils s&rsquo;engagent \u00e0 respecter notre politique en mati\u00e8re de protection de la vie priv\u00e9e, que ce soit dans le cadre de leurs fonctions ou par la suite. Nous nous efforcerons \u00e9galement de veiller \u00e0 ce que les contractants tiers connaissent et respectent notre politique de protection de la vie priv\u00e9e, en tant que condition d&rsquo;un engagement continu. <\/li>\n<li>Veiller \u00e0 ce que les informations sur papier soient stock\u00e9es dans un endroit supervis\u00e9 ou s\u00e9curis\u00e9, avec un acc\u00e8s limit\u00e9 aux bureaux.<\/li>\n<li>Les informations \u00e9lectroniques sont \u00e9galement s\u00e9curis\u00e9es par un acc\u00e8s limit\u00e9 aux tiers et par l&rsquo;utilisation de mots de passe.<\/li>\n<li>Utilisation du logiciel Secure Sockets Layer (\u00ab\u00a0SSL\u00a0\u00bb), qui crypte les informations que vous saisissez lors d&rsquo;une transaction en ligne. Nous n&rsquo;utiliserons le num\u00e9ro de votre carte de cr\u00e9dit que pour traiter votre paiement et ne l&rsquo;utiliserons pas \u00e0 des fins de marketing. Pour des raisons de s\u00e9curit\u00e9, les informations relatives aux cartes de cr\u00e9dit ne sont pas stock\u00e9es sur notre serveur Web. Nous conservons les informations relatives aux commandes pour nos dossiers, mais ces informations ne sont jamais communiqu\u00e9es \u00e0 des tiers.   <\/li>\n<\/ul>\n<p><strong>R\u00e9tention<\/strong><\/p>\n<p>Nous conservons un nombre limit\u00e9 d&rsquo;informations \u00e0 des fins de r\u00e9f\u00e9rence historique dans le cadre du service \u00e0 nos clients et donateurs. Normalement, nous cl\u00f4turons les dossiers des clients lorsque nous ne pr\u00e9voyons plus aucun service et, par la suite, le dossier est g\u00e9n\u00e9ralement d\u00e9truit au bout de sept (7) ans. Les informations financi\u00e8res et relatives aux dons sont conserv\u00e9es sur papier, comme l&rsquo;exige Revenu Canada, pendant sept (7) ans, puis d\u00e9truites. Afin de tenir compte de l&rsquo;historique des dons des donateurs, nous conservons toutes les donn\u00e9es historiques sur support \u00e9lectronique, bien que certains dossiers puissent \u00eatre supprim\u00e9s s&rsquo;ils datent de plus de sept (7) ans et s&rsquo;il n&rsquo;y a pas de relation suivie. <\/p>\n<p><strong>Ouverture et partage d&rsquo;informations<\/strong><\/p>\n<p>Sauf exception, nous donnerons acc\u00e8s aux informations personnelles sur demande de la personne concern\u00e9e. Les exceptions peuvent concerner les informations qui font r\u00e9f\u00e9rence \u00e0 d&rsquo;autres personnes ou qui contiennent des informations commerciales confidentielles lorsque ces informations ne peuvent pas \u00eatre s\u00e9par\u00e9es.<\/p>\n<p>Nous respectons la vie priv\u00e9e de nos donateurs. Les dossiers des donateurs restent confidentiels dans la mesure du possible. Les donateurs ont le droit de consulter leur propre dossier et d&rsquo;en contester l&rsquo;exactitude.<\/p>\n<p><strong>C<\/strong><strong>o<\/strong><strong>rr<\/strong><strong>e<\/strong><strong>c<\/strong><strong>ting Information<\/strong><\/p>\n<p>\u00c0 la demande de l&rsquo;int\u00e9ress\u00e9, nous lui donnerons acc\u00e8s \u00e0 certaines informations, telles que ses coordonn\u00e9es, les informations relatives aux transactions et aux comptes de cartes de cr\u00e9dit, et lui permettrons de les corriger. Si, \u00e0 tout moment, quelqu&rsquo;un souhaite acc\u00e9der aux informations, les mettre \u00e0 jour ou cesser de recevoir des communications de la Fondation, il peut contacter la Fondation par courrier \u00e9lectronique \u00e0 l&rsquo;adresse <a href=\"mailto:bcrandell@dogguides.com\">bcrandell@dogguides.com <\/a>ou par courrier postal \u00e0 l&rsquo;adresse suivante :<\/p>\n<p><strong>B<\/strong><strong>e<\/strong><strong>v<\/strong><strong>e<\/strong><strong>r<\/strong><strong>l<\/strong><strong>y Crandell<\/strong><\/p>\n<p><em>Charg\u00e9 de pr<\/em><em>ivacy Officer<\/em><\/p>\n<p>Fondation des Lions du Canada Guides canins<\/p>\n<p>152 Wilson St. Oakville, ON L6J 5E8<\/p>\n<p>Id\u00e9alement, les anciennes et les nouvelles coordonn\u00e9es devraient \u00eatre fournies afin que nous puissions apporter les corrections n\u00e9cessaires. Si vous avez des commentaires ou des pr\u00e9occupations concernant cette politique de confidentialit\u00e9, veuillez nous contacter.<\/p>\n<p>Si quelqu&rsquo;un pense qu&rsquo;il y a une erreur dans les informations personnelles que nous d\u00e9tenons, il a le droit de demander qu&rsquo;elles soient corrig\u00e9es. Si nous convenons qu&rsquo;il y a une erreur, celle-ci sera corrig\u00e9e. Si nous ne sommes pas d&rsquo;accord sur le fait qu&rsquo;une erreur a \u00e9t\u00e9 commise, nous inclurons dans notre dossier une br\u00e8ve d\u00e9claration de votre part sur ce point et nous la joindrons aux informations pendant leur utilisation.<\/p>\n<p>De plus amples informations sur la protection de la vie priv\u00e9e et les droits en mati\u00e8re d&rsquo;informations personnelles sont disponibles sur le site web du Commissaire \u00e0 la protection de la vie priv\u00e9e du Canada \u00e0 l&rsquo;adresse suivante <a href=\"http:\/\/www.provcom.gc.ca\/\">: www.provcom.gc.ca.<\/a><\/p>\n<p><strong><em>Notre<\/em><\/strong><strong><em>r Politique : <\/em><\/strong>Nous r\u00e9examinerons et r\u00e9viserons de temps \u00e0 autre nos pratiques en mati\u00e8re de protection de la vie priv\u00e9e et la pr\u00e9sente politique de protection de la vie priv\u00e9e.[\/et_pb_text][\/et_pb_column][\/et_pb_row][\/et_pb_section]<\/p>\n","protected":false},"excerpt":{"rendered":"<p>Politique de confidentialit\u00e9 Nous reconnaissons l&rsquo;importance de la confidentialit\u00e9 des informations personnelles et nous nous engageons \u00e0 traiter ces informations que nous recueillons, utilisons ou divulguons de mani\u00e8re responsable et uniquement dans la mesure o\u00f9 cela est raisonnablement n\u00e9cessaire aux fins pour lesquelles elles ont \u00e9t\u00e9 recueillies. Nous appr\u00e9cions la confiance de nos interlocuteurs et [&hellip;]<\/p>\n","protected":false},"author":2,"featured_media":0,"parent":0,"menu_order":5,"comment_status":"closed","ping_status":"closed","template":"","meta":{"_acf_changed":false,"_et_pb_use_builder":"on","_et_pb_old_content":"","_et_gb_content_width":"","_monsterinsights_skip_tracking":false,"_monsterinsights_sitenote_active":false,"_monsterinsights_sitenote_note":"","_monsterinsights_sitenote_category":0,"footnotes":""},"class_list":["post-1653","page","type-page","status-publish","hentry"],"acf":[],"yoast_head":"<!-- This site is optimized with the Yoast SEO plugin v24.9 - https:\/\/yoast.com\/wordpress\/plugins\/seo\/ -->\n<title>Politique de confidentialit\u00e9 - Lions Foundation of Canada Dog Guides<\/title>\n<meta name=\"robots\" content=\"index, follow, max-snippet:-1, max-image-preview:large, max-video-preview:-1\" \/>\n<link rel=\"canonical\" href=\"https:\/\/www.dogguides.com\/fr\/privacy-policy\/\" \/>\n<meta property=\"og:locale\" content=\"fr_FR\" \/>\n<meta property=\"og:type\" content=\"article\" \/>\n<meta property=\"og:title\" content=\"Politique de confidentialit\u00e9 - Lions Foundation of Canada Dog Guides\" \/>\n<meta property=\"og:description\" content=\"Politique de confidentialit\u00e9 Nous reconnaissons l&#039;importance de la confidentialit\u00e9 des informations personnelles et nous nous engageons \u00e0 traiter ces informations que nous recueillons, utilisons ou divulguons de mani\u00e8re responsable et uniquement dans la mesure o\u00f9 cela est raisonnablement n\u00e9cessaire aux fins pour lesquelles elles ont \u00e9t\u00e9 recueillies. Nous appr\u00e9cions la confiance de nos interlocuteurs et [&hellip;]\" \/>\n<meta property=\"og:url\" content=\"https:\/\/www.dogguides.com\/fr\/privacy-policy\/\" \/>\n<meta property=\"og:site_name\" content=\"Lions Foundation of Canada Dog Guides\" \/>\n<meta property=\"article:publisher\" content=\"https:\/\/www.facebook.com\/LFCDogGuides\" \/>\n<meta property=\"article:modified_time\" content=\"2024-11-18T05:05:45+00:00\" \/>\n<meta property=\"og:image\" content=\"https:\/\/www.dogguides.com\/wp-content\/uploads\/2024\/07\/LFCDG-logo2013.jpg\" \/>\n\t<meta property=\"og:image:width\" content=\"1287\" \/>\n\t<meta property=\"og:image:height\" content=\"815\" \/>\n\t<meta property=\"og:image:type\" content=\"image\/jpeg\" \/>\n<meta name=\"twitter:card\" content=\"summary_large_image\" \/>\n<meta name=\"twitter:site\" content=\"@LFCDogGuides\" \/>\n<meta name=\"twitter:label1\" content=\"Dur\u00e9e de lecture estim\u00e9e\" \/>\n\t<meta name=\"twitter:data1\" content=\"7 minutes\" \/>\n<script type=\"application\/ld+json\" class=\"yoast-schema-graph\">{\"@context\":\"https:\/\/schema.org\",\"@graph\":[{\"@type\":\"WebPage\",\"@id\":\"https:\/\/www.dogguides.com\/fr\/privacy-policy\/\",\"url\":\"https:\/\/www.dogguides.com\/fr\/privacy-policy\/\",\"name\":\"Politique de confidentialit\u00e9 - Lions Foundation of Canada Dog Guides\",\"isPartOf\":{\"@id\":\"https:\/\/www.dogguides.com\/fr\/#website\"},\"datePublished\":\"2022-02-08T21:52:16+00:00\",\"dateModified\":\"2024-11-18T05:05:45+00:00\",\"breadcrumb\":{\"@id\":\"https:\/\/www.dogguides.com\/fr\/privacy-policy\/#breadcrumb\"},\"inLanguage\":\"fr-FR\",\"potentialAction\":[{\"@type\":\"ReadAction\",\"target\":[\"https:\/\/www.dogguides.com\/fr\/privacy-policy\/\"]}]},{\"@type\":\"BreadcrumbList\",\"@id\":\"https:\/\/www.dogguides.com\/fr\/privacy-policy\/#breadcrumb\",\"itemListElement\":[{\"@type\":\"ListItem\",\"position\":1,\"name\":\"Maison\",\"item\":\"https:\/\/www.dogguides.com\/fr\/bienvenue\/\"},{\"@type\":\"ListItem\",\"position\":2,\"name\":\"Politique de confidentialit\u00e9\"}]},{\"@type\":\"WebSite\",\"@id\":\"https:\/\/www.dogguides.com\/fr\/#website\",\"url\":\"https:\/\/www.dogguides.com\/fr\/\",\"name\":\"Lions Foundation of Canada Dog Guides\",\"description\":\"Donner aux Canadiens les moyens de naviguer dans le monde avec confiance et ind\u00e9pendance\",\"publisher\":{\"@id\":\"https:\/\/www.dogguides.com\/fr\/#organization\"},\"potentialAction\":[{\"@type\":\"SearchAction\",\"target\":{\"@type\":\"EntryPoint\",\"urlTemplate\":\"https:\/\/www.dogguides.com\/fr\/?s={search_term_string}\"},\"query-input\":{\"@type\":\"PropertyValueSpecification\",\"valueRequired\":true,\"valueName\":\"search_term_string\"}}],\"inLanguage\":\"fr-FR\"},{\"@type\":\"Organization\",\"@id\":\"https:\/\/www.dogguides.com\/fr\/#organization\",\"name\":\"Lions Foundation of Canada Dog Guides\",\"url\":\"https:\/\/www.dogguides.com\/fr\/\",\"logo\":{\"@type\":\"ImageObject\",\"inLanguage\":\"fr-FR\",\"@id\":\"https:\/\/www.dogguides.com\/fr\/#\/schema\/logo\/image\/\",\"url\":\"https:\/\/www.dogguides.com\/wp-content\/uploads\/2024\/07\/LFCDG-logo2013.jpg\",\"contentUrl\":\"https:\/\/www.dogguides.com\/wp-content\/uploads\/2024\/07\/LFCDG-logo2013.jpg\",\"width\":1287,\"height\":815,\"caption\":\"Lions Foundation of Canada Dog Guides\"},\"image\":{\"@id\":\"https:\/\/www.dogguides.com\/fr\/#\/schema\/logo\/image\/\"},\"sameAs\":[\"https:\/\/www.facebook.com\/LFCDogGuides\",\"https:\/\/x.com\/LFCDogGuides\",\"https:\/\/www.instagram.com\/lfcdogguides\/\",\"https:\/\/www.youtube.com\/user\/dogguidescanada\"]}]}<\/script>\n<!-- \/ Yoast SEO plugin. -->","yoast_head_json":{"title":"Politique de confidentialit\u00e9 - Lions Foundation of Canada Dog Guides","robots":{"index":"index","follow":"follow","max-snippet":"max-snippet:-1","max-image-preview":"max-image-preview:large","max-video-preview":"max-video-preview:-1"},"canonical":"https:\/\/www.dogguides.com\/fr\/privacy-policy\/","og_locale":"fr_FR","og_type":"article","og_title":"Politique de confidentialit\u00e9 - Lions Foundation of Canada Dog Guides","og_description":"Politique de confidentialit\u00e9 Nous reconnaissons l'importance de la confidentialit\u00e9 des informations personnelles et nous nous engageons \u00e0 traiter ces informations que nous recueillons, utilisons ou divulguons de mani\u00e8re responsable et uniquement dans la mesure o\u00f9 cela est raisonnablement n\u00e9cessaire aux fins pour lesquelles elles ont \u00e9t\u00e9 recueillies. Nous appr\u00e9cions la confiance de nos interlocuteurs et [&hellip;]","og_url":"https:\/\/www.dogguides.com\/fr\/privacy-policy\/","og_site_name":"Lions Foundation of Canada Dog Guides","article_publisher":"https:\/\/www.facebook.com\/LFCDogGuides","article_modified_time":"2024-11-18T05:05:45+00:00","og_image":[{"width":1287,"height":815,"url":"https:\/\/www.dogguides.com\/wp-content\/uploads\/2024\/07\/LFCDG-logo2013.jpg","type":"image\/jpeg"}],"twitter_card":"summary_large_image","twitter_site":"@LFCDogGuides","twitter_misc":{"Dur\u00e9e de lecture estim\u00e9e":"7 minutes"},"schema":{"@context":"https:\/\/schema.org","@graph":[{"@type":"WebPage","@id":"https:\/\/www.dogguides.com\/fr\/privacy-policy\/","url":"https:\/\/www.dogguides.com\/fr\/privacy-policy\/","name":"Politique de confidentialit\u00e9 - Lions Foundation of Canada Dog Guides","isPartOf":{"@id":"https:\/\/www.dogguides.com\/fr\/#website"},"datePublished":"2022-02-08T21:52:16+00:00","dateModified":"2024-11-18T05:05:45+00:00","breadcrumb":{"@id":"https:\/\/www.dogguides.com\/fr\/privacy-policy\/#breadcrumb"},"inLanguage":"fr-FR","potentialAction":[{"@type":"ReadAction","target":["https:\/\/www.dogguides.com\/fr\/privacy-policy\/"]}]},{"@type":"BreadcrumbList","@id":"https:\/\/www.dogguides.com\/fr\/privacy-policy\/#breadcrumb","itemListElement":[{"@type":"ListItem","position":1,"name":"Maison","item":"https:\/\/www.dogguides.com\/fr\/bienvenue\/"},{"@type":"ListItem","position":2,"name":"Politique de confidentialit\u00e9"}]},{"@type":"WebSite","@id":"https:\/\/www.dogguides.com\/fr\/#website","url":"https:\/\/www.dogguides.com\/fr\/","name":"Lions Foundation of Canada Dog Guides","description":"Donner aux Canadiens les moyens de naviguer dans le monde avec confiance et ind\u00e9pendance","publisher":{"@id":"https:\/\/www.dogguides.com\/fr\/#organization"},"potentialAction":[{"@type":"SearchAction","target":{"@type":"EntryPoint","urlTemplate":"https:\/\/www.dogguides.com\/fr\/?s={search_term_string}"},"query-input":{"@type":"PropertyValueSpecification","valueRequired":true,"valueName":"search_term_string"}}],"inLanguage":"fr-FR"},{"@type":"Organization","@id":"https:\/\/www.dogguides.com\/fr\/#organization","name":"Lions Foundation of Canada Dog Guides","url":"https:\/\/www.dogguides.com\/fr\/","logo":{"@type":"ImageObject","inLanguage":"fr-FR","@id":"https:\/\/www.dogguides.com\/fr\/#\/schema\/logo\/image\/","url":"https:\/\/www.dogguides.com\/wp-content\/uploads\/2024\/07\/LFCDG-logo2013.jpg","contentUrl":"https:\/\/www.dogguides.com\/wp-content\/uploads\/2024\/07\/LFCDG-logo2013.jpg","width":1287,"height":815,"caption":"Lions Foundation of Canada Dog Guides"},"image":{"@id":"https:\/\/www.dogguides.com\/fr\/#\/schema\/logo\/image\/"},"sameAs":["https:\/\/www.facebook.com\/LFCDogGuides","https:\/\/x.com\/LFCDogGuides","https:\/\/www.instagram.com\/lfcdogguides\/","https:\/\/www.youtube.com\/user\/dogguidescanada"]}]}},"_links":{"self":[{"href":"https:\/\/www.dogguides.com\/fr\/wp-json\/wp\/v2\/pages\/1653","targetHints":{"allow":["GET"]}}],"collection":[{"href":"https:\/\/www.dogguides.com\/fr\/wp-json\/wp\/v2\/pages"}],"about":[{"href":"https:\/\/www.dogguides.com\/fr\/wp-json\/wp\/v2\/types\/page"}],"author":[{"embeddable":true,"href":"https:\/\/www.dogguides.com\/fr\/wp-json\/wp\/v2\/users\/2"}],"replies":[{"embeddable":true,"href":"https:\/\/www.dogguides.com\/fr\/wp-json\/wp\/v2\/comments?post=1653"}],"version-history":[{"count":0,"href":"https:\/\/www.dogguides.com\/fr\/wp-json\/wp\/v2\/pages\/1653\/revisions"}],"wp:attachment":[{"href":"https:\/\/www.dogguides.com\/fr\/wp-json\/wp\/v2\/media?parent=1653"}],"curies":[{"name":"wp","href":"https:\/\/api.w.org\/{rel}","templated":true}]}}