{"id":1656,"date":"2022-04-07T19:19:00","date_gmt":"2022-04-07T23:19:00","guid":{"rendered":"https:\/\/lfdg.wpengine.com\/conditions-generales\/"},"modified":"2024-11-17T18:57:56","modified_gmt":"2024-11-17T23:57:56","slug":"conditions-generales","status":"publish","type":"page","link":"https:\/\/www.dogguides.com\/fr\/conditions-generales\/","title":{"rendered":"Conditions g\u00e9n\u00e9rales"},"content":{"rendered":"<p>[et_pb_section fb_built=\u00a0\u00bb1&Prime; _builder_version=\u00a0\u00bb4.27.2&Prime; _module_preset=\u00a0\u00bbdefault\u00a0\u00bb background_color=\u00a0\u00bb#FFFFFF\u00a0\u00bb custom_padding=\u00a0\u00bb||0px||false|false\u00a0\u00bb locked=\u00a0\u00bboff\u00a0\u00bb global_colors_info=\u00a0\u00bb{}\u00a0\u00bb theme_builder_area=\u00a0\u00bbpost_content\u00a0\u00bb][et_pb_row _builder_version=\u00a0\u00bb4.27.0&Prime; _module_preset=\u00a0\u00bbdefault\u00a0\u00bb global_colors_info=\u00a0\u00bb{}\u00a0\u00bb theme_builder_area=\u00a0\u00bbpost_content\u00a0\u00bb][et_pb_column type=\u00a0\u00bb4_4&Prime; _builder_version=\u00a0\u00bb4.27.0&Prime; _module_preset=\u00a0\u00bbdefault\u00a0\u00bb global_colors_info=\u00a0\u00bb{}\u00a0\u00bb theme_builder_area=\u00a0\u00bbpost_content\u00a0\u00bb][et_pb_text admin_label=\u00a0\u00bbWith Thanks to the Pet Value Team\u00a0\u00bb _builder_version=\u00a0\u00bb4.27.3&Prime; _module_preset=\u00a0\u00bbdefault\u00a0\u00bb header_2_font=\u00a0\u00bb|700|||||||\u00a0\u00bb header_2_text_align=\u00a0\u00bbcenter\u00a0\u00bb header_2_text_color=\u00a0\u00bb#000000&Prime; header_2_font_size=\u00a0\u00bb30px\u00a0\u00bb header_3_text_color=\u00a0\u00bb#000000&Prime; hover_enabled=\u00a0\u00bb0&Prime; global_colors_info=\u00a0\u00bb{}\u00a0\u00bb theme_builder_area=\u00a0\u00bbpost_content\u00a0\u00bb sticky_enabled=\u00a0\u00bb0&Prime;]<\/p>\n<h2> Conditions g\u00e9n\u00e9rales <\/h2>\n<p>[\/et_pb_text][et_pb_text _builder_version=\u00a0\u00bb4.27.3&Prime; _module_preset=\u00a0\u00bbdefault\u00a0\u00bb text_font=\u00a0\u00bb||||||||\u00a0\u00bb text_font_size=\u00a0\u00bb18px\u00a0\u00bb text_line_height=\u00a0\u00bb1.4em\u00a0\u00bb header_text_align=\u00a0\u00bbleft\u00a0\u00bb header_3_font=\u00a0\u00bb|800|||||||\u00a0\u00bb header_3_text_align=\u00a0\u00bbleft\u00a0\u00bb positioning=\u00a0\u00bbrelative\u00a0\u00bb z_index=\u00a0\u00bb2&Prime; width=\u00a0\u00bb80%\u00a0\u00bb module_alignment=\u00a0\u00bbcenter\u00a0\u00bb hover_enabled=\u00a0\u00bb0&Prime; custom_css_main_element=\u00a0\u00bbdisplay:flex;||flex-direction:column;\u00a0\u00bb global_colors_info=\u00a0\u00bb{}\u00a0\u00bb theme_builder_area=\u00a0\u00bbpost_content\u00a0\u00bb sticky_enabled=\u00a0\u00bb0&Prime;]Ce site <a href=\"http:\/\/www.chiens-guides.com\/\">www.dogguides.com<\/a> est d\u00e9tenu et exploit\u00e9 par la Fondation des Lions du Canada Chiens-Guides. N\u2019h\u00e9sitez pas \u00e0 naviguer sur le site; toutefois, votre acc\u00e8s au site et votre utilisation de celui-ci sont assujettis aux conditions g\u00e9n\u00e9rales suivantes et \u00e0 toutes les lois applicables. En acc\u00e9dant au site et en le consultant, vous acceptez les conditions g\u00e9n\u00e9rales. La Fondation Lions du Canada Chiens-Guides se r\u00e9serve le droit, \u00e0 son enti\u00e8re discr\u00e9tion, de modifier, remanier ou mettre \u00e0 jour les pr\u00e9sentes conditions g\u00e9n\u00e9rales \u00e0 tout moment. En continuant \u00e0 utiliser le site, vous acceptez les dispositions suivantes et vous \u00eates tenu de vous y conformer.<\/p>\n<ol>\n<li><strong>Droits d\u2019auteur<\/strong><\/li>\n<\/ol>\n<p>Tous les \u00e9l\u00e9ments du contenu du pr\u00e9sent site, y compris, mais sans s\u2019y limiter, les textes, les \u00e9l\u00e9ments graphiques, les logos, les ic\u00f4nes de boutons, les images, les clips audio, les clips vid\u00e9o, les t\u00e9l\u00e9chargements num\u00e9riques, les compilations de donn\u00e9es et les logiciels, sont la propri\u00e9t\u00e9 de la Fondation des Lions du Canada Chiens-Guides et sont prot\u00e9g\u00e9s par les lois canadiennes et internationales sur le droit d\u2019auteur. Les utilisateurs sont uniquement autoris\u00e9s \u00e0 faire des copies pour leur usage personnel et ne peuvent pas copier, reproduire ou republier \u00e0 d\u2019autres fins sans notre consentement \u00e9crit. Tous droits r\u00e9serv\u00e9s.<\/p>\n<ol start=\"2\">\n<li><strong>D\u00e9charge de garanties et limites de responsabilit\u00e9<\/strong><\/li>\n<\/ol>\n<p>Le pr\u00e9sent site est fourni par la Fondation des Lions du Canada Chiens-Guides \u00e0 titre d\u2019information seulement. Des efforts raisonnables sont d\u00e9ploy\u00e9s pour s\u2019assurer que les renseignements publi\u00e9s sont fiables. La Fondation des Lions du Canada Chiens-Guides ou Chiens-Guides Canada ne font aucune repr\u00e9sentation ou garantie de quelque nature que ce soit, expresse ou implicite, quant \u00e0 l\u2019exploitation de ce site ou aux renseignements, au contenu, au mat\u00e9riel, aux produits ou aux services inclus sur le pr\u00e9sent site. La d\u00e9charge de responsabilit\u00e9 inclut tout d\u00e9faut de rendement, erreur, omission, interruption, d\u00e9faut ou retard dans le fonctionnement ou la transmission, erreurs informatiques, d\u00e9faillance des lignes de communication, ou acc\u00e8s ou utilisation non autoris\u00e9s du site Web ou des informations transmises par le site Web. Les renseignements du site, y compris, mais sans s\u2019y limiter, les bulletins d\u2019information, les articles, les opinions et les points de vue, sont fournis uniquement comme renseignements \u00e9ducatifs. Tout renseignement cr\u00e9\u00e9 par nous est consid\u00e9r\u00e9 comme fiable au moment de sa publication. Malgr\u00e9 l\u2019utilisation de pare-feu, de logiciels antivirus et d\u2019autres mesures de s\u00e9curit\u00e9, La Fondation des Lions du Canada Chiens-Guides ne garantit pas que ce site, ses serveurs ou les courriels envoy\u00e9s par la Fondation des Lions du Canada Chiens-Guides sont exempts de virus ou d\u2019autres \u00e9l\u00e9ments nuisibles. La Fondation des Lions du Canada Chiens-Guides ne sera pas responsable des dommages de toute nature d\u00e9coulant de l\u2019utilisation de ce site, y compris, mais sans s\u2019y limiter, les dommages directs, indirects, accessoires, punitifs et cons\u00e9cutifs.<\/p>\n<p>Les renseignements publi\u00e9s sur le site Web peuvent \u00eatre modifi\u00e9s de temps \u00e0 autre sans pr\u00e9avis. Bien que le site Web soit destin\u00e9 \u00e0 \u00eatre mis \u00e0 jour de temps \u00e0 autre, aucune garantie n\u2019est offerte quant \u00e0 l\u2019actualit\u00e9 des renseignements. Les liens fournis sur notre site Web vers d\u2019autres sites, r\u00e9f\u00e9rences, services ou produits, ne signifient pas que nous approuvons ou soutenons ces sites Web, produits ou services. Les liens sont fournis \u00e0 des fins de commodit\u00e9 pour l\u2019utilisateur et ne doivent \u00eatre consult\u00e9s qu\u2019\u00e0 titre informatif. Nous ne pouvons \u00eatre tenus responsables de leur contenu ni de leurs pratiques en mati\u00e8re de confidentialit\u00e9.<\/p>\n<p>Le pr\u00e9sent site Web est canadien et les lois en vigueur dans la province de l\u2019Ontario r\u00e9gissent le pr\u00e9sent accord et tout litige ou r\u00e9clamation fond\u00e9s sur votre utilisation du site ou des renseignements qu\u2019il contient. Vous convenez que toute action ou proc\u00e9dure li\u00e9e au pr\u00e9sent accord ou \u00e0 votre utilisation du site ne peut \u00eatre intent\u00e9e que devant les tribunaux de la province de l\u2019Ontario[\/et_pb_text][\/et_pb_column][\/et_pb_row][\/et_pb_section]<\/p>\n","protected":false},"excerpt":{"rendered":"<p>Conditions g\u00e9n\u00e9rales Ce site www.dogguides.com est d\u00e9tenu et exploit\u00e9 par la Fondation des Lions du Canada Chiens-Guides. N\u2019h\u00e9sitez pas \u00e0 naviguer sur le site; toutefois, votre acc\u00e8s au site et votre utilisation de celui-ci sont assujettis aux conditions g\u00e9n\u00e9rales suivantes et \u00e0 toutes les lois applicables. En acc\u00e9dant au site et en le consultant, vous [&hellip;]<\/p>\n","protected":false},"author":2,"featured_media":0,"parent":0,"menu_order":8,"comment_status":"closed","ping_status":"closed","template":"","meta":{"_acf_changed":false,"_et_pb_use_builder":"on","_et_pb_old_content":"","_et_gb_content_width":"","_monsterinsights_skip_tracking":false,"_monsterinsights_sitenote_active":false,"_monsterinsights_sitenote_note":"","_monsterinsights_sitenote_category":0,"footnotes":""},"class_list":["post-1656","page","type-page","status-publish","hentry"],"acf":[],"yoast_head":"<!-- This site is optimized with the Yoast SEO plugin v24.9 - https:\/\/yoast.com\/wordpress\/plugins\/seo\/ -->\n<title>Conditions g\u00e9n\u00e9rales - Lions Foundation of Canada Dog Guides<\/title>\n<meta name=\"robots\" content=\"index, follow, max-snippet:-1, max-image-preview:large, max-video-preview:-1\" \/>\n<link rel=\"canonical\" href=\"https:\/\/www.dogguides.com\/fr\/conditions-generales\/\" \/>\n<meta property=\"og:locale\" content=\"fr_FR\" \/>\n<meta property=\"og:type\" content=\"article\" \/>\n<meta property=\"og:title\" content=\"Conditions g\u00e9n\u00e9rales - Lions Foundation of Canada Dog Guides\" \/>\n<meta property=\"og:description\" content=\"Conditions g\u00e9n\u00e9rales Ce site www.dogguides.com est d\u00e9tenu et exploit\u00e9 par la Fondation des Lions du Canada Chiens-Guides. N\u2019h\u00e9sitez pas \u00e0 naviguer sur le site; toutefois, votre acc\u00e8s au site et votre utilisation de celui-ci sont assujettis aux conditions g\u00e9n\u00e9rales suivantes et \u00e0 toutes les lois applicables. En acc\u00e9dant au site et en le consultant, vous [&hellip;]\" \/>\n<meta property=\"og:url\" content=\"https:\/\/www.dogguides.com\/fr\/conditions-generales\/\" \/>\n<meta property=\"og:site_name\" content=\"Lions Foundation of Canada Dog Guides\" \/>\n<meta property=\"article:publisher\" content=\"https:\/\/www.facebook.com\/LFCDogGuides\" \/>\n<meta property=\"article:modified_time\" content=\"2024-11-17T23:57:56+00:00\" \/>\n<meta property=\"og:image\" content=\"https:\/\/www.dogguides.com\/wp-content\/uploads\/2024\/07\/LFCDG-logo2013.jpg\" \/>\n\t<meta property=\"og:image:width\" content=\"1287\" \/>\n\t<meta property=\"og:image:height\" content=\"815\" \/>\n\t<meta property=\"og:image:type\" content=\"image\/jpeg\" \/>\n<meta name=\"twitter:card\" content=\"summary_large_image\" \/>\n<meta name=\"twitter:site\" content=\"@LFCDogGuides\" \/>\n<meta name=\"twitter:label1\" content=\"Dur\u00e9e de lecture estim\u00e9e\" \/>\n\t<meta name=\"twitter:data1\" content=\"4 minutes\" \/>\n<script type=\"application\/ld+json\" class=\"yoast-schema-graph\">{\"@context\":\"https:\/\/schema.org\",\"@graph\":[{\"@type\":\"WebPage\",\"@id\":\"https:\/\/www.dogguides.com\/fr\/conditions-generales\/\",\"url\":\"https:\/\/www.dogguides.com\/fr\/conditions-generales\/\",\"name\":\"Conditions g\u00e9n\u00e9rales - Lions Foundation of Canada Dog Guides\",\"isPartOf\":{\"@id\":\"https:\/\/www.dogguides.com\/fr\/#website\"},\"datePublished\":\"2022-04-07T23:19:00+00:00\",\"dateModified\":\"2024-11-17T23:57:56+00:00\",\"breadcrumb\":{\"@id\":\"https:\/\/www.dogguides.com\/fr\/conditions-generales\/#breadcrumb\"},\"inLanguage\":\"fr-FR\",\"potentialAction\":[{\"@type\":\"ReadAction\",\"target\":[\"https:\/\/www.dogguides.com\/fr\/conditions-generales\/\"]}]},{\"@type\":\"BreadcrumbList\",\"@id\":\"https:\/\/www.dogguides.com\/fr\/conditions-generales\/#breadcrumb\",\"itemListElement\":[{\"@type\":\"ListItem\",\"position\":1,\"name\":\"Maison\",\"item\":\"https:\/\/www.dogguides.com\/fr\/bienvenue\/\"},{\"@type\":\"ListItem\",\"position\":2,\"name\":\"Conditions g\u00e9n\u00e9rales\"}]},{\"@type\":\"WebSite\",\"@id\":\"https:\/\/www.dogguides.com\/fr\/#website\",\"url\":\"https:\/\/www.dogguides.com\/fr\/\",\"name\":\"Lions Foundation of Canada Dog Guides\",\"description\":\"Donner aux Canadiens les moyens de naviguer dans le monde avec confiance et ind\u00e9pendance\",\"publisher\":{\"@id\":\"https:\/\/www.dogguides.com\/fr\/#organization\"},\"potentialAction\":[{\"@type\":\"SearchAction\",\"target\":{\"@type\":\"EntryPoint\",\"urlTemplate\":\"https:\/\/www.dogguides.com\/fr\/?s={search_term_string}\"},\"query-input\":{\"@type\":\"PropertyValueSpecification\",\"valueRequired\":true,\"valueName\":\"search_term_string\"}}],\"inLanguage\":\"fr-FR\"},{\"@type\":\"Organization\",\"@id\":\"https:\/\/www.dogguides.com\/fr\/#organization\",\"name\":\"Lions Foundation of Canada Dog Guides\",\"url\":\"https:\/\/www.dogguides.com\/fr\/\",\"logo\":{\"@type\":\"ImageObject\",\"inLanguage\":\"fr-FR\",\"@id\":\"https:\/\/www.dogguides.com\/fr\/#\/schema\/logo\/image\/\",\"url\":\"https:\/\/www.dogguides.com\/wp-content\/uploads\/2024\/07\/LFCDG-logo2013.jpg\",\"contentUrl\":\"https:\/\/www.dogguides.com\/wp-content\/uploads\/2024\/07\/LFCDG-logo2013.jpg\",\"width\":1287,\"height\":815,\"caption\":\"Lions Foundation of Canada Dog Guides\"},\"image\":{\"@id\":\"https:\/\/www.dogguides.com\/fr\/#\/schema\/logo\/image\/\"},\"sameAs\":[\"https:\/\/www.facebook.com\/LFCDogGuides\",\"https:\/\/x.com\/LFCDogGuides\",\"https:\/\/www.instagram.com\/lfcdogguides\/\",\"https:\/\/www.youtube.com\/user\/dogguidescanada\"]}]}<\/script>\n<!-- \/ Yoast SEO plugin. -->","yoast_head_json":{"title":"Conditions g\u00e9n\u00e9rales - Lions Foundation of Canada Dog Guides","robots":{"index":"index","follow":"follow","max-snippet":"max-snippet:-1","max-image-preview":"max-image-preview:large","max-video-preview":"max-video-preview:-1"},"canonical":"https:\/\/www.dogguides.com\/fr\/conditions-generales\/","og_locale":"fr_FR","og_type":"article","og_title":"Conditions g\u00e9n\u00e9rales - Lions Foundation of Canada Dog Guides","og_description":"Conditions g\u00e9n\u00e9rales Ce site www.dogguides.com est d\u00e9tenu et exploit\u00e9 par la Fondation des Lions du Canada Chiens-Guides. N\u2019h\u00e9sitez pas \u00e0 naviguer sur le site; toutefois, votre acc\u00e8s au site et votre utilisation de celui-ci sont assujettis aux conditions g\u00e9n\u00e9rales suivantes et \u00e0 toutes les lois applicables. En acc\u00e9dant au site et en le consultant, vous [&hellip;]","og_url":"https:\/\/www.dogguides.com\/fr\/conditions-generales\/","og_site_name":"Lions Foundation of Canada Dog Guides","article_publisher":"https:\/\/www.facebook.com\/LFCDogGuides","article_modified_time":"2024-11-17T23:57:56+00:00","og_image":[{"width":1287,"height":815,"url":"https:\/\/www.dogguides.com\/wp-content\/uploads\/2024\/07\/LFCDG-logo2013.jpg","type":"image\/jpeg"}],"twitter_card":"summary_large_image","twitter_site":"@LFCDogGuides","twitter_misc":{"Dur\u00e9e de lecture estim\u00e9e":"4 minutes"},"schema":{"@context":"https:\/\/schema.org","@graph":[{"@type":"WebPage","@id":"https:\/\/www.dogguides.com\/fr\/conditions-generales\/","url":"https:\/\/www.dogguides.com\/fr\/conditions-generales\/","name":"Conditions g\u00e9n\u00e9rales - Lions Foundation of Canada Dog Guides","isPartOf":{"@id":"https:\/\/www.dogguides.com\/fr\/#website"},"datePublished":"2022-04-07T23:19:00+00:00","dateModified":"2024-11-17T23:57:56+00:00","breadcrumb":{"@id":"https:\/\/www.dogguides.com\/fr\/conditions-generales\/#breadcrumb"},"inLanguage":"fr-FR","potentialAction":[{"@type":"ReadAction","target":["https:\/\/www.dogguides.com\/fr\/conditions-generales\/"]}]},{"@type":"BreadcrumbList","@id":"https:\/\/www.dogguides.com\/fr\/conditions-generales\/#breadcrumb","itemListElement":[{"@type":"ListItem","position":1,"name":"Maison","item":"https:\/\/www.dogguides.com\/fr\/bienvenue\/"},{"@type":"ListItem","position":2,"name":"Conditions g\u00e9n\u00e9rales"}]},{"@type":"WebSite","@id":"https:\/\/www.dogguides.com\/fr\/#website","url":"https:\/\/www.dogguides.com\/fr\/","name":"Lions Foundation of Canada Dog Guides","description":"Donner aux Canadiens les moyens de naviguer dans le monde avec confiance et ind\u00e9pendance","publisher":{"@id":"https:\/\/www.dogguides.com\/fr\/#organization"},"potentialAction":[{"@type":"SearchAction","target":{"@type":"EntryPoint","urlTemplate":"https:\/\/www.dogguides.com\/fr\/?s={search_term_string}"},"query-input":{"@type":"PropertyValueSpecification","valueRequired":true,"valueName":"search_term_string"}}],"inLanguage":"fr-FR"},{"@type":"Organization","@id":"https:\/\/www.dogguides.com\/fr\/#organization","name":"Lions Foundation of Canada Dog Guides","url":"https:\/\/www.dogguides.com\/fr\/","logo":{"@type":"ImageObject","inLanguage":"fr-FR","@id":"https:\/\/www.dogguides.com\/fr\/#\/schema\/logo\/image\/","url":"https:\/\/www.dogguides.com\/wp-content\/uploads\/2024\/07\/LFCDG-logo2013.jpg","contentUrl":"https:\/\/www.dogguides.com\/wp-content\/uploads\/2024\/07\/LFCDG-logo2013.jpg","width":1287,"height":815,"caption":"Lions Foundation of Canada Dog Guides"},"image":{"@id":"https:\/\/www.dogguides.com\/fr\/#\/schema\/logo\/image\/"},"sameAs":["https:\/\/www.facebook.com\/LFCDogGuides","https:\/\/x.com\/LFCDogGuides","https:\/\/www.instagram.com\/lfcdogguides\/","https:\/\/www.youtube.com\/user\/dogguidescanada"]}]}},"_links":{"self":[{"href":"https:\/\/www.dogguides.com\/fr\/wp-json\/wp\/v2\/pages\/1656","targetHints":{"allow":["GET"]}}],"collection":[{"href":"https:\/\/www.dogguides.com\/fr\/wp-json\/wp\/v2\/pages"}],"about":[{"href":"https:\/\/www.dogguides.com\/fr\/wp-json\/wp\/v2\/types\/page"}],"author":[{"embeddable":true,"href":"https:\/\/www.dogguides.com\/fr\/wp-json\/wp\/v2\/users\/2"}],"replies":[{"embeddable":true,"href":"https:\/\/www.dogguides.com\/fr\/wp-json\/wp\/v2\/comments?post=1656"}],"version-history":[{"count":0,"href":"https:\/\/www.dogguides.com\/fr\/wp-json\/wp\/v2\/pages\/1656\/revisions"}],"wp:attachment":[{"href":"https:\/\/www.dogguides.com\/fr\/wp-json\/wp\/v2\/media?parent=1656"}],"curies":[{"name":"wp","href":"https:\/\/api.w.org\/{rel}","templated":true}]}}