{"id":1657,"date":"2022-01-24T22:03:12","date_gmt":"2022-01-25T03:03:12","guid":{"rendered":"https:\/\/lfdg.wpengine.com\/comment-aider\/"},"modified":"2024-11-17T23:43:19","modified_gmt":"2024-11-18T04:43:19","slug":"comment-aider","status":"publish","type":"page","link":"https:\/\/www.dogguides.com\/fr\/comment-aider\/","title":{"rendered":"Aidez-nous \u00e0 lib\u00e9rer le potentiel"},"content":{"rendered":"<p>[et_pb_section fb_built=\u00a0\u00bb1&Prime; _builder_version=\u00a0\u00bb4.27.0&Prime; _module_preset=\u00a0\u00bbdefault\u00a0\u00bb background_color=\u00a0\u00bb#FFFFFF\u00a0\u00bb background_enable_image=\u00a0\u00bboff\u00a0\u00bb width=\u00a0\u00bb100%\u00a0\u00bb max_width=\u00a0\u00bb100%\u00a0\u00bb module_alignment=\u00a0\u00bbcenter\u00a0\u00bb min_height=\u00a0\u00bb40vw\u00a0\u00bb custom_margin=\u00a0\u00bb||||false|false\u00a0\u00bb custom_padding=\u00a0\u00bb0px||0px||false|false\u00a0\u00bb locked=\u00a0\u00bboff\u00a0\u00bb global_colors_info=\u00a0\u00bb{}\u00a0\u00bb theme_builder_area=\u00a0\u00bbpost_content\u00a0\u00bb][et_pb_row column_structure=\u00a0\u00bb1_2,1_2&Prime; use_custom_gutter=\u00a0\u00bbon\u00a0\u00bb make_equal=\u00a0\u00bbon\u00a0\u00bb _builder_version=\u00a0\u00bb4.27.0&Prime; _dynamic_attributes=\u00a0\u00bbbackground_image\u00a0\u00bb _module_preset=\u00a0\u00bbdefault\u00a0\u00bb background_image=\u00a0\u00bb@ET-DC@eyJkeW5hbWljIjp0cnVlLCJjb250ZW50IjoicG9zdF9mZWF0dXJlZF9pbWFnZSIsInNldHRpbmdzIjp7fX0=@\u00a0\u00bb width=\u00a0\u00bb100%\u00a0\u00bb max_width=\u00a0\u00bb1600px\u00a0\u00bb module_alignment=\u00a0\u00bbcenter\u00a0\u00bb min_height=\u00a0\u00bb40vw\u00a0\u00bb custom_margin=\u00a0\u00bb|auto|0px|auto|false|false\u00a0\u00bb global_colors_info=\u00a0\u00bb{}\u00a0\u00bb theme_builder_area=\u00a0\u00bbpost_content\u00a0\u00bb][et_pb_column type=\u00a0\u00bb1_2&Prime; _builder_version=\u00a0\u00bb4.27.0&Prime; _module_preset=\u00a0\u00bbdefault\u00a0\u00bb custom_padding=\u00a0\u00bb|40px||40px|false|false\u00a0\u00bb global_colors_info=\u00a0\u00bb{}\u00a0\u00bb theme_builder_area=\u00a0\u00bbpost_content\u00a0\u00bb][et_pb_text _builder_version=\u00a0\u00bb4.27.2&Prime; _module_preset=\u00a0\u00bbdefault\u00a0\u00bb text_font_size=\u00a0\u00bb20px\u00a0\u00bb text_line_height=\u00a0\u00bb1.8em\u00a0\u00bb header_font=\u00a0\u00bb|700|||||||\u00a0\u00bb header_font_size=\u00a0\u00bb35px\u00a0\u00bb header_line_height=\u00a0\u00bb1.2em\u00a0\u00bb background_color=\u00a0\u00bb#FFFFFF\u00a0\u00bb transform_scale_last_edited=\u00a0\u00bboff|desktop\u00a0\u00bb transform_translate_tablet=\u00a0\u00bb-60px|42px\u00a0\u00bb transform_translate_phone=\u00a0\u00bb0px|0px\u00a0\u00bb transform_translate_last_edited=\u00a0\u00bboff|desktop\u00a0\u00bb transform_rotate_last_edited=\u00a0\u00bboff|desktop\u00a0\u00bb transform_skew_last_edited=\u00a0\u00bboff|desktop\u00a0\u00bb transform_origin=\u00a0\u00bb100%|50%\u00a0\u00bb transform_origin_tablet=\u00a0\u00bb100%|50%\u00a0\u00bb transform_origin_phone=\u00a0\u00bb50%|50%\u00a0\u00bb transform_origin_last_edited=\u00a0\u00bboff|desktop\u00a0\u00bb transform_styles_last_edited=\u00a0\u00bboff|desktop\u00a0\u00bb position_origin_a=\u00a0\u00bbbottom_left\u00a0\u00bb position_origin_f=\u00a0\u00bbbottom_left\u00a0\u00bb position_origin_r=\u00a0\u00bbbottom_left\u00a0\u00bb width=\u00a0\u00bb100%\u00a0\u00bb width_tablet=\u00a0\u00bb100%\u00a0\u00bb width_phone=\u00a0\u00bb95%\u00a0\u00bb width_last_edited=\u00a0\u00bboff|desktop\u00a0\u00bb module_alignment=\u00a0\u00bbcenter\u00a0\u00bb custom_margin=\u00a0\u00bb20vh||||false|false\u00a0\u00bb custom_margin_phone=\u00a0\u00bb15vh||||false|false\u00a0\u00bb custom_margin_last_edited=\u00a0\u00bboff|phone\u00a0\u00bb custom_padding=\u00a0\u00bb40px|40px|40px|40px|false|false\u00a0\u00bb hover_enabled=\u00a0\u00bb0&Prime; module_alignment_tablet=\u00a0\u00bbleft\u00a0\u00bb module_alignment_phone=\u00a0\u00bbcenter\u00a0\u00bb module_alignment_last_edited=\u00a0\u00bboff|desktop\u00a0\u00bb border_radii=\u00a0\u00bbon|15px|15px|15px|15px\u00a0\u00bb border_width_all=\u00a0\u00bb1px\u00a0\u00bb border_color_all=\u00a0\u00bb#cccccc\u00a0\u00bb box_shadow_style=\u00a0\u00bbpreset3&Prime; locked=\u00a0\u00bboff\u00a0\u00bb global_colors_info=\u00a0\u00bb{}\u00a0\u00bb theme_builder_area=\u00a0\u00bbpost_content\u00a0\u00bb sticky_enabled=\u00a0\u00bb0&Prime;]<\/p>\n<h1> Aidez-nous \u00e0 lib\u00e9rer le potentiel <\/h1>\n<p> En l&rsquo;absence de financement gouvernemental, les Chiens-Guides d\u00e9pendent fortement du soutien de nos b\u00e9n\u00e9voles et de nos partenaires corporatifs et commanditaires.<\/p>\n<p>[\/et_pb_text][\/et_pb_column][et_pb_column type=\u00a0\u00bb1_2&Prime; _builder_version=\u00a0\u00bb4.25.0&Prime; _module_preset=\u00a0\u00bbdefault\u00a0\u00bb global_colors_info=\u00a0\u00bb{}\u00a0\u00bb theme_builder_area=\u00a0\u00bbpost_content\u00a0\u00bb][\/et_pb_column][\/et_pb_row][\/et_pb_section][et_pb_section fb_built=\u00a0\u00bb1&Prime; _builder_version=\u00a0\u00bb4.27.0&Prime; _module_preset=\u00a0\u00bbdefault\u00a0\u00bb background_color=\u00a0\u00bb#FFFFFF\u00a0\u00bb locked=\u00a0\u00bboff\u00a0\u00bb global_colors_info=\u00a0\u00bb{}\u00a0\u00bb theme_builder_area=\u00a0\u00bbpost_content\u00a0\u00bb][et_pb_row _builder_version=\u00a0\u00bb4.27.0&Prime; _module_preset=\u00a0\u00bbdefault\u00a0\u00bb global_colors_info=\u00a0\u00bb{}\u00a0\u00bb theme_builder_area=\u00a0\u00bbpost_content\u00a0\u00bb][et_pb_column type=\u00a0\u00bb4_4&Prime; _builder_version=\u00a0\u00bb4.27.0&Prime; _module_preset=\u00a0\u00bbdefault\u00a0\u00bb global_colors_info=\u00a0\u00bb{}\u00a0\u00bb theme_builder_area=\u00a0\u00bbpost_content\u00a0\u00bb][et_pb_text admin_label=\u00a0\u00bbWith Thanks to the Pet Value Team\u00a0\u00bb _builder_version=\u00a0\u00bb4.27.2&Prime; _module_preset=\u00a0\u00bbdefault\u00a0\u00bb header_2_font=\u00a0\u00bb|700|||||||\u00a0\u00bb header_2_text_align=\u00a0\u00bbcenter\u00a0\u00bb header_2_text_color=\u00a0\u00bb#000000&Prime; header_2_font_size=\u00a0\u00bb30px\u00a0\u00bb header_3_text_color=\u00a0\u00bb#000000&Prime; hover_enabled=\u00a0\u00bb0&Prime; global_colors_info=\u00a0\u00bb{}\u00a0\u00bb theme_builder_area=\u00a0\u00bbpost_content\u00a0\u00bb sticky_enabled=\u00a0\u00bb0&Prime;]<\/p>\n<h2> B\u00e9n\u00e9volat et Parrainages <\/h2>\n<p>[\/et_pb_text][\/et_pb_column][\/et_pb_row][et_pb_row column_structure=\u00a0\u00bb2_5,3_5&Prime; make_equal=\u00a0\u00bbon\u00a0\u00bb _builder_version=\u00a0\u00bb4.27.0&Prime; _module_preset=\u00a0\u00bbdefault\u00a0\u00bb custom_margin=\u00a0\u00bb40px||||false|false\u00a0\u00bb global_colors_info=\u00a0\u00bb{}\u00a0\u00bb theme_builder_area=\u00a0\u00bbpost_content\u00a0\u00bb][et_pb_column type=\u00a0\u00bb2_5&Prime; _builder_version=\u00a0\u00bb4.27.0&Prime; _module_preset=\u00a0\u00bbdefault\u00a0\u00bb global_colors_info=\u00a0\u00bb{}\u00a0\u00bb theme_builder_area=\u00a0\u00bbpost_content\u00a0\u00bb][et_pb_image src=\u00a0\u00bbhttps:\/\/www.dogguides.com\/wp-content\/uploads\/2022\/06\/puppy-sitter.png\u00a0\u00bb title_text=\u00a0\u00bbpuppy-sitter\u00a0\u00bb _builder_version=\u00a0\u00bb4.27.2&Prime; _module_preset=\u00a0\u00bbdefault\u00a0\u00bb hover_enabled=\u00a0\u00bb0&Prime; box_shadow_style=\u00a0\u00bbpreset2&Prime; global_colors_info=\u00a0\u00bb{}\u00a0\u00bb theme_builder_area=\u00a0\u00bbpost_content\u00a0\u00bb alt=\u00a0\u00bbHomme tenant un futur chiot Chien-Guide\u00a0\u00bb sticky_enabled=\u00a0\u00bb0&Prime;][\/et_pb_image][\/et_pb_column][et_pb_column type=\u00a0\u00bb3_5&Prime; _builder_version=\u00a0\u00bb4.27.0&Prime; _module_preset=\u00a0\u00bbdefault\u00a0\u00bb custom_padding=\u00a0\u00bb||||false|false\u00a0\u00bb global_colors_info=\u00a0\u00bb{}\u00a0\u00bb theme_builder_area=\u00a0\u00bbpost_content\u00a0\u00bb][et_pb_text _builder_version=\u00a0\u00bb4.27.2&Prime; _module_preset=\u00a0\u00bbdefault\u00a0\u00bb text_font=\u00a0\u00bb||||||||\u00a0\u00bb text_font_size=\u00a0\u00bb18px\u00a0\u00bb text_line_height=\u00a0\u00bb1.4em\u00a0\u00bb header_text_align=\u00a0\u00bbleft\u00a0\u00bb header_3_font=\u00a0\u00bb|800|||||||\u00a0\u00bb header_3_text_align=\u00a0\u00bbleft\u00a0\u00bb positioning=\u00a0\u00bbrelative\u00a0\u00bb z_index=\u00a0\u00bb2&Prime; hover_enabled=\u00a0\u00bb0&Prime; custom_css_main_element=\u00a0\u00bbdisplay:flex;||flex-direction:column;\u00a0\u00bb global_colors_info=\u00a0\u00bb{}\u00a0\u00bb theme_builder_area=\u00a0\u00bbpost_content\u00a0\u00bb sticky_enabled=\u00a0\u00bb0&Prime; header_2_font=\u00a0\u00bb|700|||||||\u00a0\u00bb header_2_font_size=\u00a0\u00bb30px\u00a0\u00bb]<\/p>\n<h2>Possibilit\u00e9s de b\u00e9n\u00e9volat<\/h2>\n<p>Nous accueillons petit \u00e0 petit des b\u00e9n\u00e9voles dans nos installations. Pour le moment, nous nous concentrons sur les b\u00e9n\u00e9voles existants pour aider dans nos chenils. Les opportunit\u00e9s pour les nouveaux b\u00e9n\u00e9voles incluent <a href=\"https:\/\/www.dogguides.com\/fr\/comment-aider\/programme-de-chiots\/\">l\u2019\u00e9levage d&rsquo;un chiot<\/a>, <a href=\"https:\/\/www.dogguides.com\/fr\/comment-aider\/programme-de-chiots\/\">\u00eatre gardien sp\u00e9cialis\u00e9<\/a>, la collecte de fonds et la participation \u00e0 des <a href=\"https:\/\/www.dogguides.com\/fr\/comment-aider\/evenements-de-collecte-de-fonds\/\">\u00e9v\u00e9nements<\/a>, y compris notre Promenade annuelle <a style=\"font-size: 1.125rem;\" href=\"http:\/\/www.walkfordogguides.com\" target=\"_blank\" rel=\"noopener\">Pet Valu pour les Chiens- Guides<\/a>.[\/et_pb_text][et_pb_button button_url=\u00a0\u00bbhttps:\/\/www.dogguides.com\/fr\/comment-aider\/possibilites-de-benevolat\/\u00a0\u00bb button_text=\u00a0\u00bbEn savoir plus\u00a0\u00bb button_alignment=\u00a0\u00bbleft\u00a0\u00bb button_alignment_tablet=\u00a0\u00bbleft\u00a0\u00bb button_alignment_phone=\u00a0\u00bbcenter\u00a0\u00bb button_alignment_last_edited=\u00a0\u00bbon|phone\u00a0\u00bb _builder_version=\u00a0\u00bb4.27.2&Prime; _module_preset=\u00a0\u00bbdefault\u00a0\u00bb custom_button=\u00a0\u00bbon\u00a0\u00bb button_text_color=\u00a0\u00bb#000000&Prime; button_border_color=\u00a0\u00bb#000000&Prime; button_border_radius=\u00a0\u00bb8px\u00a0\u00bb button_font=\u00a0\u00bb|600|||||||\u00a0\u00bb custom_margin=\u00a0\u00bb||20px||false|false\u00a0\u00bb custom_padding=\u00a0\u00bb||||false|false\u00a0\u00bb hover_enabled=\u00a0\u00bb0&Prime; button_text_size_tablet=\u00a0\u00bb20px\u00a0\u00bb button_text_size_phone=\u00a0\u00bb14px\u00a0\u00bb button_text_size_last_edited=\u00a0\u00bbon|phone\u00a0\u00bb box_shadow_style=\u00a0\u00bbpreset2&Prime; global_colors_info=\u00a0\u00bb{}\u00a0\u00bb button_text_color__hover_enabled=\u00a0\u00bbon|hover\u00a0\u00bb button_text_color__hover=\u00a0\u00bb#FFFFFF\u00a0\u00bb button_bg_color__hover_enabled=\u00a0\u00bbon|hover\u00a0\u00bb button_bg_color__hover=\u00a0\u00bb#000000&Prime; button_bg_enable_color__hover=\u00a0\u00bbon\u00a0\u00bb theme_builder_area=\u00a0\u00bbpost_content\u00a0\u00bb sticky_enabled=\u00a0\u00bb0&Prime;][\/et_pb_button][\/et_pb_column][\/et_pb_row][et_pb_row column_structure=\u00a0\u00bb3_5,2_5&Prime; make_equal=\u00a0\u00bbon\u00a0\u00bb _builder_version=\u00a0\u00bb4.27.0&Prime; _module_preset=\u00a0\u00bbdefault\u00a0\u00bb custom_margin=\u00a0\u00bb40px||||false|false\u00a0\u00bb global_colors_info=\u00a0\u00bb{}\u00a0\u00bb theme_builder_area=\u00a0\u00bbpost_content\u00a0\u00bb][et_pb_column type=\u00a0\u00bb3_5&Prime; _builder_version=\u00a0\u00bb4.27.0&Prime; _module_preset=\u00a0\u00bbdefault\u00a0\u00bb global_colors_info=\u00a0\u00bb{}\u00a0\u00bb theme_builder_area=\u00a0\u00bbpost_content\u00a0\u00bb][et_pb_text _builder_version=\u00a0\u00bb4.27.2&Prime; _module_preset=\u00a0\u00bbdefault\u00a0\u00bb text_font=\u00a0\u00bb||||||||\u00a0\u00bb text_font_size=\u00a0\u00bb18px\u00a0\u00bb text_line_height=\u00a0\u00bb1.4em\u00a0\u00bb header_text_align=\u00a0\u00bbleft\u00a0\u00bb header_3_font=\u00a0\u00bb|800|||||||\u00a0\u00bb header_3_text_align=\u00a0\u00bbleft\u00a0\u00bb positioning=\u00a0\u00bbrelative\u00a0\u00bb z_index=\u00a0\u00bb2&Prime; hover_enabled=\u00a0\u00bb0&Prime; custom_css_main_element=\u00a0\u00bbdisplay:flex;||flex-direction:column;\u00a0\u00bb global_colors_info=\u00a0\u00bb{}\u00a0\u00bb theme_builder_area=\u00a0\u00bbpost_content\u00a0\u00bb sticky_enabled=\u00a0\u00bb0&Prime; header_2_font=\u00a0\u00bb|700|||||||\u00a0\u00bb header_2_font_size=\u00a0\u00bb30px\u00a0\u00bb]<\/p>\n<h2>Dons d\u2019entreprise et commandites<\/h2>\n<p>Nos entreprises partenaires et commanditaires jouent un r\u00f4le essentiel en nous aidant \u00e0 fournir gratuitement des chiens-guides aux Canadiens vivant avec un handicap, leur permettant de naviguer dans leur vie avec confiance et ind\u00e9pendance.<br \/>\n[\/et_pb_text][et_pb_button button_url=\u00a0\u00bbhttps:\/\/www.dogguides.com\/fr\/comment-aider\/dons-dentreprise-et-commandites\/\u00a0\u00bb button_text=\u00a0\u00bbEn savoir plus\u00a0\u00bb button_alignment=\u00a0\u00bbleft\u00a0\u00bb button_alignment_tablet=\u00a0\u00bbleft\u00a0\u00bb button_alignment_phone=\u00a0\u00bbcenter\u00a0\u00bb button_alignment_last_edited=\u00a0\u00bbon|phone\u00a0\u00bb _builder_version=\u00a0\u00bb4.27.2&Prime; _module_preset=\u00a0\u00bbdefault\u00a0\u00bb custom_button=\u00a0\u00bbon\u00a0\u00bb button_text_color=\u00a0\u00bb#000000&Prime; button_border_color=\u00a0\u00bb#000000&Prime; button_border_radius=\u00a0\u00bb8px\u00a0\u00bb button_font=\u00a0\u00bb|600|||||||\u00a0\u00bb custom_margin=\u00a0\u00bb||20px||false|false\u00a0\u00bb custom_padding=\u00a0\u00bb||||false|false\u00a0\u00bb hover_enabled=\u00a0\u00bb0&Prime; button_text_size_tablet=\u00a0\u00bb20px\u00a0\u00bb button_text_size_phone=\u00a0\u00bb14px\u00a0\u00bb button_text_size_last_edited=\u00a0\u00bbon|phone\u00a0\u00bb box_shadow_style=\u00a0\u00bbpreset2&Prime; global_colors_info=\u00a0\u00bb{}\u00a0\u00bb button_text_color__hover_enabled=\u00a0\u00bbon|hover\u00a0\u00bb button_text_color__hover=\u00a0\u00bb#FFFFFF\u00a0\u00bb button_bg_color__hover_enabled=\u00a0\u00bbon|hover\u00a0\u00bb button_bg_color__hover=\u00a0\u00bb#000000&Prime; button_bg_enable_color__hover=\u00a0\u00bbon\u00a0\u00bb theme_builder_area=\u00a0\u00bbpost_content\u00a0\u00bb sticky_enabled=\u00a0\u00bb0&Prime;][\/et_pb_button][\/et_pb_column][et_pb_column type=\u00a0\u00bb2_5&Prime; _builder_version=\u00a0\u00bb4.27.0&Prime; _module_preset=\u00a0\u00bbdefault\u00a0\u00bb custom_padding=\u00a0\u00bb||||false|false\u00a0\u00bb global_colors_info=\u00a0\u00bb{}\u00a0\u00bb theme_builder_area=\u00a0\u00bbpost_content\u00a0\u00bb][et_pb_image src=\u00a0\u00bbhttps:\/\/www.dogguides.com\/wp-content\/uploads\/2022\/06\/dog-guide-team.png\u00a0\u00bb title_text=\u00a0\u00bbdog-guide-team\u00a0\u00bb _builder_version=\u00a0\u00bb4.27.2&Prime; _module_preset=\u00a0\u00bbdefault\u00a0\u00bb hover_enabled=\u00a0\u00bb0&Prime; box_shadow_style=\u00a0\u00bbpreset2&Prime; global_colors_info=\u00a0\u00bb{}\u00a0\u00bb theme_builder_area=\u00a0\u00bbpost_content\u00a0\u00bb alt=\u00a0\u00bbJeune fille avec son chien guide d&#039;alerte diab\u00e9tique\u00a0\u00bb sticky_enabled=\u00a0\u00bb0&Prime;][\/et_pb_image][\/et_pb_column][\/et_pb_row][\/et_pb_section]<\/p>\n","protected":false},"excerpt":{"rendered":"<p>Aidez-nous \u00e0 lib\u00e9rer le potentiel En l&rsquo;absence de financement gouvernemental, les Chiens-Guides d\u00e9pendent fortement du soutien de nos b\u00e9n\u00e9voles et de nos partenaires corporatifs et commanditaires. B\u00e9n\u00e9volat et Parrainages Possibilit\u00e9s de b\u00e9n\u00e9volat Nous accueillons petit \u00e0 petit des b\u00e9n\u00e9voles dans nos installations. Pour le moment, nous nous concentrons sur les b\u00e9n\u00e9voles existants pour aider dans [&hellip;]<\/p>\n","protected":false},"author":2,"featured_media":1379,"parent":0,"menu_order":73,"comment_status":"closed","ping_status":"closed","template":"","meta":{"_acf_changed":false,"_et_pb_use_builder":"on","_et_pb_old_content":"","_et_gb_content_width":"","_monsterinsights_skip_tracking":false,"_monsterinsights_sitenote_active":false,"_monsterinsights_sitenote_note":"","_monsterinsights_sitenote_category":0,"footnotes":""},"class_list":["post-1657","page","type-page","status-publish","has-post-thumbnail","hentry"],"acf":[],"yoast_head":"<!-- This site is optimized with the Yoast SEO plugin v24.9 - https:\/\/yoast.com\/wordpress\/plugins\/seo\/ -->\n<title>Aidez-nous \u00e0 lib\u00e9rer le potentiel - Lions Foundation of Canada Dog Guides<\/title>\n<meta name=\"robots\" content=\"index, follow, max-snippet:-1, max-image-preview:large, max-video-preview:-1\" \/>\n<link rel=\"canonical\" href=\"https:\/\/www.dogguides.com\/fr\/comment-aider\/\" \/>\n<meta property=\"og:locale\" content=\"fr_FR\" \/>\n<meta property=\"og:type\" content=\"article\" \/>\n<meta property=\"og:title\" content=\"Aidez-nous \u00e0 lib\u00e9rer le potentiel - Lions Foundation of Canada Dog Guides\" \/>\n<meta property=\"og:description\" content=\"Aidez-nous \u00e0 lib\u00e9rer le potentiel En l&#039;absence de financement gouvernemental, les Chiens-Guides d\u00e9pendent fortement du soutien de nos b\u00e9n\u00e9voles et de nos partenaires corporatifs et commanditaires. B\u00e9n\u00e9volat et Parrainages Possibilit\u00e9s de b\u00e9n\u00e9volat Nous accueillons petit \u00e0 petit des b\u00e9n\u00e9voles dans nos installations. Pour le moment, nous nous concentrons sur les b\u00e9n\u00e9voles existants pour aider dans [&hellip;]\" \/>\n<meta property=\"og:url\" content=\"https:\/\/www.dogguides.com\/fr\/comment-aider\/\" \/>\n<meta property=\"og:site_name\" content=\"Lions Foundation of Canada Dog Guides\" \/>\n<meta property=\"article:publisher\" content=\"https:\/\/www.facebook.com\/LFCDogGuides\" \/>\n<meta property=\"article:modified_time\" content=\"2024-11-18T04:43:19+00:00\" \/>\n<meta property=\"og:image\" content=\"https:\/\/www.dogguides.com\/wp-content\/uploads\/2022\/08\/DG-with-remote-scaled.jpg\" \/>\n\t<meta property=\"og:image:width\" content=\"2560\" \/>\n\t<meta property=\"og:image:height\" content=\"1276\" \/>\n\t<meta property=\"og:image:type\" content=\"image\/jpeg\" \/>\n<meta name=\"twitter:card\" content=\"summary_large_image\" \/>\n<meta name=\"twitter:site\" content=\"@LFCDogGuides\" \/>\n<meta name=\"twitter:label1\" content=\"Dur\u00e9e de lecture estim\u00e9e\" \/>\n\t<meta name=\"twitter:data1\" content=\"6 minutes\" \/>\n<script type=\"application\/ld+json\" class=\"yoast-schema-graph\">{\"@context\":\"https:\/\/schema.org\",\"@graph\":[{\"@type\":\"WebPage\",\"@id\":\"https:\/\/www.dogguides.com\/fr\/comment-aider\/\",\"url\":\"https:\/\/www.dogguides.com\/fr\/comment-aider\/\",\"name\":\"Aidez-nous \u00e0 lib\u00e9rer le potentiel - Lions Foundation of Canada Dog Guides\",\"isPartOf\":{\"@id\":\"https:\/\/www.dogguides.com\/fr\/#website\"},\"primaryImageOfPage\":{\"@id\":\"https:\/\/www.dogguides.com\/fr\/comment-aider\/#primaryimage\"},\"image\":{\"@id\":\"https:\/\/www.dogguides.com\/fr\/comment-aider\/#primaryimage\"},\"thumbnailUrl\":\"https:\/\/www.dogguides.com\/wp-content\/uploads\/2022\/08\/DG-with-remote-scaled.jpg\",\"datePublished\":\"2022-01-25T03:03:12+00:00\",\"dateModified\":\"2024-11-18T04:43:19+00:00\",\"breadcrumb\":{\"@id\":\"https:\/\/www.dogguides.com\/fr\/comment-aider\/#breadcrumb\"},\"inLanguage\":\"fr-FR\",\"potentialAction\":[{\"@type\":\"ReadAction\",\"target\":[\"https:\/\/www.dogguides.com\/fr\/comment-aider\/\"]}]},{\"@type\":\"ImageObject\",\"inLanguage\":\"fr-FR\",\"@id\":\"https:\/\/www.dogguides.com\/fr\/comment-aider\/#primaryimage\",\"url\":\"https:\/\/www.dogguides.com\/wp-content\/uploads\/2022\/08\/DG-with-remote-scaled.jpg\",\"contentUrl\":\"https:\/\/www.dogguides.com\/wp-content\/uploads\/2022\/08\/DG-with-remote-scaled.jpg\",\"width\":2560,\"height\":1276,\"caption\":\"Gar\u00e7on avec un chien-guide d'alerte diab\u00e9tique allant chercher un kit\"},{\"@type\":\"BreadcrumbList\",\"@id\":\"https:\/\/www.dogguides.com\/fr\/comment-aider\/#breadcrumb\",\"itemListElement\":[{\"@type\":\"ListItem\",\"position\":1,\"name\":\"Maison\",\"item\":\"https:\/\/www.dogguides.com\/fr\/bienvenue\/\"},{\"@type\":\"ListItem\",\"position\":2,\"name\":\"Aidez-nous \u00e0 lib\u00e9rer le potentiel\"}]},{\"@type\":\"WebSite\",\"@id\":\"https:\/\/www.dogguides.com\/fr\/#website\",\"url\":\"https:\/\/www.dogguides.com\/fr\/\",\"name\":\"Lions Foundation of Canada Dog Guides\",\"description\":\"Donner aux Canadiens les moyens de naviguer dans le monde avec confiance et ind\u00e9pendance\",\"publisher\":{\"@id\":\"https:\/\/www.dogguides.com\/fr\/#organization\"},\"potentialAction\":[{\"@type\":\"SearchAction\",\"target\":{\"@type\":\"EntryPoint\",\"urlTemplate\":\"https:\/\/www.dogguides.com\/fr\/?s={search_term_string}\"},\"query-input\":{\"@type\":\"PropertyValueSpecification\",\"valueRequired\":true,\"valueName\":\"search_term_string\"}}],\"inLanguage\":\"fr-FR\"},{\"@type\":\"Organization\",\"@id\":\"https:\/\/www.dogguides.com\/fr\/#organization\",\"name\":\"Lions Foundation of Canada Dog Guides\",\"url\":\"https:\/\/www.dogguides.com\/fr\/\",\"logo\":{\"@type\":\"ImageObject\",\"inLanguage\":\"fr-FR\",\"@id\":\"https:\/\/www.dogguides.com\/fr\/#\/schema\/logo\/image\/\",\"url\":\"https:\/\/www.dogguides.com\/wp-content\/uploads\/2024\/07\/LFCDG-logo2013.jpg\",\"contentUrl\":\"https:\/\/www.dogguides.com\/wp-content\/uploads\/2024\/07\/LFCDG-logo2013.jpg\",\"width\":1287,\"height\":815,\"caption\":\"Lions Foundation of Canada Dog Guides\"},\"image\":{\"@id\":\"https:\/\/www.dogguides.com\/fr\/#\/schema\/logo\/image\/\"},\"sameAs\":[\"https:\/\/www.facebook.com\/LFCDogGuides\",\"https:\/\/x.com\/LFCDogGuides\",\"https:\/\/www.instagram.com\/lfcdogguides\/\",\"https:\/\/www.youtube.com\/user\/dogguidescanada\"]}]}<\/script>\n<!-- \/ Yoast SEO plugin. -->","yoast_head_json":{"title":"Aidez-nous \u00e0 lib\u00e9rer le potentiel - Lions Foundation of Canada Dog Guides","robots":{"index":"index","follow":"follow","max-snippet":"max-snippet:-1","max-image-preview":"max-image-preview:large","max-video-preview":"max-video-preview:-1"},"canonical":"https:\/\/www.dogguides.com\/fr\/comment-aider\/","og_locale":"fr_FR","og_type":"article","og_title":"Aidez-nous \u00e0 lib\u00e9rer le potentiel - Lions Foundation of Canada Dog Guides","og_description":"Aidez-nous \u00e0 lib\u00e9rer le potentiel En l'absence de financement gouvernemental, les Chiens-Guides d\u00e9pendent fortement du soutien de nos b\u00e9n\u00e9voles et de nos partenaires corporatifs et commanditaires. B\u00e9n\u00e9volat et Parrainages Possibilit\u00e9s de b\u00e9n\u00e9volat Nous accueillons petit \u00e0 petit des b\u00e9n\u00e9voles dans nos installations. Pour le moment, nous nous concentrons sur les b\u00e9n\u00e9voles existants pour aider dans [&hellip;]","og_url":"https:\/\/www.dogguides.com\/fr\/comment-aider\/","og_site_name":"Lions Foundation of Canada Dog Guides","article_publisher":"https:\/\/www.facebook.com\/LFCDogGuides","article_modified_time":"2024-11-18T04:43:19+00:00","og_image":[{"width":2560,"height":1276,"url":"https:\/\/www.dogguides.com\/wp-content\/uploads\/2022\/08\/DG-with-remote-scaled.jpg","type":"image\/jpeg"}],"twitter_card":"summary_large_image","twitter_site":"@LFCDogGuides","twitter_misc":{"Dur\u00e9e de lecture estim\u00e9e":"6 minutes"},"schema":{"@context":"https:\/\/schema.org","@graph":[{"@type":"WebPage","@id":"https:\/\/www.dogguides.com\/fr\/comment-aider\/","url":"https:\/\/www.dogguides.com\/fr\/comment-aider\/","name":"Aidez-nous \u00e0 lib\u00e9rer le potentiel - Lions Foundation of Canada Dog Guides","isPartOf":{"@id":"https:\/\/www.dogguides.com\/fr\/#website"},"primaryImageOfPage":{"@id":"https:\/\/www.dogguides.com\/fr\/comment-aider\/#primaryimage"},"image":{"@id":"https:\/\/www.dogguides.com\/fr\/comment-aider\/#primaryimage"},"thumbnailUrl":"https:\/\/www.dogguides.com\/wp-content\/uploads\/2022\/08\/DG-with-remote-scaled.jpg","datePublished":"2022-01-25T03:03:12+00:00","dateModified":"2024-11-18T04:43:19+00:00","breadcrumb":{"@id":"https:\/\/www.dogguides.com\/fr\/comment-aider\/#breadcrumb"},"inLanguage":"fr-FR","potentialAction":[{"@type":"ReadAction","target":["https:\/\/www.dogguides.com\/fr\/comment-aider\/"]}]},{"@type":"ImageObject","inLanguage":"fr-FR","@id":"https:\/\/www.dogguides.com\/fr\/comment-aider\/#primaryimage","url":"https:\/\/www.dogguides.com\/wp-content\/uploads\/2022\/08\/DG-with-remote-scaled.jpg","contentUrl":"https:\/\/www.dogguides.com\/wp-content\/uploads\/2022\/08\/DG-with-remote-scaled.jpg","width":2560,"height":1276,"caption":"Gar\u00e7on avec un chien-guide d'alerte diab\u00e9tique allant chercher un kit"},{"@type":"BreadcrumbList","@id":"https:\/\/www.dogguides.com\/fr\/comment-aider\/#breadcrumb","itemListElement":[{"@type":"ListItem","position":1,"name":"Maison","item":"https:\/\/www.dogguides.com\/fr\/bienvenue\/"},{"@type":"ListItem","position":2,"name":"Aidez-nous \u00e0 lib\u00e9rer le potentiel"}]},{"@type":"WebSite","@id":"https:\/\/www.dogguides.com\/fr\/#website","url":"https:\/\/www.dogguides.com\/fr\/","name":"Lions Foundation of Canada Dog Guides","description":"Donner aux Canadiens les moyens de naviguer dans le monde avec confiance et ind\u00e9pendance","publisher":{"@id":"https:\/\/www.dogguides.com\/fr\/#organization"},"potentialAction":[{"@type":"SearchAction","target":{"@type":"EntryPoint","urlTemplate":"https:\/\/www.dogguides.com\/fr\/?s={search_term_string}"},"query-input":{"@type":"PropertyValueSpecification","valueRequired":true,"valueName":"search_term_string"}}],"inLanguage":"fr-FR"},{"@type":"Organization","@id":"https:\/\/www.dogguides.com\/fr\/#organization","name":"Lions Foundation of Canada Dog Guides","url":"https:\/\/www.dogguides.com\/fr\/","logo":{"@type":"ImageObject","inLanguage":"fr-FR","@id":"https:\/\/www.dogguides.com\/fr\/#\/schema\/logo\/image\/","url":"https:\/\/www.dogguides.com\/wp-content\/uploads\/2024\/07\/LFCDG-logo2013.jpg","contentUrl":"https:\/\/www.dogguides.com\/wp-content\/uploads\/2024\/07\/LFCDG-logo2013.jpg","width":1287,"height":815,"caption":"Lions Foundation of Canada Dog Guides"},"image":{"@id":"https:\/\/www.dogguides.com\/fr\/#\/schema\/logo\/image\/"},"sameAs":["https:\/\/www.facebook.com\/LFCDogGuides","https:\/\/x.com\/LFCDogGuides","https:\/\/www.instagram.com\/lfcdogguides\/","https:\/\/www.youtube.com\/user\/dogguidescanada"]}]}},"_links":{"self":[{"href":"https:\/\/www.dogguides.com\/fr\/wp-json\/wp\/v2\/pages\/1657","targetHints":{"allow":["GET"]}}],"collection":[{"href":"https:\/\/www.dogguides.com\/fr\/wp-json\/wp\/v2\/pages"}],"about":[{"href":"https:\/\/www.dogguides.com\/fr\/wp-json\/wp\/v2\/types\/page"}],"author":[{"embeddable":true,"href":"https:\/\/www.dogguides.com\/fr\/wp-json\/wp\/v2\/users\/2"}],"replies":[{"embeddable":true,"href":"https:\/\/www.dogguides.com\/fr\/wp-json\/wp\/v2\/comments?post=1657"}],"version-history":[{"count":0,"href":"https:\/\/www.dogguides.com\/fr\/wp-json\/wp\/v2\/pages\/1657\/revisions"}],"wp:featuredmedia":[{"embeddable":true,"href":"https:\/\/www.dogguides.com\/fr\/wp-json\/wp\/v2\/media\/1379"}],"wp:attachment":[{"href":"https:\/\/www.dogguides.com\/fr\/wp-json\/wp\/v2\/media?parent=1657"}],"curies":[{"name":"wp","href":"https:\/\/api.w.org\/{rel}","templated":true}]}}