{"id":1673,"date":"2022-08-18T20:47:12","date_gmt":"2022-08-19T00:47:12","guid":{"rendered":"https:\/\/lfdg.wpengine.com\/obtenir-un-chien-guide\/la-vie-apres-diplome\/"},"modified":"2026-04-07T12:02:36","modified_gmt":"2026-04-07T16:02:36","slug":"life-after-graduation","status":"publish","type":"page","link":"https:\/\/www.dogguides.com\/fr\/get-a-dog-guide\/life-after-graduation\/","title":{"rendered":"La vie apr\u00e8s le dipl\u00f4me"},"content":{"rendered":"<p>[et_pb_section fb_built=\u00a0\u00bb1&Prime; admin_label=\u00a0\u00bbHeader Banner\u00a0\u00bb _builder_version=\u00a0\u00bb4.27.4&Prime; _module_preset=\u00a0\u00bb45158d6e-132b-4b5b-a7c6-976c958faca2&Prime; locked=\u00a0\u00bboff\u00a0\u00bb global_colors_info=\u00a0\u00bb{}\u00a0\u00bb][et_pb_row column_structure=\u00a0\u00bb2_5,3_5&Prime; admin_label=\u00a0\u00bbLigne d&#039;en-t\u00eate avec image mise en avant\u00a0\u00bb _builder_version=\u00a0\u00bb4.27.4&Prime; _module_preset=\u00a0\u00bbd8188b23-9fab-49df-970e-db0960628cb5&Prime; global_colors_info=\u00a0\u00bb{}\u00a0\u00bb][et_pb_column type=\u00a0\u00bb2_5&Prime; _builder_version=\u00a0\u00bb4.27.4&Prime; _module_preset=\u00a0\u00bbdefault\u00a0\u00bb custom_padding=\u00a0\u00bb5%|5%|5%|5%|true|true\u00a0\u00bb custom_padding_tablet=\u00a0\u00bb7%|7%|7%|7%|true|true\u00a0\u00bb custom_padding_phone=\u00a0\u00bb7%|7%|7%|7%|true|true\u00a0\u00bb custom_padding_last_edited=\u00a0\u00bbon|tablet\u00a0\u00bb custom_css_main_element=\u00a0\u00bborder: 1;||align-self:center;\u00a0\u00bb border_width_left_tablet=\u00a0\u00bb20px\u00a0\u00bb border_width_left_phone=\u00a0\u00bb20px\u00a0\u00bb border_width_left_last_edited=\u00a0\u00bboff|desktop\u00a0\u00bb global_colors_info=\u00a0\u00bb{}\u00a0\u00bb custom_css_main_element_last_edited=\u00a0\u00bbon|desktop\u00a0\u00bb custom_css_main_element_tablet=\u00a0\u00bborder: 2;\u00a0\u00bb custom_css_main_element_phone=\u00a0\u00bborder: 2;\u00a0\u00bb][et_pb_heading title=\u00a0\u00bbLa vie apr\u00e8s le dipl\u00f4me\u00a0\u00bb admin_label=\u00a0\u00bbHeader Banner Heading\u00a0\u00bb _builder_version=\u00a0\u00bb4.27.4&Prime; _module_preset=\u00a0\u00bbdefault\u00a0\u00bb title_level=\u00a0\u00bbh2&Prime; title_font=\u00a0\u00bb|700|||||||\u00a0\u00bb title_font_size=\u00a0\u00bb36px\u00a0\u00bb title_line_height=\u00a0\u00bb1.3em\u00a0\u00bb width=\u00a0\u00bb76.7%\u00a0\u00bb custom_padding=\u00a0\u00bb||50px||false|false\u00a0\u00bb global_module=\u00a0\u00bb7857&Prime; saved_tabs=\u00a0\u00bball\u00a0\u00bb global_colors_info=\u00a0\u00bb{}\u00a0\u00bb][\/et_pb_heading][et_pb_text admin_label=\u00a0\u00bbHeader Banner Text\u00a0\u00bb _builder_version=\u00a0\u00bb4.27.4&Prime; _module_preset=\u00a0\u00bbdefault\u00a0\u00bb text_font_size=\u00a0\u00bb20px\u00a0\u00bb text_line_height=\u00a0\u00bb1.8em\u00a0\u00bb header_2_font=\u00a0\u00bb|700|||||||\u00a0\u00bb header_2_font_size=\u00a0\u00bb30px\u00a0\u00bb header_2_line_height=\u00a0\u00bb1.4em\u00a0\u00bb custom_padding=\u00a0\u00bb||9%||false|false\u00a0\u00bb custom_padding_tablet=\u00a0\u00bb||5%||false|false\u00a0\u00bb custom_padding_phone=\u00a0\u00bb||5%||false|false\u00a0\u00bb custom_padding_last_edited=\u00a0\u00bbon|tablet\u00a0\u00bb global_module=\u00a0\u00bb7858&Prime; saved_tabs=\u00a0\u00bball\u00a0\u00bb global_colors_info=\u00a0\u00bb{}\u00a0\u00bb]<\/p>\n<p>La Fondation Lions du Canada pour les guides canins assurera le suivi de nos dipl\u00f4m\u00e9s pendant toute la dur\u00e9e de vie professionnelle du guide canin.<\/p>\n<p>[\/et_pb_text][\/et_pb_column][et_pb_column type=\u00a0\u00bb3_5&Prime; _builder_version=\u00a0\u00bb4.27.4&Prime; _dynamic_attributes=\u00a0\u00bbbackground_image\u00a0\u00bb _module_preset=\u00a0\u00bbdefault\u00a0\u00bb background_image=\u00a0\u00bb@ET-DC@eyJkeW5hbWljIjp0cnVlLCJjb250ZW50IjoicG9zdF9mZWF0dXJlZF9pbWFnZSIsInNldHRpbmdzIjp7fX0=@\u00a0\u00bb background_position=\u00a0\u00bbcenter_right\u00a0\u00bb custom_padding=\u00a0\u00bb||||false|false\u00a0\u00bb custom_padding_tablet=\u00a0\u00bb200px||200px||true|false\u00a0\u00bb custom_padding_phone=\u00a0\u00bb||||true|false\u00a0\u00bb custom_padding_last_edited=\u00a0\u00bboff|desktop\u00a0\u00bb custom_css_main_element=\u00a0\u00bborder: 2;\u00a0\u00bb global_colors_info=\u00a0\u00bb{}\u00a0\u00bb custom_css_main_element_last_edited=\u00a0\u00bbon|phone\u00a0\u00bb custom_css_main_element_tablet=\u00a0\u00bborder: 1;\u00a0\u00bb custom_css_main_element_phone=\u00a0\u00bborder: 1;\u00a0\u00bb][et_pb_image alt=\u00a0\u00bbCohen and Kito\u00a0\u00bb title_text=\u00a0\u00bbgrad-banner\u00a0\u00bb force_fullwidth=\u00a0\u00bbon\u00a0\u00bb src_tablet=\u00a0\u00bb\u00a0\u00bb src_phone=\u00a0\u00bb\u00a0\u00bb src_last_edited=\u00a0\u00bbon|tablet\u00a0\u00bb disabled_on=\u00a0\u00bboff|off|off\u00a0\u00bb admin_label=\u00a0\u00bbFeatured Image\u00a0\u00bb _builder_version=\u00a0\u00bb4.27.4&Prime; _module_preset=\u00a0\u00bbdefault\u00a0\u00bb min_height=\u00a0\u00bb238px\u00a0\u00bb custom_margin=\u00a0\u00bb||-2px|||\u00a0\u00bb custom_padding=\u00a0\u00bb||0px|||\u00a0\u00bb hover_enabled=\u00a0\u00bb0&Prime; saved_tabs=\u00a0\u00bball\u00a0\u00bb global_colors_info=\u00a0\u00bb{}\u00a0\u00bb sticky_enabled=\u00a0\u00bb0&Prime;][\/et_pb_image][\/et_pb_column][\/et_pb_row][\/et_pb_section][et_pb_section fb_built=\u00a0\u00bb1&Prime; _builder_version=\u00a0\u00bb4.27.2&Prime; _module_preset=\u00a0\u00bbdefault\u00a0\u00bb background_color=\u00a0\u00bb#FFFFFF\u00a0\u00bb width=\u00a0\u00bb80%\u00a0\u00bb max_width=\u00a0\u00bb1080px\u00a0\u00bb module_alignment=\u00a0\u00bbcenter\u00a0\u00bb locked=\u00a0\u00bboff\u00a0\u00bb global_colors_info=\u00a0\u00bb{}\u00a0\u00bb][et_pb_row make_equal=\u00a0\u00bbon\u00a0\u00bb _builder_version=\u00a0\u00bb4.27.2&Prime; _module_preset=\u00a0\u00bbdefault\u00a0\u00bb module_alignment=\u00a0\u00bbcenter\u00a0\u00bb custom_margin=\u00a0\u00bb40px||||false|false\u00a0\u00bb global_colors_info=\u00a0\u00bb{}\u00a0\u00bb][et_pb_column type=\u00a0\u00bb4_4&Prime; _builder_version=\u00a0\u00bb4.27.0&Prime; _module_preset=\u00a0\u00bbdefault\u00a0\u00bb global_colors_info=\u00a0\u00bb{}\u00a0\u00bb][et_pb_text _builder_version=\u00a0\u00bb4.27.2&Prime; _module_preset=\u00a0\u00bbdefault\u00a0\u00bb text_font=\u00a0\u00bb||||||||\u00a0\u00bb text_font_size=\u00a0\u00bb18px\u00a0\u00bb text_line_height=\u00a0\u00bb1.4em\u00a0\u00bb ul_font_size=\u00a0\u00bb18px\u00a0\u00bb ul_line_height=\u00a0\u00bb1.4em\u00a0\u00bb header_font=\u00a0\u00bb|700|||||||\u00a0\u00bb header_text_align=\u00a0\u00bbleft\u00a0\u00bb header_font_size=\u00a0\u00bb35px\u00a0\u00bb header_2_font=\u00a0\u00bb|700|||||||\u00a0\u00bb header_2_font_size=\u00a0\u00bb30px\u00a0\u00bb header_3_font=\u00a0\u00bb|700|||||||\u00a0\u00bb header_3_text_align=\u00a0\u00bbleft\u00a0\u00bb positioning=\u00a0\u00bbrelative\u00a0\u00bb z_index=\u00a0\u00bb2&Prime; custom_css_main_element=\u00a0\u00bbdisplay:flex;||flex-direction:column;\u00a0\u00bb global_colors_info=\u00a0\u00bb{}\u00a0\u00bb]<\/p>\n<p>Les guides canins de la Fondation Lions du Canada assurent le suivi des dipl\u00f4m\u00e9s pendant toute la dur\u00e9e de vie professionnelle du guide canin. Ce suivi complet comprend des communications par t\u00e9l\u00e9phone ou par courrier \u00e9lectronique, des visites \u00e0 domicile, des actions de sensibilisation et de mise en r\u00e9seau au sein de la communaut\u00e9. <\/p>\n<ul class=\"linormal\">\n<li>Les formateurs rendront visite \u00e0 tous nos dipl\u00f4m\u00e9s \u00e0 leur domicile apr\u00e8s leur retour de cours.<\/li>\n<li>Notre \u00e9quipe de formation contactera tous nos dipl\u00f4m\u00e9s une fois par an par t\u00e9l\u00e9phone ou par courrier \u00e9lectronique.<\/li>\n<li>Notre \u00e9quipe de formateurs est \u00e0 la disposition de nos dipl\u00f4m\u00e9s tout au long de l&rsquo;ann\u00e9e lorsque vous avez des questions ou des probl\u00e8mes li\u00e9s \u00e0 votre chien-guide et \u00e0 vos besoins sp\u00e9cifiques. Si une consultation par t\u00e9l\u00e9phone ou par e-mail ne permet pas de r\u00e9soudre le probl\u00e8me, un formateur organisera une visite \u00e0 domicile lorsque l&rsquo;un de nos formateurs sera dans votre r\u00e9gion. <\/li>\n<\/ul>\n<p>Quels que soient les probl\u00e8mes que vous rencontrez avec votre chien-guide, la Fondation Lions du Canada pour les chiens-guides s&rsquo;engage \u00e0 soutenir nos dipl\u00f4m\u00e9s dans leurs communaut\u00e9s. Voici quelques-uns des d\u00e9fis les plus courants : <\/p>\n<ul class=\"linormal\">\n<li>Soins v\u00e9t\u00e9rinaires d&rsquo;urgence &#8211; Cette p\u00e9riode peut \u00eatre tr\u00e8s difficile et co\u00fbteuse pour nos dipl\u00f4m\u00e9s. Notre service client\u00e8le vous aidera \u00e0 acc\u00e9der \u00e0 certaines des aides communautaires disponibles dans tout le pays pour compenser le co\u00fbt des soins d&rsquo;urgence pour votre chien-guide. <\/li>\n<li>D\u00e9fis en mati\u00e8re d&rsquo;acc\u00e8s et de discrimination &#8211; Malgr\u00e9 les lois provinciales et les droits de la personne en vigueur au Canada qui prot\u00e8gent vos droits en tant que personne ayant un chien-guide, il peut arriver que vous soyez victime de discrimination. Notre \u00e9quipe de formation, et plus particuli\u00e8rement le service \u00e0 la client\u00e8le, peut toujours vous aider si l&rsquo;on vous refuse l&rsquo;acc\u00e8s \u00e0 votre chien ou si vous \u00eates victime de discrimination d&rsquo;une autre mani\u00e8re. Nous sommes en mesure d&rsquo;explorer les lois qui vous prot\u00e8gent et les options qui s&rsquo;offrent \u00e0 vous pour aller de l&rsquo;avant.  <\/li>\n<li>Voyages &#8211; Que vous voyagiez au Canada ou \u00e0 l&rsquo;\u00e9tranger, notre \u00e9quipe de formation peut vous aider \u00e0 vous pr\u00e9parer \u00e0 voyager avec un chien-guide. Nous vous aiderons \u00e0 explorer et \u00e0 r\u00e9soudre les probl\u00e8mes qui peuvent survenir au sujet du voyage, de l&rsquo;h\u00e9bergement, de l&rsquo;environnement et d&rsquo;autres d\u00e9fis li\u00e9s au voyage. <\/li>\n<\/ul>\n<p><strong>Pour mettre \u00e0 jour votre adresse ou demander du mat\u00e9riel, veuillez contacter <\/strong><a href=\"mailto:client-services@dogguides.com\">client-services@dogguides.com<\/a><\/p>\n<h2>Formulaires de sant\u00e9 par programme<\/h2>\n<p><strong>Aide \u00e0 l&rsquo;autisme<\/strong><a href=\"https:\/\/www.dogguides.com\/wp-content\/uploads\/2022\/08\/AAD-DogHealthReport-FRN.pdf\">(t\u00e9l\u00e9charger)<\/a><\/p>\n<p><strong>Vision canine<\/strong><a href=\"https:\/\/www.dogguides.com\/wp-content\/uploads\/2023\/09\/CVC-DogHealthReport-FRN.pdf\">(t\u00e9l\u00e9chargement<\/a>)<\/p>\n<p><strong>Alerte au diab\u00e8te <\/strong><a href=\"https:\/\/www.dogguides.com\/wp-content\/uploads\/2022\/08\/DAD-DogHealthReport-FRN.pdf\">(t\u00e9l\u00e9charger)<\/a><\/p>\n<p><strong>Soutien aux installations <\/strong><a href=\"https:\/\/www.dogguides.com\/wp-content\/uploads\/2022\/08\/FSD-DogHealthReport-FRN.pdf\">(t\u00e9l\u00e9charger)<\/a><\/p>\n<p><strong>Audition<\/strong><a href=\"https:\/\/www.dogguides.com\/wp-content\/uploads\/2022\/08\/HD-DogHealthReport-FRN.pdf\">(t\u00e9l\u00e9charger)<\/a><\/p>\n<p><strong>Service<\/strong><a href=\"https:\/\/www.dogguides.com\/wp-content\/uploads\/2022\/08\/SD-DogHealthReport-FRN.pdf\">(t\u00e9l\u00e9charger<\/a>)<\/p>\n<p><strong>R\u00e9ponse aux crises<\/strong><a href=\"https:\/\/www.dogguides.com\/wp-content\/uploads\/2022\/08\/SRD-DogHealthReport-FRN.pdf\">(t\u00e9l\u00e9charger)<\/a><\/p>\n<h2>Retrait d&rsquo;un guide canin<\/h2>\n<p>Tous nos chiens-guides doivent un jour raccrocher leur harnais et se retirer du m\u00e9tier de chien-guide actif. La plupart des chiens guides travaillent jusqu&rsquo;\u00e0 l&rsquo;\u00e2ge de 8 \u00e0 10 ans, apr\u00e8s quoi l&rsquo;\u00e2ge de la retraite obligatoire est de 11 ans pour nos chiens. Chaque chien-guide se trouve dans une situation unique et notre \u00e9quipe de dressage travaillera donc avec vous et votre v\u00e9t\u00e9rinaire pour d\u00e9terminer quand il est temps de mettre votre chien-guide \u00e0 la retraite. G\u00e9n\u00e9ralement, un chien-guide prend sa retraite en raison de probl\u00e8mes de sant\u00e9 ou d\u2019un ralentissement, mais il peut \u00e9galement y avoir d\u2019autres raisons.   <\/p>\n<p>Le d\u00e9part \u00e0 la retraite d&rsquo;un chien-guide peut \u00eatre un moment tr\u00e8s \u00e9mouvant et difficile, car la r\u00e9alit\u00e9 de votre vie professionnelle commune touche \u00e0 sa fin. Notre \u00e9quipe de formateurs vous aidera \u00e0 franchir les \u00e9tapes de la retraite et \u00e0 faciliter la transition. <\/p>\n<p>Les guides canins de la Fondation Lions du Canada mettent tout en \u0153uvre, en collaboration avec les dipl\u00f4m\u00e9s, pour trouver un foyer id\u00e9al \u00e0 tous les guides canins \u00e0 la retraite. Le cas \u00e9ch\u00e9ant, les guides canins \u00e0 la retraite vivront au domicile de leurs anciens ma\u00eetres-chiens ou de membres de la famille et d&rsquo;amis de leur ancien ma\u00eetre-chien. Certains guides canins \u00e0 la retraite seront plac\u00e9s dans leur ancienne famille d&rsquo;accueil, tandis que d&rsquo;autres seront adopt\u00e9s par notre personnel aupr\u00e8s de familles demandeuses de notre communaut\u00e9.  <\/p>\n<p>Nous vous invitons \u00e0 nous contacter si vous pensez que votre chien guide ralentit ou qu&rsquo;il est peut-\u00eatre temps de parler de retraite. Notre personnel vous accompagnera tout au long du processus et s&rsquo;efforcera de vous aider, vous et votre chien-guide, \u00e0 prendre votre retraite. Une fois \u00e0 la retraite, beaucoup de nos dipl\u00f4m\u00e9s demanderont un chien de remplacement lorsqu&rsquo;ils se sentiront pr\u00eats. Il est \u00e9vident que nos dipl\u00f4m\u00e9s ne pourront jamais remplacer un chien-guide \u00e0 la retraite, mais qu&rsquo;ils entreprendront un nouveau voyage avec un nouveau compagnon. Lorsque vous serez pr\u00eat pour un nouveau chien guide, veuillez appeler ou envoyer un courriel \u00e0 <a href=\"mailto:client-services@dogguides.com\">client-services@dogguides.com<\/a>.    <\/p>\n<p>[\/et_pb_text][\/et_pb_column][\/et_pb_row][\/et_pb_section]<\/p>\n","protected":false},"excerpt":{"rendered":"<p>La Fondation Lions du Canada pour les guides canins assurera le suivi de nos dipl\u00f4m\u00e9s pendant toute la dur\u00e9e de vie professionnelle du guide canin.Les guides canins de la Fondation Lions du Canada assurent le suivi des dipl\u00f4m\u00e9s pendant toute la dur\u00e9e de vie professionnelle du guide canin. Ce suivi complet comprend des communications par [&hellip;]<\/p>\n","protected":false},"author":25,"featured_media":2839,"parent":1631,"menu_order":92,"comment_status":"closed","ping_status":"closed","template":"","meta":{"_acf_changed":false,"_et_pb_use_builder":"on","_et_pb_old_content":"","_et_gb_content_width":"","_monsterinsights_skip_tracking":false,"_monsterinsights_sitenote_active":false,"_monsterinsights_sitenote_note":"","_monsterinsights_sitenote_category":0,"footnotes":""},"class_list":["post-1673","page","type-page","status-publish","has-post-thumbnail","hentry"],"acf":[],"yoast_head":"<!-- This site is optimized with the Yoast SEO plugin v24.9 - https:\/\/yoast.com\/wordpress\/plugins\/seo\/ -->\n<title>La vie apr\u00e8s le dipl\u00f4me - Lions Foundation of Canada Dog Guides<\/title>\n<meta name=\"robots\" content=\"index, follow, max-snippet:-1, max-image-preview:large, max-video-preview:-1\" \/>\n<link rel=\"canonical\" href=\"https:\/\/www.dogguides.com\/fr\/get-a-dog-guide\/life-after-graduation\/\" \/>\n<meta property=\"og:locale\" content=\"fr_FR\" \/>\n<meta property=\"og:type\" content=\"article\" \/>\n<meta property=\"og:title\" content=\"La vie apr\u00e8s le dipl\u00f4me - Lions Foundation of Canada Dog Guides\" \/>\n<meta property=\"og:description\" content=\"La Fondation Lions du Canada pour les guides canins assurera le suivi de nos dipl\u00f4m\u00e9s pendant toute la dur\u00e9e de vie professionnelle du guide canin.Les guides canins de la Fondation Lions du Canada assurent le suivi des dipl\u00f4m\u00e9s pendant toute la dur\u00e9e de vie professionnelle du guide canin. Ce suivi complet comprend des communications par [&hellip;]\" \/>\n<meta property=\"og:url\" content=\"https:\/\/www.dogguides.com\/fr\/get-a-dog-guide\/life-after-graduation\/\" \/>\n<meta property=\"og:site_name\" content=\"Lions Foundation of Canada Dog Guides\" \/>\n<meta property=\"article:publisher\" content=\"https:\/\/www.facebook.com\/LFCDogGuides\" \/>\n<meta property=\"article:modified_time\" content=\"2026-04-07T16:02:36+00:00\" \/>\n<meta property=\"og:image\" content=\"https:\/\/www.dogguides.com\/wp-content\/uploads\/2023\/08\/grad-banner.png\" \/>\n\t<meta property=\"og:image:width\" content=\"1600\" \/>\n\t<meta property=\"og:image:height\" content=\"650\" \/>\n\t<meta property=\"og:image:type\" content=\"image\/png\" \/>\n<meta name=\"twitter:card\" content=\"summary_large_image\" \/>\n<meta name=\"twitter:site\" content=\"@LFCDogGuides\" \/>\n<meta name=\"twitter:label1\" content=\"Dur\u00e9e de lecture estim\u00e9e\" \/>\n\t<meta name=\"twitter:data1\" content=\"5 minutes\" \/>\n<script type=\"application\/ld+json\" class=\"yoast-schema-graph\">{\"@context\":\"https:\/\/schema.org\",\"@graph\":[{\"@type\":\"WebPage\",\"@id\":\"https:\/\/www.dogguides.com\/fr\/get-a-dog-guide\/life-after-graduation\/\",\"url\":\"https:\/\/www.dogguides.com\/fr\/get-a-dog-guide\/life-after-graduation\/\",\"name\":\"La vie apr\u00e8s le dipl\u00f4me - Lions Foundation of Canada Dog Guides\",\"isPartOf\":{\"@id\":\"https:\/\/www.dogguides.com\/fr\/#website\"},\"primaryImageOfPage\":{\"@id\":\"https:\/\/www.dogguides.com\/fr\/get-a-dog-guide\/life-after-graduation\/#primaryimage\"},\"image\":{\"@id\":\"https:\/\/www.dogguides.com\/fr\/get-a-dog-guide\/life-after-graduation\/#primaryimage\"},\"thumbnailUrl\":\"https:\/\/www.dogguides.com\/wp-content\/uploads\/2023\/08\/grad-banner.png\",\"datePublished\":\"2022-08-19T00:47:12+00:00\",\"dateModified\":\"2026-04-07T16:02:36+00:00\",\"breadcrumb\":{\"@id\":\"https:\/\/www.dogguides.com\/fr\/get-a-dog-guide\/life-after-graduation\/#breadcrumb\"},\"inLanguage\":\"fr-FR\",\"potentialAction\":[{\"@type\":\"ReadAction\",\"target\":[\"https:\/\/www.dogguides.com\/fr\/get-a-dog-guide\/life-after-graduation\/\"]}]},{\"@type\":\"ImageObject\",\"inLanguage\":\"fr-FR\",\"@id\":\"https:\/\/www.dogguides.com\/fr\/get-a-dog-guide\/life-after-graduation\/#primaryimage\",\"url\":\"https:\/\/www.dogguides.com\/wp-content\/uploads\/2023\/08\/grad-banner.png\",\"contentUrl\":\"https:\/\/www.dogguides.com\/wp-content\/uploads\/2023\/08\/grad-banner.png\",\"width\":1600,\"height\":650},{\"@type\":\"BreadcrumbList\",\"@id\":\"https:\/\/www.dogguides.com\/fr\/get-a-dog-guide\/life-after-graduation\/#breadcrumb\",\"itemListElement\":[{\"@type\":\"ListItem\",\"position\":1,\"name\":\"Maison\",\"item\":\"https:\/\/www.dogguides.com\/fr\/bienvenue\/\"},{\"@type\":\"ListItem\",\"position\":2,\"name\":\"Obtenez un guide pour chien\",\"item\":\"https:\/\/www.dogguides.com\/fr\/get-a-dog-guide\/\"},{\"@type\":\"ListItem\",\"position\":3,\"name\":\"La vie apr\u00e8s le dipl\u00f4me\"}]},{\"@type\":\"WebSite\",\"@id\":\"https:\/\/www.dogguides.com\/fr\/#website\",\"url\":\"https:\/\/www.dogguides.com\/fr\/\",\"name\":\"Lions Foundation of Canada Dog Guides\",\"description\":\"Donner aux Canadiens les moyens de naviguer dans le monde avec confiance et ind\u00e9pendance\",\"publisher\":{\"@id\":\"https:\/\/www.dogguides.com\/fr\/#organization\"},\"potentialAction\":[{\"@type\":\"SearchAction\",\"target\":{\"@type\":\"EntryPoint\",\"urlTemplate\":\"https:\/\/www.dogguides.com\/fr\/?s={search_term_string}\"},\"query-input\":{\"@type\":\"PropertyValueSpecification\",\"valueRequired\":true,\"valueName\":\"search_term_string\"}}],\"inLanguage\":\"fr-FR\"},{\"@type\":\"Organization\",\"@id\":\"https:\/\/www.dogguides.com\/fr\/#organization\",\"name\":\"Lions Foundation of Canada Dog Guides\",\"url\":\"https:\/\/www.dogguides.com\/fr\/\",\"logo\":{\"@type\":\"ImageObject\",\"inLanguage\":\"fr-FR\",\"@id\":\"https:\/\/www.dogguides.com\/fr\/#\/schema\/logo\/image\/\",\"url\":\"https:\/\/www.dogguides.com\/wp-content\/uploads\/2024\/07\/LFCDG-logo2013.jpg\",\"contentUrl\":\"https:\/\/www.dogguides.com\/wp-content\/uploads\/2024\/07\/LFCDG-logo2013.jpg\",\"width\":1287,\"height\":815,\"caption\":\"Lions Foundation of Canada Dog Guides\"},\"image\":{\"@id\":\"https:\/\/www.dogguides.com\/fr\/#\/schema\/logo\/image\/\"},\"sameAs\":[\"https:\/\/www.facebook.com\/LFCDogGuides\",\"https:\/\/x.com\/LFCDogGuides\",\"https:\/\/www.instagram.com\/lfcdogguides\/\",\"https:\/\/www.youtube.com\/user\/dogguidescanada\"]}]}<\/script>\n<!-- \/ Yoast SEO plugin. -->","yoast_head_json":{"title":"La vie apr\u00e8s le dipl\u00f4me - Lions Foundation of Canada Dog Guides","robots":{"index":"index","follow":"follow","max-snippet":"max-snippet:-1","max-image-preview":"max-image-preview:large","max-video-preview":"max-video-preview:-1"},"canonical":"https:\/\/www.dogguides.com\/fr\/get-a-dog-guide\/life-after-graduation\/","og_locale":"fr_FR","og_type":"article","og_title":"La vie apr\u00e8s le dipl\u00f4me - Lions Foundation of Canada Dog Guides","og_description":"La Fondation Lions du Canada pour les guides canins assurera le suivi de nos dipl\u00f4m\u00e9s pendant toute la dur\u00e9e de vie professionnelle du guide canin.Les guides canins de la Fondation Lions du Canada assurent le suivi des dipl\u00f4m\u00e9s pendant toute la dur\u00e9e de vie professionnelle du guide canin. Ce suivi complet comprend des communications par [&hellip;]","og_url":"https:\/\/www.dogguides.com\/fr\/get-a-dog-guide\/life-after-graduation\/","og_site_name":"Lions Foundation of Canada Dog Guides","article_publisher":"https:\/\/www.facebook.com\/LFCDogGuides","article_modified_time":"2026-04-07T16:02:36+00:00","og_image":[{"width":1600,"height":650,"url":"https:\/\/www.dogguides.com\/wp-content\/uploads\/2023\/08\/grad-banner.png","type":"image\/png"}],"twitter_card":"summary_large_image","twitter_site":"@LFCDogGuides","twitter_misc":{"Dur\u00e9e de lecture estim\u00e9e":"5 minutes"},"schema":{"@context":"https:\/\/schema.org","@graph":[{"@type":"WebPage","@id":"https:\/\/www.dogguides.com\/fr\/get-a-dog-guide\/life-after-graduation\/","url":"https:\/\/www.dogguides.com\/fr\/get-a-dog-guide\/life-after-graduation\/","name":"La vie apr\u00e8s le dipl\u00f4me - Lions Foundation of Canada Dog Guides","isPartOf":{"@id":"https:\/\/www.dogguides.com\/fr\/#website"},"primaryImageOfPage":{"@id":"https:\/\/www.dogguides.com\/fr\/get-a-dog-guide\/life-after-graduation\/#primaryimage"},"image":{"@id":"https:\/\/www.dogguides.com\/fr\/get-a-dog-guide\/life-after-graduation\/#primaryimage"},"thumbnailUrl":"https:\/\/www.dogguides.com\/wp-content\/uploads\/2023\/08\/grad-banner.png","datePublished":"2022-08-19T00:47:12+00:00","dateModified":"2026-04-07T16:02:36+00:00","breadcrumb":{"@id":"https:\/\/www.dogguides.com\/fr\/get-a-dog-guide\/life-after-graduation\/#breadcrumb"},"inLanguage":"fr-FR","potentialAction":[{"@type":"ReadAction","target":["https:\/\/www.dogguides.com\/fr\/get-a-dog-guide\/life-after-graduation\/"]}]},{"@type":"ImageObject","inLanguage":"fr-FR","@id":"https:\/\/www.dogguides.com\/fr\/get-a-dog-guide\/life-after-graduation\/#primaryimage","url":"https:\/\/www.dogguides.com\/wp-content\/uploads\/2023\/08\/grad-banner.png","contentUrl":"https:\/\/www.dogguides.com\/wp-content\/uploads\/2023\/08\/grad-banner.png","width":1600,"height":650},{"@type":"BreadcrumbList","@id":"https:\/\/www.dogguides.com\/fr\/get-a-dog-guide\/life-after-graduation\/#breadcrumb","itemListElement":[{"@type":"ListItem","position":1,"name":"Maison","item":"https:\/\/www.dogguides.com\/fr\/bienvenue\/"},{"@type":"ListItem","position":2,"name":"Obtenez un guide pour chien","item":"https:\/\/www.dogguides.com\/fr\/get-a-dog-guide\/"},{"@type":"ListItem","position":3,"name":"La vie apr\u00e8s le dipl\u00f4me"}]},{"@type":"WebSite","@id":"https:\/\/www.dogguides.com\/fr\/#website","url":"https:\/\/www.dogguides.com\/fr\/","name":"Lions Foundation of Canada Dog Guides","description":"Donner aux Canadiens les moyens de naviguer dans le monde avec confiance et ind\u00e9pendance","publisher":{"@id":"https:\/\/www.dogguides.com\/fr\/#organization"},"potentialAction":[{"@type":"SearchAction","target":{"@type":"EntryPoint","urlTemplate":"https:\/\/www.dogguides.com\/fr\/?s={search_term_string}"},"query-input":{"@type":"PropertyValueSpecification","valueRequired":true,"valueName":"search_term_string"}}],"inLanguage":"fr-FR"},{"@type":"Organization","@id":"https:\/\/www.dogguides.com\/fr\/#organization","name":"Lions Foundation of Canada Dog Guides","url":"https:\/\/www.dogguides.com\/fr\/","logo":{"@type":"ImageObject","inLanguage":"fr-FR","@id":"https:\/\/www.dogguides.com\/fr\/#\/schema\/logo\/image\/","url":"https:\/\/www.dogguides.com\/wp-content\/uploads\/2024\/07\/LFCDG-logo2013.jpg","contentUrl":"https:\/\/www.dogguides.com\/wp-content\/uploads\/2024\/07\/LFCDG-logo2013.jpg","width":1287,"height":815,"caption":"Lions Foundation of Canada Dog Guides"},"image":{"@id":"https:\/\/www.dogguides.com\/fr\/#\/schema\/logo\/image\/"},"sameAs":["https:\/\/www.facebook.com\/LFCDogGuides","https:\/\/x.com\/LFCDogGuides","https:\/\/www.instagram.com\/lfcdogguides\/","https:\/\/www.youtube.com\/user\/dogguidescanada"]}]}},"_links":{"self":[{"href":"https:\/\/www.dogguides.com\/fr\/wp-json\/wp\/v2\/pages\/1673","targetHints":{"allow":["GET"]}}],"collection":[{"href":"https:\/\/www.dogguides.com\/fr\/wp-json\/wp\/v2\/pages"}],"about":[{"href":"https:\/\/www.dogguides.com\/fr\/wp-json\/wp\/v2\/types\/page"}],"author":[{"embeddable":true,"href":"https:\/\/www.dogguides.com\/fr\/wp-json\/wp\/v2\/users\/25"}],"replies":[{"embeddable":true,"href":"https:\/\/www.dogguides.com\/fr\/wp-json\/wp\/v2\/comments?post=1673"}],"version-history":[{"count":0,"href":"https:\/\/www.dogguides.com\/fr\/wp-json\/wp\/v2\/pages\/1673\/revisions"}],"up":[{"embeddable":true,"href":"https:\/\/www.dogguides.com\/fr\/wp-json\/wp\/v2\/pages\/1631"}],"wp:featuredmedia":[{"embeddable":true,"href":"https:\/\/www.dogguides.com\/fr\/wp-json\/wp\/v2\/media\/2839"}],"wp:attachment":[{"href":"https:\/\/www.dogguides.com\/fr\/wp-json\/wp\/v2\/media?parent=1673"}],"curies":[{"name":"wp","href":"https:\/\/api.w.org\/{rel}","templated":true}]}}