{"id":2110,"date":"2022-11-23T15:06:21","date_gmt":"2022-11-23T20:06:21","guid":{"rendered":"https:\/\/www.dogguides.com\/?page_id=2110"},"modified":"2024-12-05T09:24:08","modified_gmt":"2024-12-05T14:24:08","slug":"giving-tuesday","status":"publish","type":"page","link":"https:\/\/www.dogguides.com\/fr\/faites-un-don\/giving-tuesday\/","title":{"rendered":"Mardi de la g\u00e9n\u00e9rosit\u00e9"},"content":{"rendered":"<p>[et_pb_section fb_built=\u00a0\u00bb1&Prime; _builder_version=\u00a0\u00bb4.25.0&Prime; _module_preset=\u00a0\u00bbdefault\u00a0\u00bb locked=\u00a0\u00bboff\u00a0\u00bb global_colors_info=\u00a0\u00bb{}\u00a0\u00bb][et_pb_row column_structure=\u00a0\u00bb1_2,1_2&Prime; admin_label=\u00a0\u00bbCe que nous faisons\u00a0\u00bb _builder_version=\u00a0\u00bb4.25.0&Prime; _module_preset=\u00a0\u00bbdefault\u00a0\u00bb module_alignment=\u00a0\u00bbcenter\u00a0\u00bb global_colors_info=\u00a0\u00bb{}\u00a0\u00bb][et_pb_column type=\u00a0\u00bb1_2&Prime; _builder_version=\u00a0\u00bb4.25.0&Prime; _module_preset=\u00a0\u00bbdefault\u00a0\u00bb global_colors_info=\u00a0\u00bb{}\u00a0\u00bb][et_pb_text _builder_version=\u00a0\u00bb4.27.4&Prime; _module_preset=\u00a0\u00bbdefault\u00a0\u00bb text_font_size=\u00a0\u00bb16px\u00a0\u00bb text_line_height=\u00a0\u00bb2em\u00a0\u00bb header_2_font=\u00a0\u00bb|700|||||||\u00a0\u00bb custom_padding=\u00a0\u00bb|||40px|false|false\u00a0\u00bb global_colors_info=\u00a0\u00bb{}\u00a0\u00bb]<\/p>\n<h2>Un nom, une histoire, une vie transform\u00e9e<\/h2>\n<p>Ce n&rsquo;est pas une t\u00e2che facile de choisir le nom parfait &#8211; il porte la promesse d\u2019un parcours, d\u2019une histoire, d\u2019une vie transform\u00e9e.<\/p>\n<p>Gr\u00e2ce \u00e0 votre g\u00e9n\u00e9rosit\u00e9 lors du Mardi je donne (le 3 d\u00e9cembre), <strong>nous avons d\u00e9pass\u00e9 notre objectif et r\u00e9colt\u00e9 277,458 $ en 24 heures<\/strong>, ce qui soutiendra le co\u00fbt de sept Chiens-Guides qui changeront des vies !<\/p>\n<p>Un grand merci \u00e0 Lexus d&rsquo;Oakville pour leur don jumel\u00e9 de 20 000 $, qui a permis \u00e0 vos dons d\u2019avoir un impact encore plus grand.<\/p>\n<p>Nous avons \u00e9t\u00e9 ravis de recevoir tant de dons de plus de 50 $ ainsi que des suggestions cr\u00e9atives et r\u00e9fl\u00e9chies de noms pour un futur Chien-Guide.\u00a0<\/p>\n<p><strong>Vimy (La donatrice Laurelle)<\/strong> &#8211; En hommage au courage du Sergent James Know, un soldat de la Premi\u00e8re Guerre mondiale qui a combattu \u00e0 la Cr\u00eate de Vimy.<\/p>\n<p><strong>Keeper (La donatrice Shirley)<\/strong> &#8211; Un nom appropri\u00e9 pour un chien form\u00e9 pour prot\u00e9ger et garder son ma\u00eetre en s\u00e9curit\u00e9, symbolisant leur d\u00e9vouement sans faille.<\/p>\n<p><strong>Ridley (La donatrice Karen)<\/strong> &#8211; Nomm\u00e9 d&rsquo;apr\u00e8s une \u00e9cole o\u00f9 la donatrice a enseign\u00e9 pendant 30 ans, et pendant 20 de ces ann\u00e9es, elle a eu un chiot futur Chien-Guide avec elle.<\/p>\n<p><strong>Charity (La donatrice Linda)<\/strong> &#8211; Servant de rappel des efforts caritatifs qui rendent possible l&rsquo;\u00e9levage, la formation et le jumelage de nos Chiens-Guides.<\/p>\n<p><strong>Vandora (La donatrice Dawn)<\/strong> &#8211; Un hommage \u00e0 une m\u00e8re nourrici\u00e8re d\u00e9vou\u00e9e qui a \u00e9lev\u00e9 de nombreux futurs Chiens-Guides, en particulier le Chien-Guide de la fille de la donatrice.<\/p>\n<p><strong>Nugget (La donatrice Susan)<\/strong> &#8211; Chaque ann\u00e9e, \u00ab Grammy \u00bb Sue fait un don en l&rsquo;honneur de ses petits-enfants &#8211; aussi connu comme le Cadeau de don de Grammy. L&rsquo;un de ses petits-enfants a sugg\u00e9r\u00e9 Nugget, d&rsquo;apr\u00e8s leur plat pr\u00e9f\u00e9r\u00e9 : les nuggets de poulet.<\/p>\n<p><strong>Giuseppe (Joey pour faire court) (Le donateur Lexus d&rsquo;Oakville)<\/strong> &#8211; Nomm\u00e9 en l&rsquo;honneur des nouveaux propri\u00e9taires de Lexus d&rsquo;Oakville.<\/p>\n<p>Votre soutien transforme v\u00e9ritablement des vies. Merci de faire partie de ce parcours<br \/>incroyable !<\/p>\n<p>[\/et_pb_text][\/et_pb_column][et_pb_column type=\u00a0\u00bb1_2&Prime; _builder_version=\u00a0\u00bb4.25.0&Prime; _module_preset=\u00a0\u00bbdefault\u00a0\u00bb global_colors_info=\u00a0\u00bb{}\u00a0\u00bb][et_pb_image src=\u00a0\u00bbhttps:\/\/www.dogguides.com\/wp-content\/uploads\/2024\/12\/Giving-Tuesday-new-full-fr.jpg\u00a0\u00bb alt=\u00a0\u00bbUne m\u00e8re avec son enfant attach\u00e9 \u00e0 son chien d&rsquo;assistance pour autistes\u00a0\u00bb title_text=\u00a0\u00bbGiving-Tuesday-new-full-fr\u00a0\u00bb align=\u00a0\u00bbcenter\u00a0\u00bb _builder_version=\u00a0\u00bb4.27.4&Prime; _module_preset=\u00a0\u00bbdefault\u00a0\u00bb box_shadow_style=\u00a0\u00bbpreset2&Prime; global_colors_info=\u00a0\u00bb{}\u00a0\u00bb][\/et_pb_image][\/et_pb_column][\/et_pb_row][\/et_pb_section][et_pb_section fb_built=\u00a0\u00bb1&Prime; _builder_version=\u00a0\u00bb4.27.2&Prime; _module_preset=\u00a0\u00bbdefault\u00a0\u00bb locked=\u00a0\u00bboff\u00a0\u00bb global_colors_info=\u00a0\u00bb{}\u00a0\u00bb][et_pb_row _builder_version=\u00a0\u00bb4.27.0&Prime; _module_preset=\u00a0\u00bbdefault\u00a0\u00bb locked=\u00a0\u00bboff\u00a0\u00bb global_colors_info=\u00a0\u00bb{}\u00a0\u00bb][et_pb_column type=\u00a0\u00bb4_4&Prime; _builder_version=\u00a0\u00bb4.27.0&Prime; _module_preset=\u00a0\u00bbdefault\u00a0\u00bb global_colors_info=\u00a0\u00bb{}\u00a0\u00bb][et_pb_text admin_label=\u00a0\u00bbHow Your Donations Help\u00a0\u00bb _builder_version=\u00a0\u00bb4.27.3&Prime; _module_preset=\u00a0\u00bbdefault\u00a0\u00bb text_font_size=\u00a0\u00bb18px\u00a0\u00bb text_line_height=\u00a0\u00bb1.4em\u00a0\u00bb header_2_font=\u00a0\u00bb|700|||||||\u00a0\u00bb header_2_text_align=\u00a0\u00bbcenter\u00a0\u00bb header_2_text_color=\u00a0\u00bb#000000&Prime; header_2_font_size=\u00a0\u00bb30px\u00a0\u00bb header_3_text_color=\u00a0\u00bb#000000&Prime; text_orientation=\u00a0\u00bbcenter\u00a0\u00bb global_colors_info=\u00a0\u00bb{}\u00a0\u00bb]<\/p>\n<h2>  Pr\u00e9c\u00e9dent Les donateurs du mardi de la g\u00e9n\u00e9rosit\u00e9 ont rendu ces jumelages possibles  <\/h2>\n<p>[\/et_pb_text][\/et_pb_column][\/et_pb_row][et_pb_row column_structure=\u00a0\u00bb1_3,1_3,1_3&Prime; use_custom_gutter=\u00a0\u00bbon\u00a0\u00bb gutter_width=\u00a0\u00bb2&Prime; make_equal=\u00a0\u00bbon\u00a0\u00bb _builder_version=\u00a0\u00bb4.27.2&Prime; _module_preset=\u00a0\u00bbdefault\u00a0\u00bb module_alignment=\u00a0\u00bbcenter\u00a0\u00bb global_colors_info=\u00a0\u00bb{}\u00a0\u00bb][et_pb_column type=\u00a0\u00bb1_3&Prime; _builder_version=\u00a0\u00bb4.27.2&Prime; _module_preset=\u00a0\u00bbdefault\u00a0\u00bb border_radii=\u00a0\u00bbon|8px|8px|8px|8px\u00a0\u00bb border_color_all=\u00a0\u00bb#eeeeee\u00a0\u00bb box_shadow_style=\u00a0\u00bbpreset2&Prime; global_colors_info=\u00a0\u00bb{}\u00a0\u00bb][dvmd_image_box image_url=\u00a0\u00bbhttps:\/\/www.dogguides.com\/wp-content\/uploads\/2024\/11\/Quinto-with-Foxy_GivingTuesday.jpg\u00a0\u00bb _builder_version=\u00a0\u00bb4.27.3&Prime; _module_preset=\u00a0\u00bbdefault\u00a0\u00bb global_colors_info=\u00a0\u00bb{}\u00a0\u00bb][\/dvmd_image_box][et_pb_text _builder_version=\u00a0\u00bb4.27.3&Prime; _module_preset=\u00a0\u00bbdefault\u00a0\u00bb text_text_color=\u00a0\u00bb#000000&Prime; text_font_size=\u00a0\u00bb18px\u00a0\u00bb text_line_height=\u00a0\u00bb1.4em\u00a0\u00bb header_2_font=\u00a0\u00bb|700|||||||\u00a0\u00bb header_2_font_size=\u00a0\u00bb30px\u00a0\u00bb header_3_font=\u00a0\u00bb|700|||||||\u00a0\u00bb header_3_line_height=\u00a0\u00bb1.4em\u00a0\u00bb text_orientation=\u00a0\u00bbcenter\u00a0\u00bb custom_padding=\u00a0\u00bb|20px|20px|20px|false|false\u00a0\u00bb global_colors_info=\u00a0\u00bb{}\u00a0\u00bb]<\/p>\n<h3> Quinto avec Service Dog Guide, Foxy (nomm\u00e9 par un donateur de Giving Tuesday) <\/h3>\n<p>\u00ab\u00a0Foxy n&rsquo;est pas seulement mon amie, elle est mon filet de s\u00e9curit\u00e9 et mon ind\u00e9pendance. Je n&rsquo;ai plus jamais \u00e0 m&rsquo;inqui\u00e9ter de laisser tomber mon t\u00e9l\u00e9phone et de ne pas pouvoir appeler \u00e0 l&rsquo;aide. Merci aux guides de chiens et \u00e0 tous ceux qui font un don \u00e0 cette organisation qui change vraiment la vie.\u00a0\u00bb[\/et_pb_text][\/et_pb_column][et_pb_column type=\u00a0\u00bb1_3&Prime; _builder_version=\u00a0\u00bb4.27.2&Prime; _module_preset=\u00a0\u00bbdefault\u00a0\u00bb border_radii=\u00a0\u00bbon|8px|8px|8px|8px\u00a0\u00bb border_color_all=\u00a0\u00bb#eeeeee\u00a0\u00bb box_shadow_style=\u00a0\u00bbpreset2&Prime; global_colors_info=\u00a0\u00bb{}\u00a0\u00bb][dvmd_image_box image_url=\u00a0\u00bbhttps:\/\/www.dogguides.com\/wp-content\/uploads\/2024\/11\/Jessica_GivingTuesdayDG_3.jpg\u00a0\u00bb _builder_version=\u00a0\u00bb4.27.3&Prime; _module_preset=\u00a0\u00bbdefault\u00a0\u00bb global_colors_info=\u00a0\u00bb{}\u00a0\u00bb][\/dvmd_image_box][et_pb_text _builder_version=\u00a0\u00bb4.27.3&Prime; _module_preset=\u00a0\u00bbdefault\u00a0\u00bb text_text_color=\u00a0\u00bb#000000&Prime; text_font_size=\u00a0\u00bb18px\u00a0\u00bb text_line_height=\u00a0\u00bb1.4em\u00a0\u00bb header_2_font=\u00a0\u00bb|700|||||||\u00a0\u00bb header_2_font_size=\u00a0\u00bb30px\u00a0\u00bb header_3_font=\u00a0\u00bb|700|||||||\u00a0\u00bb header_3_line_height=\u00a0\u00bb1.4em\u00a0\u00bb text_orientation=\u00a0\u00bbcenter\u00a0\u00bb custom_padding=\u00a0\u00bb|20px|20px|20px|false|false\u00a0\u00bb global_colors_info=\u00a0\u00bb{}\u00a0\u00bb]<\/p>\n<h3> Jessica avec Service Dog Guide, Flame (nomm\u00e9 par un donateur de Giving Tuesday)<\/h3>\n<p>\u00ab Avec Flame \u00e0 mes c\u00f4t\u00e9s pour aller chercher des objets, ouvrir des portes et aboyer pour obtenir de l&rsquo;aide, je me sens plus en s\u00e9curit\u00e9 et plus confiant de vivre et de me d\u00e9placer seul \u00e0 Toronto. Flame est mon assistant, mon compagnon et mon meilleur ami. Nous prenons soin les uns des autres, \u00e0 la fois physiquement et mentalement. \u00bb[\/et_pb_text][\/et_pb_column][et_pb_column type=\u00a0\u00bb1_3&Prime; _builder_version=\u00a0\u00bb4.27.2&Prime; _module_preset=\u00a0\u00bbdefault\u00a0\u00bb border_radii=\u00a0\u00bbon|8px|8px|8px|8px\u00a0\u00bb border_color_all=\u00a0\u00bb#eeeeee\u00a0\u00bb box_shadow_style=\u00a0\u00bbpreset2&Prime; global_colors_info=\u00a0\u00bb{}\u00a0\u00bb][dvmd_image_box image_url=\u00a0\u00bbhttps:\/\/www.dogguides.com\/wp-content\/uploads\/2024\/11\/Colleen-Tuesday-2-600&#215;600-1.jpg\u00a0\u00bb _builder_version=\u00a0\u00bb4.27.3&Prime; _module_preset=\u00a0\u00bbdefault\u00a0\u00bb locked=\u00a0\u00bboff\u00a0\u00bb global_colors_info=\u00a0\u00bb{}\u00a0\u00bb][\/dvmd_image_box][et_pb_text _builder_version=\u00a0\u00bb4.27.3&Prime; _module_preset=\u00a0\u00bbdefault\u00a0\u00bb text_text_color=\u00a0\u00bb#000000&Prime; text_font_size=\u00a0\u00bb18px\u00a0\u00bb text_line_height=\u00a0\u00bb1.4em\u00a0\u00bb header_2_font=\u00a0\u00bb|700|||||||\u00a0\u00bb header_2_font_size=\u00a0\u00bb30px\u00a0\u00bb header_3_font=\u00a0\u00bb|700|||||||\u00a0\u00bb header_3_line_height=\u00a0\u00bb1.4em\u00a0\u00bb text_orientation=\u00a0\u00bbcenter\u00a0\u00bb custom_padding=\u00a0\u00bb|20px|20px|20px|false|false\u00a0\u00bb global_colors_info=\u00a0\u00bb{}\u00a0\u00bb]<\/p>\n<h3>  Colleen avec un chien guide, mardi &#8211; Ontario  <\/h3>\n<p>\u00ab\u00a0Mardi m&rsquo;a \u00e9norm\u00e9ment aid\u00e9. Il m&rsquo;a rendu ma vie. Il m&rsquo;ouvre des portes, au sens propre comme au sens figur\u00e9. Je peux maintenant sortir davantage sans avoir \u00e0 m&rsquo;inqui\u00e9ter. Je suis plus ind\u00e9pendante avec lui \u00e0 mes c\u00f4t\u00e9s\u00a0\u00bb.[\/et_pb_text][\/et_pb_column][\/et_pb_row][\/et_pb_section]<\/p>\n","protected":false},"excerpt":{"rendered":"<p>Un nom, une histoire, une vie transform\u00e9e Ce n&rsquo;est pas une t\u00e2che facile de choisir le nom parfait &#8211; il porte la promesse d\u2019un parcours, d\u2019une histoire, d\u2019une vie transform\u00e9e. Gr\u00e2ce \u00e0 votre g\u00e9n\u00e9rosit\u00e9 lors du Mardi je donne (le 3 d\u00e9cembre), nous avons d\u00e9pass\u00e9 notre objectif et r\u00e9colt\u00e9 277,458 $ en 24 heures, ce [&hellip;]<\/p>\n","protected":false},"author":7,"featured_media":3124,"parent":1549,"menu_order":72,"comment_status":"closed","ping_status":"closed","template":"","meta":{"_acf_changed":false,"_et_pb_use_builder":"on","_et_pb_old_content":"","_et_gb_content_width":"","_monsterinsights_skip_tracking":false,"_monsterinsights_sitenote_active":false,"_monsterinsights_sitenote_note":"","_monsterinsights_sitenote_category":0,"footnotes":""},"class_list":["post-2110","page","type-page","status-publish","has-post-thumbnail","hentry"],"acf":[],"yoast_head":"<!-- This site is optimized with the Yoast SEO plugin v24.9 - https:\/\/yoast.com\/wordpress\/plugins\/seo\/ -->\n<title>Mardi de la g\u00e9n\u00e9rosit\u00e9 - Lions Foundation of Canada Dog Guides<\/title>\n<meta name=\"robots\" content=\"index, follow, max-snippet:-1, max-image-preview:large, max-video-preview:-1\" \/>\n<link rel=\"canonical\" href=\"https:\/\/www.dogguides.com\/fr\/faites-un-don\/giving-tuesday\/\" \/>\n<meta property=\"og:locale\" content=\"fr_FR\" \/>\n<meta property=\"og:type\" content=\"article\" \/>\n<meta property=\"og:title\" content=\"Mardi de la g\u00e9n\u00e9rosit\u00e9 - Lions Foundation of Canada Dog Guides\" \/>\n<meta property=\"og:description\" content=\"Un nom, une histoire, une vie transform\u00e9e Ce n&#039;est pas une t\u00e2che facile de choisir le nom parfait - il porte la promesse d\u2019un parcours, d\u2019une histoire, d\u2019une vie transform\u00e9e. Gr\u00e2ce \u00e0 votre g\u00e9n\u00e9rosit\u00e9 lors du Mardi je donne (le 3 d\u00e9cembre), nous avons d\u00e9pass\u00e9 notre objectif et r\u00e9colt\u00e9 277,458 $ en 24 heures, ce [&hellip;]\" \/>\n<meta property=\"og:url\" content=\"https:\/\/www.dogguides.com\/fr\/faites-un-don\/giving-tuesday\/\" \/>\n<meta property=\"og:site_name\" content=\"Lions Foundation of Canada Dog Guides\" \/>\n<meta property=\"article:publisher\" content=\"https:\/\/www.facebook.com\/LFCDogGuides\" \/>\n<meta property=\"article:modified_time\" content=\"2024-12-05T14:24:08+00:00\" \/>\n<meta property=\"og:image\" content=\"https:\/\/www.dogguides.com\/wp-content\/uploads\/2023\/11\/MicrosoftTeams-image-14.png\" \/>\n\t<meta property=\"og:image:width\" content=\"1640\" \/>\n\t<meta property=\"og:image:height\" content=\"924\" \/>\n\t<meta property=\"og:image:type\" content=\"image\/png\" \/>\n<meta name=\"twitter:card\" content=\"summary_large_image\" \/>\n<meta name=\"twitter:site\" content=\"@LFCDogGuides\" \/>\n<script type=\"application\/ld+json\" class=\"yoast-schema-graph\">{\"@context\":\"https:\/\/schema.org\",\"@graph\":[{\"@type\":\"WebPage\",\"@id\":\"https:\/\/www.dogguides.com\/fr\/faites-un-don\/giving-tuesday\/\",\"url\":\"https:\/\/www.dogguides.com\/fr\/faites-un-don\/giving-tuesday\/\",\"name\":\"Mardi de la g\u00e9n\u00e9rosit\u00e9 - Lions Foundation of Canada Dog Guides\",\"isPartOf\":{\"@id\":\"https:\/\/www.dogguides.com\/fr\/#website\"},\"primaryImageOfPage\":{\"@id\":\"https:\/\/www.dogguides.com\/fr\/faites-un-don\/giving-tuesday\/#primaryimage\"},\"image\":{\"@id\":\"https:\/\/www.dogguides.com\/fr\/faites-un-don\/giving-tuesday\/#primaryimage\"},\"thumbnailUrl\":\"https:\/\/www.dogguides.com\/wp-content\/uploads\/2023\/11\/MicrosoftTeams-image-14.png\",\"datePublished\":\"2022-11-23T20:06:21+00:00\",\"dateModified\":\"2024-12-05T14:24:08+00:00\",\"breadcrumb\":{\"@id\":\"https:\/\/www.dogguides.com\/fr\/faites-un-don\/giving-tuesday\/#breadcrumb\"},\"inLanguage\":\"fr-FR\",\"potentialAction\":[{\"@type\":\"ReadAction\",\"target\":[\"https:\/\/www.dogguides.com\/fr\/faites-un-don\/giving-tuesday\/\"]}]},{\"@type\":\"ImageObject\",\"inLanguage\":\"fr-FR\",\"@id\":\"https:\/\/www.dogguides.com\/fr\/faites-un-don\/giving-tuesday\/#primaryimage\",\"url\":\"https:\/\/www.dogguides.com\/wp-content\/uploads\/2023\/11\/MicrosoftTeams-image-14.png\",\"contentUrl\":\"https:\/\/www.dogguides.com\/wp-content\/uploads\/2023\/11\/MicrosoftTeams-image-14.png\",\"width\":1640,\"height\":924,\"caption\":\"Black Lab puppy sits next to Giving Tuesday sign\"},{\"@type\":\"BreadcrumbList\",\"@id\":\"https:\/\/www.dogguides.com\/fr\/faites-un-don\/giving-tuesday\/#breadcrumb\",\"itemListElement\":[{\"@type\":\"ListItem\",\"position\":1,\"name\":\"Maison\",\"item\":\"https:\/\/www.dogguides.com\/fr\/bienvenue\/\"},{\"@type\":\"ListItem\",\"position\":2,\"name\":\"Faites un don aux Chiens-Guides de la Fondation des Lions du Canada\",\"item\":\"https:\/\/www.dogguides.com\/fr\/faites-un-don\/\"},{\"@type\":\"ListItem\",\"position\":3,\"name\":\"Mardi de la g\u00e9n\u00e9rosit\u00e9\"}]},{\"@type\":\"WebSite\",\"@id\":\"https:\/\/www.dogguides.com\/fr\/#website\",\"url\":\"https:\/\/www.dogguides.com\/fr\/\",\"name\":\"Lions Foundation of Canada Dog Guides\",\"description\":\"Donner aux Canadiens les moyens de naviguer dans le monde avec confiance et ind\u00e9pendance\",\"publisher\":{\"@id\":\"https:\/\/www.dogguides.com\/fr\/#organization\"},\"potentialAction\":[{\"@type\":\"SearchAction\",\"target\":{\"@type\":\"EntryPoint\",\"urlTemplate\":\"https:\/\/www.dogguides.com\/fr\/?s={search_term_string}\"},\"query-input\":{\"@type\":\"PropertyValueSpecification\",\"valueRequired\":true,\"valueName\":\"search_term_string\"}}],\"inLanguage\":\"fr-FR\"},{\"@type\":\"Organization\",\"@id\":\"https:\/\/www.dogguides.com\/fr\/#organization\",\"name\":\"Lions Foundation of Canada Dog Guides\",\"url\":\"https:\/\/www.dogguides.com\/fr\/\",\"logo\":{\"@type\":\"ImageObject\",\"inLanguage\":\"fr-FR\",\"@id\":\"https:\/\/www.dogguides.com\/fr\/#\/schema\/logo\/image\/\",\"url\":\"https:\/\/www.dogguides.com\/wp-content\/uploads\/2024\/07\/LFCDG-logo2013.jpg\",\"contentUrl\":\"https:\/\/www.dogguides.com\/wp-content\/uploads\/2024\/07\/LFCDG-logo2013.jpg\",\"width\":1287,\"height\":815,\"caption\":\"Lions Foundation of Canada Dog Guides\"},\"image\":{\"@id\":\"https:\/\/www.dogguides.com\/fr\/#\/schema\/logo\/image\/\"},\"sameAs\":[\"https:\/\/www.facebook.com\/LFCDogGuides\",\"https:\/\/x.com\/LFCDogGuides\",\"https:\/\/www.instagram.com\/lfcdogguides\/\",\"https:\/\/www.youtube.com\/user\/dogguidescanada\"]}]}<\/script>\n<!-- \/ Yoast SEO plugin. -->","yoast_head_json":{"title":"Mardi de la g\u00e9n\u00e9rosit\u00e9 - Lions Foundation of Canada Dog Guides","robots":{"index":"index","follow":"follow","max-snippet":"max-snippet:-1","max-image-preview":"max-image-preview:large","max-video-preview":"max-video-preview:-1"},"canonical":"https:\/\/www.dogguides.com\/fr\/faites-un-don\/giving-tuesday\/","og_locale":"fr_FR","og_type":"article","og_title":"Mardi de la g\u00e9n\u00e9rosit\u00e9 - Lions Foundation of Canada Dog Guides","og_description":"Un nom, une histoire, une vie transform\u00e9e Ce n'est pas une t\u00e2che facile de choisir le nom parfait - il porte la promesse d\u2019un parcours, d\u2019une histoire, d\u2019une vie transform\u00e9e. Gr\u00e2ce \u00e0 votre g\u00e9n\u00e9rosit\u00e9 lors du Mardi je donne (le 3 d\u00e9cembre), nous avons d\u00e9pass\u00e9 notre objectif et r\u00e9colt\u00e9 277,458 $ en 24 heures, ce [&hellip;]","og_url":"https:\/\/www.dogguides.com\/fr\/faites-un-don\/giving-tuesday\/","og_site_name":"Lions Foundation of Canada Dog Guides","article_publisher":"https:\/\/www.facebook.com\/LFCDogGuides","article_modified_time":"2024-12-05T14:24:08+00:00","og_image":[{"width":1640,"height":924,"url":"https:\/\/www.dogguides.com\/wp-content\/uploads\/2023\/11\/MicrosoftTeams-image-14.png","type":"image\/png"}],"twitter_card":"summary_large_image","twitter_site":"@LFCDogGuides","schema":{"@context":"https:\/\/schema.org","@graph":[{"@type":"WebPage","@id":"https:\/\/www.dogguides.com\/fr\/faites-un-don\/giving-tuesday\/","url":"https:\/\/www.dogguides.com\/fr\/faites-un-don\/giving-tuesday\/","name":"Mardi de la g\u00e9n\u00e9rosit\u00e9 - Lions Foundation of Canada Dog Guides","isPartOf":{"@id":"https:\/\/www.dogguides.com\/fr\/#website"},"primaryImageOfPage":{"@id":"https:\/\/www.dogguides.com\/fr\/faites-un-don\/giving-tuesday\/#primaryimage"},"image":{"@id":"https:\/\/www.dogguides.com\/fr\/faites-un-don\/giving-tuesday\/#primaryimage"},"thumbnailUrl":"https:\/\/www.dogguides.com\/wp-content\/uploads\/2023\/11\/MicrosoftTeams-image-14.png","datePublished":"2022-11-23T20:06:21+00:00","dateModified":"2024-12-05T14:24:08+00:00","breadcrumb":{"@id":"https:\/\/www.dogguides.com\/fr\/faites-un-don\/giving-tuesday\/#breadcrumb"},"inLanguage":"fr-FR","potentialAction":[{"@type":"ReadAction","target":["https:\/\/www.dogguides.com\/fr\/faites-un-don\/giving-tuesday\/"]}]},{"@type":"ImageObject","inLanguage":"fr-FR","@id":"https:\/\/www.dogguides.com\/fr\/faites-un-don\/giving-tuesday\/#primaryimage","url":"https:\/\/www.dogguides.com\/wp-content\/uploads\/2023\/11\/MicrosoftTeams-image-14.png","contentUrl":"https:\/\/www.dogguides.com\/wp-content\/uploads\/2023\/11\/MicrosoftTeams-image-14.png","width":1640,"height":924,"caption":"Black Lab puppy sits next to Giving Tuesday sign"},{"@type":"BreadcrumbList","@id":"https:\/\/www.dogguides.com\/fr\/faites-un-don\/giving-tuesday\/#breadcrumb","itemListElement":[{"@type":"ListItem","position":1,"name":"Maison","item":"https:\/\/www.dogguides.com\/fr\/bienvenue\/"},{"@type":"ListItem","position":2,"name":"Faites un don aux Chiens-Guides de la Fondation des Lions du Canada","item":"https:\/\/www.dogguides.com\/fr\/faites-un-don\/"},{"@type":"ListItem","position":3,"name":"Mardi de la g\u00e9n\u00e9rosit\u00e9"}]},{"@type":"WebSite","@id":"https:\/\/www.dogguides.com\/fr\/#website","url":"https:\/\/www.dogguides.com\/fr\/","name":"Lions Foundation of Canada Dog Guides","description":"Donner aux Canadiens les moyens de naviguer dans le monde avec confiance et ind\u00e9pendance","publisher":{"@id":"https:\/\/www.dogguides.com\/fr\/#organization"},"potentialAction":[{"@type":"SearchAction","target":{"@type":"EntryPoint","urlTemplate":"https:\/\/www.dogguides.com\/fr\/?s={search_term_string}"},"query-input":{"@type":"PropertyValueSpecification","valueRequired":true,"valueName":"search_term_string"}}],"inLanguage":"fr-FR"},{"@type":"Organization","@id":"https:\/\/www.dogguides.com\/fr\/#organization","name":"Lions Foundation of Canada Dog Guides","url":"https:\/\/www.dogguides.com\/fr\/","logo":{"@type":"ImageObject","inLanguage":"fr-FR","@id":"https:\/\/www.dogguides.com\/fr\/#\/schema\/logo\/image\/","url":"https:\/\/www.dogguides.com\/wp-content\/uploads\/2024\/07\/LFCDG-logo2013.jpg","contentUrl":"https:\/\/www.dogguides.com\/wp-content\/uploads\/2024\/07\/LFCDG-logo2013.jpg","width":1287,"height":815,"caption":"Lions Foundation of Canada Dog Guides"},"image":{"@id":"https:\/\/www.dogguides.com\/fr\/#\/schema\/logo\/image\/"},"sameAs":["https:\/\/www.facebook.com\/LFCDogGuides","https:\/\/x.com\/LFCDogGuides","https:\/\/www.instagram.com\/lfcdogguides\/","https:\/\/www.youtube.com\/user\/dogguidescanada"]}]}},"_links":{"self":[{"href":"https:\/\/www.dogguides.com\/fr\/wp-json\/wp\/v2\/pages\/2110","targetHints":{"allow":["GET"]}}],"collection":[{"href":"https:\/\/www.dogguides.com\/fr\/wp-json\/wp\/v2\/pages"}],"about":[{"href":"https:\/\/www.dogguides.com\/fr\/wp-json\/wp\/v2\/types\/page"}],"author":[{"embeddable":true,"href":"https:\/\/www.dogguides.com\/fr\/wp-json\/wp\/v2\/users\/7"}],"replies":[{"embeddable":true,"href":"https:\/\/www.dogguides.com\/fr\/wp-json\/wp\/v2\/comments?post=2110"}],"version-history":[{"count":0,"href":"https:\/\/www.dogguides.com\/fr\/wp-json\/wp\/v2\/pages\/2110\/revisions"}],"up":[{"embeddable":true,"href":"https:\/\/www.dogguides.com\/fr\/wp-json\/wp\/v2\/pages\/1549"}],"wp:featuredmedia":[{"embeddable":true,"href":"https:\/\/www.dogguides.com\/fr\/wp-json\/wp\/v2\/media\/3124"}],"wp:attachment":[{"href":"https:\/\/www.dogguides.com\/fr\/wp-json\/wp\/v2\/media?parent=2110"}],"curies":[{"name":"wp","href":"https:\/\/api.w.org\/{rel}","templated":true}]}}