{"id":5618,"date":"2024-10-18T12:12:46","date_gmt":"2024-10-18T16:12:46","guid":{"rendered":"https:\/\/www.dogguides.com\/pet-valu-walk-for-dog-guides-committee-volunteer-application\/"},"modified":"2024-11-19T03:20:36","modified_gmt":"2024-11-19T08:20:36","slug":"pet-valu-walk-for-dog-guides-committee-volunteer-application","status":"publish","type":"page","link":"https:\/\/www.dogguides.com\/fr\/pet-valu-walk-for-dog-guides-committee-volunteer-application\/","title":{"rendered":"Pet Valu Walk for Dog Guides &#8211; Formulaire de candidature pour les b\u00e9n\u00e9voles du comit\u00e9"},"content":{"rendered":"<p>[et_pb_section fb_built=\u00a0\u00bb1&Prime; _builder_version=\u00a0\u00bb4.27.3&Prime; _module_preset=\u00a0\u00bbdefault\u00a0\u00bb global_colors_info=\u00a0\u00bb{}\u00a0\u00bb locked=\u00a0\u00bboff\u00a0\u00bb theme_builder_area=\u00a0\u00bbpost_content\u00a0\u00bb][et_pb_row _builder_version=\u00a0\u00bb4.27.3&Prime; _module_preset=\u00a0\u00bbdefault\u00a0\u00bb module_alignment=\u00a0\u00bbcenter\u00a0\u00bb global_colors_info=\u00a0\u00bb{}\u00a0\u00bb theme_builder_area=\u00a0\u00bbpost_content\u00a0\u00bb][et_pb_column type=\u00a0\u00bb4_4&Prime; _builder_version=\u00a0\u00bb4.27.3&Prime; _module_preset=\u00a0\u00bbdefault\u00a0\u00bb global_colors_info=\u00a0\u00bb{}\u00a0\u00bb theme_builder_area=\u00a0\u00bbpost_content\u00a0\u00bb][et_pb_text _builder_version=\u00a0\u00bb4.27.3&Prime; _module_preset=\u00a0\u00bbdefault\u00a0\u00bb text_font_size=\u00a0\u00bb18px\u00a0\u00bb text_line_height=\u00a0\u00bb1.4em\u00a0\u00bb header_2_font=\u00a0\u00bb|700|||||||\u00a0\u00bb header_2_text_align=\u00a0\u00bbcenter\u00a0\u00bb header_2_text_color=\u00a0\u00bb#000000&Prime; header_2_font_size=\u00a0\u00bb30px\u00a0\u00bb header_3_text_color=\u00a0\u00bb#000000&Prime; hover_enabled=\u00a0\u00bb0&Prime; global_colors_info=\u00a0\u00bb{}\u00a0\u00bb theme_builder_area=\u00a0\u00bbpost_content\u00a0\u00bb sticky_enabled=\u00a0\u00bb0&Prime;]<\/p>\n<h2>Pet Valu Walk for Dog Guides &#8211; Formulaire de candidature pour les b\u00e9n\u00e9voles du comit\u00e9<\/h2>\n<p>[\/et_pb_text][wpforms_selector form_id=\u00a0\u00bb5233&Prime; _builder_version=\u00a0\u00bb4.27.3&Prime; _module_preset=\u00a0\u00bbdefault\u00a0\u00bb hover_enabled=\u00a0\u00bb0&Prime; global_colors_info=\u00a0\u00bb{}\u00a0\u00bb theme_builder_area=\u00a0\u00bbpost_content\u00a0\u00bb sticky_enabled=\u00a0\u00bb0&Prime;][\/wpforms_selector][\/et_pb_column][\/et_pb_row][\/et_pb_section]<\/p>\n","protected":false},"excerpt":{"rendered":"<p>Pet Valu Walk for Dog Guides &#8211; Formulaire de candidature pour les b\u00e9n\u00e9voles du comit\u00e9<div class=\"et_pb_module wpforms_selector wpforms_selector_0\">\n\t\t\t\t\n\t\t\t\t\n\t\t\t\t\n\t\t\t\t\n\t\t\t\t\n\t\t\t\t\n\t\t\t\t<div class=\"et_pb_module_inner\">\n\t\t\t\t\t<div class=\"wpforms-container wpforms-container-full wpforms-render-modern\" id=\"wpforms-5233\"><form id=\"wpforms-form-5233\" class=\"wpforms-validate wpforms-form wpforms-ajax-form\" data-formid=\"5233\" method=\"post\" enctype=\"multipart\/form-data\" action=\"\/fr\/wp-json\/wp\/v2\/pages\/5618\" data-token=\"3d32f45472dd3d5906e319171230985d\" data-token-time=\"1778055810\"><noscript class=\"wpforms-error-noscript\">Veuillez activer JavaScript dans votre navigateur pour remplir ce formulaire.<\/noscript><div class=\"wpforms-hidden\" id=\"wpforms-error-noscript\">Veuillez activer JavaScript dans votre navigateur pour remplir ce formulaire.<\/div><div class=\"wpforms-field-container\"><div id=\"wpforms-5233-field_0-container\" class=\"wpforms-field wpforms-field-name\" data-field-type=\"name\" data-field-id=\"0\"><fieldset><legend class=\"wpforms-field-label\">Name <span class=\"wpforms-required-label\" aria-hidden=\"true\">*<\/span><\/legend><div class=\"wpforms-field-row wpforms-field-large\"><div class=\"wpforms-field-row-block wpforms-first wpforms-one-half\"><input type=\"text\" id=\"wpforms-5233-field_0\" class=\"wpforms-field-name-first wpforms-field-required\" name=\"wpforms[fields][0][first]\" aria-errormessage=\"wpforms-5233-field_0-error\" required><label for=\"wpforms-5233-field_0\" class=\"wpforms-field-sublabel after\">First<\/label><\/div><div class=\"wpforms-field-row-block wpforms-one-half\"><input type=\"text\" id=\"wpforms-5233-field_0-last\" class=\"wpforms-field-name-last wpforms-field-required\" name=\"wpforms[fields][0][last]\" aria-errormessage=\"wpforms-5233-field_0-last-error\" required><label for=\"wpforms-5233-field_0-last\" class=\"wpforms-field-sublabel after\">Last<\/label><\/div><\/div><\/fieldset><\/div><div id=\"wpforms-5233-field_4-container\" class=\"wpforms-field wpforms-field-address\" data-field-type=\"address\" data-field-id=\"4\"><fieldset><legend class=\"wpforms-field-label\">Address <span class=\"wpforms-required-label\" aria-hidden=\"true\">*<\/span><\/legend><div class=\"wpforms-field-row wpforms-field-large\"><div ><input type=\"text\" id=\"wpforms-5233-field_4\" class=\"wpforms-field-address-address1 wpforms-field-required\" name=\"wpforms[fields][4][address1]\" aria-errormessage=\"wpforms-5233-field_4-error\" required><label for=\"wpforms-5233-field_4\" class=\"wpforms-field-sublabel after\">Adresse ligne\u00a01<\/label><\/div><\/div><div class=\"wpforms-field-row wpforms-field-large\"><div ><input type=\"text\" id=\"wpforms-5233-field_4-address2\" class=\"wpforms-field-address-address2\" name=\"wpforms[fields][4][address2]\" aria-errormessage=\"wpforms-5233-field_4-address2-error\" ><label for=\"wpforms-5233-field_4-address2\" class=\"wpforms-field-sublabel after\">Adresse ligne 2<\/label><\/div><\/div><div class=\"wpforms-field-row wpforms-field-large\"><div class=\"wpforms-field-row-block wpforms-one-half wpforms-first\"><input type=\"text\" id=\"wpforms-5233-field_4-city\" class=\"wpforms-field-address-city wpforms-field-required\" name=\"wpforms[fields][4][city]\" aria-errormessage=\"wpforms-5233-field_4-city-error\" required><label for=\"wpforms-5233-field_4-city\" class=\"wpforms-field-sublabel after\">Ville<\/label><\/div><div class=\"wpforms-field-row-block wpforms-one-half\"><input type=\"text\" id=\"wpforms-5233-field_4-state\" class=\"wpforms-field-address-state wpforms-field-required\" name=\"wpforms[fields][4][state]\" aria-errormessage=\"wpforms-5233-field_4-state-error\" required><label for=\"wpforms-5233-field_4-state\" class=\"wpforms-field-sublabel after\">\u00c9tat \/ Province \/ R\u00e9gion<\/label><\/div><\/div><div class=\"wpforms-field-row wpforms-field-large\"><div class=\"wpforms-field-row-block wpforms-one-half wpforms-first\"><input type=\"text\" id=\"wpforms-5233-field_4-postal\" class=\"wpforms-field-address-postal wpforms-field-required\" name=\"wpforms[fields][4][postal]\" aria-errormessage=\"wpforms-5233-field_4-postal-error\" required><label for=\"wpforms-5233-field_4-postal\" class=\"wpforms-field-sublabel after\">Code postal<\/label><\/div><\/div><\/fieldset><\/div><div id=\"wpforms-5233-field_1-container\" class=\"wpforms-field wpforms-field-email\" data-field-type=\"email\" data-field-id=\"1\"><label class=\"wpforms-field-label\" for=\"wpforms-5233-field_1\">Email <span class=\"wpforms-required-label\" aria-hidden=\"true\">*<\/span><\/label><input type=\"email\" id=\"wpforms-5233-field_1\" class=\"wpforms-field-large wpforms-field-required\" name=\"wpforms[fields][1]\" spellcheck=\"false\" aria-errormessage=\"wpforms-5233-field_1-error\" required><\/div><div id=\"wpforms-5233-field_3-container\" class=\"wpforms-field wpforms-field-phone\" data-field-type=\"phone\" data-field-id=\"3\"><label class=\"wpforms-field-label\" for=\"wpforms-5233-field_3\">Phone <span class=\"wpforms-required-label\" aria-hidden=\"true\">*<\/span><\/label><input type=\"tel\" id=\"wpforms-5233-field_3\" class=\"wpforms-field-large wpforms-field-required wpforms-smart-phone-field\" data-rule-smart-phone-field=\"true\" name=\"wpforms[fields][3]\" aria-label=\"Phone\" aria-errormessage=\"wpforms-5233-field_3-error\" required><\/div><div id=\"wpforms-5233-field_23-container\" class=\"wpforms-field wpforms-field-radio\" data-field-type=\"radio\" data-field-id=\"23\"><fieldset><legend class=\"wpforms-field-label\">Which Walk would you like to work on: <span class=\"wpforms-required-label\" aria-hidden=\"true\">*<\/span><\/legend><ul id=\"wpforms-5233-field_23\" class=\"wpforms-field-required\"><li class=\"choice-1 depth-1\"><input type=\"radio\" id=\"wpforms-5233-field_23_1\" name=\"wpforms[fields][23]\" value=\"Oakville\" aria-errormessage=\"wpforms-5233-field_23_1-error\" required ><label class=\"wpforms-field-label-inline\" for=\"wpforms-5233-field_23_1\">Oakville<\/label><\/li><li class=\"choice-2 depth-1\"><input type=\"radio\" id=\"wpforms-5233-field_23_2\" name=\"wpforms[fields][23]\" value=\"Toronto\" aria-errormessage=\"wpforms-5233-field_23_2-error\" required ><label class=\"wpforms-field-label-inline\" for=\"wpforms-5233-field_23_2\">Toronto<\/label><\/li><li class=\"choice-3 depth-1\"><input type=\"radio\" id=\"wpforms-5233-field_23_3\" name=\"wpforms[fields][23]\" value=\"Either\" aria-errormessage=\"wpforms-5233-field_23_3-error\" required ><label class=\"wpforms-field-label-inline\" for=\"wpforms-5233-field_23_3\">Either<\/label><\/li><\/ul><\/fieldset><\/div><div id=\"wpforms-5233-field_21-container\" class=\"wpforms-field wpforms-field-radio\" data-field-type=\"radio\" data-field-id=\"21\"><fieldset><legend class=\"wpforms-field-label\">Have you volunteered in this capacity before? <span class=\"wpforms-required-label\" aria-hidden=\"true\">*<\/span><\/legend><ul id=\"wpforms-5233-field_21\" class=\"wpforms-field-required\"><li class=\"choice-1 depth-1\"><input type=\"radio\" id=\"wpforms-5233-field_21_1\" name=\"wpforms[fields][21]\" value=\"Yes\" aria-errormessage=\"wpforms-5233-field_21_1-error\" required ><label class=\"wpforms-field-label-inline\" for=\"wpforms-5233-field_21_1\">Yes<\/label><\/li><li class=\"choice-2 depth-1\"><input type=\"radio\" id=\"wpforms-5233-field_21_2\" name=\"wpforms[fields][21]\" value=\"No\" aria-errormessage=\"wpforms-5233-field_21_2-error\" required ><label class=\"wpforms-field-label-inline\" for=\"wpforms-5233-field_21_2\">No<\/label><\/li><\/ul><\/fieldset><\/div><div id=\"wpforms-5233-field_22-container\" class=\"wpforms-field wpforms-field-checkbox\" data-field-type=\"checkbox\" data-field-id=\"22\"><fieldset><legend class=\"wpforms-field-label\">In which area(s) would you like to volunteer?<\/legend><ul id=\"wpforms-5233-field_22\"><li class=\"choice-1 depth-1\"><input type=\"checkbox\" id=\"wpforms-5233-field_22_1\" name=\"wpforms[fields][22][]\" value=\"Food and Beverage\" aria-errormessage=\"wpforms-5233-field_22_1-error\"  ><label class=\"wpforms-field-label-inline\" for=\"wpforms-5233-field_22_1\">Food and Beverage<\/label><\/li><li class=\"choice-2 depth-1\"><input type=\"checkbox\" id=\"wpforms-5233-field_22_2\" name=\"wpforms[fields][22][]\" value=\"Vendor Leads Choice\" aria-errormessage=\"wpforms-5233-field_22_2-error\"  ><label class=\"wpforms-field-label-inline\" for=\"wpforms-5233-field_22_2\">Vendor Leads Choice<\/label><\/li><li class=\"choice-3 depth-1\"><input type=\"checkbox\" id=\"wpforms-5233-field_22_3\" name=\"wpforms[fields][22][]\" value=\"Fundraising\/Sponsorship\" aria-errormessage=\"wpforms-5233-field_22_3-error\"  ><label class=\"wpforms-field-label-inline\" for=\"wpforms-5233-field_22_3\">Fundraising\/Sponsorship<\/label><\/li><li class=\"choice-4 depth-1\"><input type=\"checkbox\" id=\"wpforms-5233-field_22_4\" name=\"wpforms[fields][22][]\" value=\"Event Execution\" aria-errormessage=\"wpforms-5233-field_22_4-error\"  ><label class=\"wpforms-field-label-inline\" for=\"wpforms-5233-field_22_4\">Event Execution<\/label><\/li><li class=\"choice-5 depth-1\"><input type=\"checkbox\" id=\"wpforms-5233-field_22_5\" name=\"wpforms[fields][22][]\" value=\"Marketing\" aria-errormessage=\"wpforms-5233-field_22_5-error\"  ><label class=\"wpforms-field-label-inline\" for=\"wpforms-5233-field_22_5\">Marketing<\/label><\/li><\/ul><\/fieldset><\/div><div id=\"wpforms-5233-field_7-container\" class=\"wpforms-field wpforms-field-radio radio-styled\" data-field-type=\"radio\" data-field-id=\"7\"><fieldset><legend class=\"wpforms-field-label\">Are you at least 18 years of age? <span class=\"wpforms-required-label\" aria-hidden=\"true\">*<\/span><\/legend><ul id=\"wpforms-5233-field_7\" class=\"wpforms-field-required\"><li class=\"choice-1 depth-1\"><input type=\"radio\" id=\"wpforms-5233-field_7_1\" name=\"wpforms[fields][7]\" value=\"Yes\" aria-errormessage=\"wpforms-5233-field_7_1-error\" required ><label class=\"wpforms-field-label-inline\" for=\"wpforms-5233-field_7_1\">Yes<\/label><\/li><li class=\"choice-2 depth-1\"><input type=\"radio\" id=\"wpforms-5233-field_7_2\" name=\"wpforms[fields][7]\" value=\"No\" aria-errormessage=\"wpforms-5233-field_7_2-error\" required ><label class=\"wpforms-field-label-inline\" for=\"wpforms-5233-field_7_2\">No<\/label><\/li><\/ul><\/fieldset><\/div><div id=\"wpforms-5233-field_9-container\" class=\"wpforms-field wpforms-field-textarea\" data-field-type=\"textarea\" data-field-id=\"9\"><label class=\"wpforms-field-label\" for=\"wpforms-5233-field_9\">Please list any relevant experiences you have that you feel would benefit this role:<\/label><textarea id=\"wpforms-5233-field_9\" class=\"wpforms-field-medium\" name=\"wpforms[fields][9]\" aria-errormessage=\"wpforms-5233-field_9-error\" ><\/textarea><\/div><\/div><!-- .wpforms-field-container --><div class=\"wpforms-submit-container\" ><input type=\"hidden\" name=\"wpforms[id]\" value=\"5233\"><input type=\"hidden\" name=\"page_title\" value=\"\"><input type=\"hidden\" name=\"page_url\" value=\"https:\/\/www.dogguides.com\/fr\/wp-json\/wp\/v2\/pages\/5618\"><button type=\"submit\" name=\"wpforms[submit]\" id=\"wpforms-submit-5233\" class=\"wpforms-submit\" data-alt-text=\"Sending...\" data-submit-text=\"Submit\" aria-live=\"assertive\" value=\"wpforms-submit\">Submit<\/button><img loading=\"lazy\" decoding=\"async\" src=\"https:\/\/www.dogguides.com\/wp-content\/plugins\/wpforms\/assets\/images\/submit-spin.svg\" class=\"wpforms-submit-spinner\" style=\"display: none;\" width=\"26\" height=\"26\" alt=\"Chargement en cours\"><\/div><\/form><\/div>  <!-- .wpforms-container -->\n\t\t\t\t<\/div>\n\t\t\t<\/div><\/p>\n","protected":false},"author":6,"featured_media":0,"parent":0,"menu_order":0,"comment_status":"closed","ping_status":"closed","template":"","meta":{"_acf_changed":false,"_et_pb_use_builder":"on","_et_pb_old_content":"","_et_gb_content_width":"","_monsterinsights_skip_tracking":false,"_monsterinsights_sitenote_active":false,"_monsterinsights_sitenote_note":"","_monsterinsights_sitenote_category":0,"footnotes":""},"class_list":["post-5618","page","type-page","status-publish","hentry"],"acf":[],"yoast_head":"<!-- This site is optimized with the Yoast SEO plugin v24.9 - https:\/\/yoast.com\/wordpress\/plugins\/seo\/ -->\n<title>Pet Valu Walk for Dog Guides - Formulaire de candidature pour les b\u00e9n\u00e9voles du comit\u00e9 - Lions Foundation of Canada Dog Guides<\/title>\n<meta name=\"robots\" content=\"index, follow, max-snippet:-1, max-image-preview:large, max-video-preview:-1\" \/>\n<link rel=\"canonical\" href=\"https:\/\/www.dogguides.com\/fr\/pet-valu-walk-for-dog-guides-committee-volunteer-application\/\" \/>\n<meta property=\"og:locale\" content=\"fr_FR\" \/>\n<meta property=\"og:type\" content=\"article\" \/>\n<meta property=\"og:title\" content=\"Pet Valu Walk for Dog Guides - Formulaire de candidature pour les b\u00e9n\u00e9voles du comit\u00e9 - Lions Foundation of Canada Dog Guides\" \/>\n<meta property=\"og:description\" content=\"Pet Valu Walk for Dog Guides - Formulaire de candidature pour les b\u00e9n\u00e9voles du comit\u00e9\" \/>\n<meta property=\"og:url\" content=\"https:\/\/www.dogguides.com\/fr\/pet-valu-walk-for-dog-guides-committee-volunteer-application\/\" \/>\n<meta property=\"og:site_name\" content=\"Lions Foundation of Canada Dog Guides\" \/>\n<meta property=\"article:publisher\" content=\"https:\/\/www.facebook.com\/LFCDogGuides\" \/>\n<meta property=\"article:modified_time\" content=\"2024-11-19T08:20:36+00:00\" \/>\n<meta property=\"og:image\" content=\"https:\/\/www.dogguides.com\/wp-content\/uploads\/2024\/07\/LFCDG-logo2013.jpg\" \/>\n\t<meta property=\"og:image:width\" content=\"1287\" \/>\n\t<meta property=\"og:image:height\" content=\"815\" \/>\n\t<meta property=\"og:image:type\" content=\"image\/jpeg\" \/>\n<meta name=\"twitter:card\" content=\"summary_large_image\" \/>\n<meta name=\"twitter:site\" content=\"@LFCDogGuides\" \/>\n<meta name=\"twitter:label1\" content=\"Dur\u00e9e de lecture estim\u00e9e\" \/>\n\t<meta name=\"twitter:data1\" content=\"1 minute\" \/>\n<script type=\"application\/ld+json\" class=\"yoast-schema-graph\">{\"@context\":\"https:\/\/schema.org\",\"@graph\":[{\"@type\":\"WebPage\",\"@id\":\"https:\/\/www.dogguides.com\/fr\/pet-valu-walk-for-dog-guides-committee-volunteer-application\/\",\"url\":\"https:\/\/www.dogguides.com\/fr\/pet-valu-walk-for-dog-guides-committee-volunteer-application\/\",\"name\":\"Pet Valu Walk for Dog Guides - Formulaire de candidature pour les b\u00e9n\u00e9voles du comit\u00e9 - Lions Foundation of Canada Dog Guides\",\"isPartOf\":{\"@id\":\"https:\/\/www.dogguides.com\/fr\/#website\"},\"datePublished\":\"2024-10-18T16:12:46+00:00\",\"dateModified\":\"2024-11-19T08:20:36+00:00\",\"breadcrumb\":{\"@id\":\"https:\/\/www.dogguides.com\/fr\/pet-valu-walk-for-dog-guides-committee-volunteer-application\/#breadcrumb\"},\"inLanguage\":\"fr-FR\",\"potentialAction\":[{\"@type\":\"ReadAction\",\"target\":[\"https:\/\/www.dogguides.com\/fr\/pet-valu-walk-for-dog-guides-committee-volunteer-application\/\"]}]},{\"@type\":\"BreadcrumbList\",\"@id\":\"https:\/\/www.dogguides.com\/fr\/pet-valu-walk-for-dog-guides-committee-volunteer-application\/#breadcrumb\",\"itemListElement\":[{\"@type\":\"ListItem\",\"position\":1,\"name\":\"Maison\",\"item\":\"https:\/\/www.dogguides.com\/fr\/bienvenue\/\"},{\"@type\":\"ListItem\",\"position\":2,\"name\":\"Pet Valu Walk for Dog Guides &#8211; Formulaire de candidature pour les b\u00e9n\u00e9voles du comit\u00e9\"}]},{\"@type\":\"WebSite\",\"@id\":\"https:\/\/www.dogguides.com\/fr\/#website\",\"url\":\"https:\/\/www.dogguides.com\/fr\/\",\"name\":\"Lions Foundation of Canada Dog Guides\",\"description\":\"Donner aux Canadiens les moyens de naviguer dans le monde avec confiance et ind\u00e9pendance\",\"publisher\":{\"@id\":\"https:\/\/www.dogguides.com\/fr\/#organization\"},\"potentialAction\":[{\"@type\":\"SearchAction\",\"target\":{\"@type\":\"EntryPoint\",\"urlTemplate\":\"https:\/\/www.dogguides.com\/fr\/?s={search_term_string}\"},\"query-input\":{\"@type\":\"PropertyValueSpecification\",\"valueRequired\":true,\"valueName\":\"search_term_string\"}}],\"inLanguage\":\"fr-FR\"},{\"@type\":\"Organization\",\"@id\":\"https:\/\/www.dogguides.com\/fr\/#organization\",\"name\":\"Lions Foundation of Canada Dog Guides\",\"url\":\"https:\/\/www.dogguides.com\/fr\/\",\"logo\":{\"@type\":\"ImageObject\",\"inLanguage\":\"fr-FR\",\"@id\":\"https:\/\/www.dogguides.com\/fr\/#\/schema\/logo\/image\/\",\"url\":\"https:\/\/www.dogguides.com\/wp-content\/uploads\/2024\/07\/LFCDG-logo2013.jpg\",\"contentUrl\":\"https:\/\/www.dogguides.com\/wp-content\/uploads\/2024\/07\/LFCDG-logo2013.jpg\",\"width\":1287,\"height\":815,\"caption\":\"Lions Foundation of Canada Dog Guides\"},\"image\":{\"@id\":\"https:\/\/www.dogguides.com\/fr\/#\/schema\/logo\/image\/\"},\"sameAs\":[\"https:\/\/www.facebook.com\/LFCDogGuides\",\"https:\/\/x.com\/LFCDogGuides\",\"https:\/\/www.instagram.com\/lfcdogguides\/\",\"https:\/\/www.youtube.com\/user\/dogguidescanada\"]}]}<\/script>\n<!-- \/ Yoast SEO plugin. -->","yoast_head_json":{"title":"Pet Valu Walk for Dog Guides - Formulaire de candidature pour les b\u00e9n\u00e9voles du comit\u00e9 - Lions Foundation of Canada Dog Guides","robots":{"index":"index","follow":"follow","max-snippet":"max-snippet:-1","max-image-preview":"max-image-preview:large","max-video-preview":"max-video-preview:-1"},"canonical":"https:\/\/www.dogguides.com\/fr\/pet-valu-walk-for-dog-guides-committee-volunteer-application\/","og_locale":"fr_FR","og_type":"article","og_title":"Pet Valu Walk for Dog Guides - Formulaire de candidature pour les b\u00e9n\u00e9voles du comit\u00e9 - Lions Foundation of Canada Dog Guides","og_description":"Pet Valu Walk for Dog Guides - Formulaire de candidature pour les b\u00e9n\u00e9voles du comit\u00e9","og_url":"https:\/\/www.dogguides.com\/fr\/pet-valu-walk-for-dog-guides-committee-volunteer-application\/","og_site_name":"Lions Foundation of Canada Dog Guides","article_publisher":"https:\/\/www.facebook.com\/LFCDogGuides","article_modified_time":"2024-11-19T08:20:36+00:00","og_image":[{"width":1287,"height":815,"url":"https:\/\/www.dogguides.com\/wp-content\/uploads\/2024\/07\/LFCDG-logo2013.jpg","type":"image\/jpeg"}],"twitter_card":"summary_large_image","twitter_site":"@LFCDogGuides","twitter_misc":{"Dur\u00e9e de lecture estim\u00e9e":"1 minute"},"schema":{"@context":"https:\/\/schema.org","@graph":[{"@type":"WebPage","@id":"https:\/\/www.dogguides.com\/fr\/pet-valu-walk-for-dog-guides-committee-volunteer-application\/","url":"https:\/\/www.dogguides.com\/fr\/pet-valu-walk-for-dog-guides-committee-volunteer-application\/","name":"Pet Valu Walk for Dog Guides - Formulaire de candidature pour les b\u00e9n\u00e9voles du comit\u00e9 - Lions Foundation of Canada Dog Guides","isPartOf":{"@id":"https:\/\/www.dogguides.com\/fr\/#website"},"datePublished":"2024-10-18T16:12:46+00:00","dateModified":"2024-11-19T08:20:36+00:00","breadcrumb":{"@id":"https:\/\/www.dogguides.com\/fr\/pet-valu-walk-for-dog-guides-committee-volunteer-application\/#breadcrumb"},"inLanguage":"fr-FR","potentialAction":[{"@type":"ReadAction","target":["https:\/\/www.dogguides.com\/fr\/pet-valu-walk-for-dog-guides-committee-volunteer-application\/"]}]},{"@type":"BreadcrumbList","@id":"https:\/\/www.dogguides.com\/fr\/pet-valu-walk-for-dog-guides-committee-volunteer-application\/#breadcrumb","itemListElement":[{"@type":"ListItem","position":1,"name":"Maison","item":"https:\/\/www.dogguides.com\/fr\/bienvenue\/"},{"@type":"ListItem","position":2,"name":"Pet Valu Walk for Dog Guides &#8211; Formulaire de candidature pour les b\u00e9n\u00e9voles du comit\u00e9"}]},{"@type":"WebSite","@id":"https:\/\/www.dogguides.com\/fr\/#website","url":"https:\/\/www.dogguides.com\/fr\/","name":"Lions Foundation of Canada Dog Guides","description":"Donner aux Canadiens les moyens de naviguer dans le monde avec confiance et ind\u00e9pendance","publisher":{"@id":"https:\/\/www.dogguides.com\/fr\/#organization"},"potentialAction":[{"@type":"SearchAction","target":{"@type":"EntryPoint","urlTemplate":"https:\/\/www.dogguides.com\/fr\/?s={search_term_string}"},"query-input":{"@type":"PropertyValueSpecification","valueRequired":true,"valueName":"search_term_string"}}],"inLanguage":"fr-FR"},{"@type":"Organization","@id":"https:\/\/www.dogguides.com\/fr\/#organization","name":"Lions Foundation of Canada Dog Guides","url":"https:\/\/www.dogguides.com\/fr\/","logo":{"@type":"ImageObject","inLanguage":"fr-FR","@id":"https:\/\/www.dogguides.com\/fr\/#\/schema\/logo\/image\/","url":"https:\/\/www.dogguides.com\/wp-content\/uploads\/2024\/07\/LFCDG-logo2013.jpg","contentUrl":"https:\/\/www.dogguides.com\/wp-content\/uploads\/2024\/07\/LFCDG-logo2013.jpg","width":1287,"height":815,"caption":"Lions Foundation of Canada Dog Guides"},"image":{"@id":"https:\/\/www.dogguides.com\/fr\/#\/schema\/logo\/image\/"},"sameAs":["https:\/\/www.facebook.com\/LFCDogGuides","https:\/\/x.com\/LFCDogGuides","https:\/\/www.instagram.com\/lfcdogguides\/","https:\/\/www.youtube.com\/user\/dogguidescanada"]}]}},"_links":{"self":[{"href":"https:\/\/www.dogguides.com\/fr\/wp-json\/wp\/v2\/pages\/5618","targetHints":{"allow":["GET"]}}],"collection":[{"href":"https:\/\/www.dogguides.com\/fr\/wp-json\/wp\/v2\/pages"}],"about":[{"href":"https:\/\/www.dogguides.com\/fr\/wp-json\/wp\/v2\/types\/page"}],"author":[{"embeddable":true,"href":"https:\/\/www.dogguides.com\/fr\/wp-json\/wp\/v2\/users\/6"}],"replies":[{"embeddable":true,"href":"https:\/\/www.dogguides.com\/fr\/wp-json\/wp\/v2\/comments?post=5618"}],"version-history":[{"count":0,"href":"https:\/\/www.dogguides.com\/fr\/wp-json\/wp\/v2\/pages\/5618\/revisions"}],"wp:attachment":[{"href":"https:\/\/www.dogguides.com\/fr\/wp-json\/wp\/v2\/media?parent=5618"}],"curies":[{"name":"wp","href":"https:\/\/api.w.org\/{rel}","templated":true}]}}