{"id":5926,"date":"2023-06-21T09:22:12","date_gmt":"2023-06-21T13:22:12","guid":{"rendered":"https:\/\/www.dogguides.com\/memorial-forest\/"},"modified":"2025-07-14T11:40:07","modified_gmt":"2025-07-14T15:40:07","slug":"memorial-forest","status":"publish","type":"page","link":"https:\/\/www.dogguides.com\/fr\/memorial-forest\/","title":{"rendered":"For\u00eat comm\u00e9morative"},"content":{"rendered":"<p>[et_pb_section fb_built=\u00a0\u00bb1&Prime; admin_label=\u00a0\u00bbHeader Banner\u00a0\u00bb _builder_version=\u00a0\u00bb4.27.4&Prime; _module_preset=\u00a0\u00bb45158d6e-132b-4b5b-a7c6-976c958faca2&Prime; locked=\u00a0\u00bboff\u00a0\u00bb global_colors_info=\u00a0\u00bb{}\u00a0\u00bb][et_pb_row column_structure=\u00a0\u00bb2_5,3_5&Prime; admin_label=\u00a0\u00bbHeader Row with Featured Image\u00a0\u00bb _builder_version=\u00a0\u00bb4.27.4&Prime; _module_preset=\u00a0\u00bbd8188b23-9fab-49df-970e-db0960628cb5&Prime; global_colors_info=\u00a0\u00bb{}\u00a0\u00bb][et_pb_column type=\u00a0\u00bb2_5&Prime; _builder_version=\u00a0\u00bb4.27.4&Prime; _module_preset=\u00a0\u00bbc7f3239c-50d3-43e4-93b5-bf3946460913&Prime; global_colors_info=\u00a0\u00bb{}\u00a0\u00bb][et_pb_heading title=\u00a0\u00bbFor\u00eat comm\u00e9morative\u00a0\u00bb admin_label=\u00a0\u00bbHeader Banner Heading\u00a0\u00bb _builder_version=\u00a0\u00bb4.27.4&Prime; _module_preset=\u00a0\u00bbdefault\u00a0\u00bb title_level=\u00a0\u00bbh2&Prime; title_font=\u00a0\u00bb|700|||||||\u00a0\u00bb title_font_size=\u00a0\u00bb36px\u00a0\u00bb title_line_height=\u00a0\u00bb1.3em\u00a0\u00bb width=\u00a0\u00bb76.7%\u00a0\u00bb custom_padding=\u00a0\u00bb||50px||false|false\u00a0\u00bb saved_tabs=\u00a0\u00bball\u00a0\u00bb global_colors_info=\u00a0\u00bb{}\u00a0\u00bb][\/et_pb_heading][et_pb_text admin_label=\u00a0\u00bbHeader Banner Text\u00a0\u00bb _builder_version=\u00a0\u00bb4.27.4&Prime; _module_preset=\u00a0\u00bbdefault\u00a0\u00bb text_font_size=\u00a0\u00bb20px\u00a0\u00bb text_line_height=\u00a0\u00bb1.8em\u00a0\u00bb header_2_font=\u00a0\u00bb|700|||||||\u00a0\u00bb header_2_font_size=\u00a0\u00bb30px\u00a0\u00bb header_2_line_height=\u00a0\u00bb1.4em\u00a0\u00bb custom_padding=\u00a0\u00bb||9%||false|false\u00a0\u00bb custom_padding_tablet=\u00a0\u00bb||5%||false|false\u00a0\u00bb custom_padding_phone=\u00a0\u00bb||5%||false|false\u00a0\u00bb custom_padding_last_edited=\u00a0\u00bbon|tablet\u00a0\u00bb saved_tabs=\u00a0\u00bball\u00a0\u00bb global_colors_info=\u00a0\u00bb{}\u00a0\u00bb]<\/p>\n<p>La for\u00eat comm\u00e9morative est situ\u00e9e dans un cadre rural paisible pr\u00e8s de Breslau, en Ontario, entre Guelph et Kitchener. La for\u00eat se trouve sur le terrain du centre de formation et d&rsquo;\u00e9levage des chiens-guides, o\u00f9 de nombreux chiots de chiens-guides prennent leur d\u00e9part dans la vie.<\/p>\n<p>[\/et_pb_text][\/et_pb_column][et_pb_column type=\u00a0\u00bb3_5&Prime; _builder_version=\u00a0\u00bb4.27.4&Prime; _dynamic_attributes=\u00a0\u00bbbackground_image\u00a0\u00bb _module_preset=\u00a0\u00bbdefault\u00a0\u00bb background_image=\u00a0\u00bb@ET-DC@eyJkeW5hbWljIjp0cnVlLCJjb250ZW50IjoicG9zdF9mZWF0dXJlZF9pbWFnZSIsInNldHRpbmdzIjp7fX0=@\u00a0\u00bb background_position=\u00a0\u00bbcenter_left\u00a0\u00bb global_colors_info=\u00a0\u00bb{}\u00a0\u00bb][et_pb_image src=\u00a0\u00bbhttps:\/\/www.dogguides.com\/wp-content\/uploads\/2025\/07\/all-seven-dogs.png\u00a0\u00bb alt=\u00a0\u00bbCohen and Kito\u00a0\u00bb title_text=\u00a0\u00bball-seven-dogs\u00a0\u00bb force_fullwidth=\u00a0\u00bbon\u00a0\u00bb src_tablet=\u00a0\u00bb\u00a0\u00bb src_phone=\u00a0\u00bb\u00a0\u00bb src_last_edited=\u00a0\u00bbon|desktop\u00a0\u00bb disabled_on=\u00a0\u00bboff|off|on\u00a0\u00bb admin_label=\u00a0\u00bbFeatured Image\u00a0\u00bb _builder_version=\u00a0\u00bb4.27.4&Prime; _dynamic_attributes=\u00a0\u00bbsrc\u00a0\u00bb _module_preset=\u00a0\u00bbdefault\u00a0\u00bb min_height=\u00a0\u00bb238px\u00a0\u00bb custom_margin=\u00a0\u00bb||-2px|||\u00a0\u00bb custom_padding=\u00a0\u00bb||0px|||\u00a0\u00bb saved_tabs=\u00a0\u00bball\u00a0\u00bb global_colors_info=\u00a0\u00bb{}\u00a0\u00bb][\/et_pb_image][\/et_pb_column][\/et_pb_row][\/et_pb_section][et_pb_section fb_built=\u00a0\u00bb1&Prime; _builder_version=\u00a0\u00bb4.27.2&Prime; _module_preset=\u00a0\u00bbdefault\u00a0\u00bb background_color=\u00a0\u00bb#FFFFFF\u00a0\u00bb custom_padding=\u00a0\u00bb||0px||false|false\u00a0\u00bb locked=\u00a0\u00bboff\u00a0\u00bb global_colors_info=\u00a0\u00bb{}\u00a0\u00bb][et_pb_row _builder_version=\u00a0\u00bb4.27.0&Prime; _module_preset=\u00a0\u00bbdefault\u00a0\u00bb global_colors_info=\u00a0\u00bb{}\u00a0\u00bb][et_pb_column type=\u00a0\u00bb4_4&Prime; _builder_version=\u00a0\u00bb4.27.0&Prime; _module_preset=\u00a0\u00bbdefault\u00a0\u00bb global_colors_info=\u00a0\u00bb{}\u00a0\u00bb][et_pb_text _builder_version=\u00a0\u00bb4.27.4&Prime; _module_preset=\u00a0\u00bbdefault\u00a0\u00bb text_font=\u00a0\u00bb||||||||\u00a0\u00bb text_font_size=\u00a0\u00bb18px\u00a0\u00bb text_line_height=\u00a0\u00bb1.4em\u00a0\u00bb header_text_align=\u00a0\u00bbleft\u00a0\u00bb header_3_font=\u00a0\u00bb|800|||||||\u00a0\u00bb header_3_text_align=\u00a0\u00bbleft\u00a0\u00bb positioning=\u00a0\u00bbrelative\u00a0\u00bb z_index=\u00a0\u00bb2&Prime; width=\u00a0\u00bb80%\u00a0\u00bb module_alignment=\u00a0\u00bbcenter\u00a0\u00bb custom_css_main_element=\u00a0\u00bbdisplay:flex;||flex-direction:column;\u00a0\u00bb global_colors_info=\u00a0\u00bb{}\u00a0\u00bb]<\/p>\n<p>La for\u00eat comm\u00e9morative aura lieu le samedi 13 juin 2026. La c\u00e9r\u00e9monie aura lieu \u00e0 10h30.<\/p>\n<p>La d\u00e9dicace d&rsquo;un arbre dans la for\u00eat comm\u00e9morative est une belle fa\u00e7on de c\u00e9l\u00e9brer la vie d&rsquo;un \u00eatre cher et d&rsquo;honorer sa m\u00e9moire. Symbole de force, d&rsquo;abri et de durabilit\u00e9, un hommage vivant peut \u00eatre une source de r\u00e9confort et de sens.<\/p>\n<p>La for\u00eat comm\u00e9morative a \u00e9t\u00e9 cr\u00e9\u00e9e en 1998 lorsque Ron et Carolyn Brown ont plant\u00e9 le premier arbre \u00e0 la m\u00e9moire du Lion Stew O&rsquo;Brien, PCC, membre fondateur de la Fondation des Lions du Canada. Depuis lors, la for\u00eat comm\u00e9morative est devenue un lieu de pr\u00e9dilection pour la famille des Lions et les sympathisants des guides canins. Ainsi, la for\u00eat continuera de prosp\u00e9rer pour les g\u00e9n\u00e9rations futures et d&rsquo;aider les guides canins \u00e0 changer des vies.<\/p>\n<p>Les arbres plant\u00e9s dans la for\u00eat comm\u00e9morative le sont \u00e0 la m\u00e9moire d&rsquo;un Lion ou d&rsquo;un ami de la Fondation Lions. Le nom du d\u00e9funt est inscrit sur une plaque et plac\u00e9 au pied de l&rsquo;arbre. Un certificat est envoy\u00e9 \u00e0 un membre de la famille ou \u00e0 un ami d\u00e9sign\u00e9. Chaque ann\u00e9e, un service d&rsquo;inauguration est organis\u00e9 dans la for\u00eat comm\u00e9morative en l&rsquo;honneur des personnes dont on s&rsquo;est souvenu au cours de l&rsquo;ann\u00e9e.<\/p>\n<p>Pour assurer l&rsquo;entretien permanent de la for\u00eat comm\u00e9morative, la Fondation Lions du Canada a cr\u00e9\u00e9 le fonds de dotation de la for\u00eat comm\u00e9morative de la famille Ballantyne, gr\u00e2ce \u00e0 un don initial substantiel de la famille Ballantyne d&rsquo;Elmira. Des dons suppl\u00e9mentaires permettent de garantir la disponibilit\u00e9 des fonds pour l&rsquo;entretien continu de la for\u00eat.<\/p>\n<p>&nbsp;<\/p>\n<p>[\/et_pb_text][et_pb_button button_url=\u00a0\u00bbhttps:\/\/www.dogguides.com\/fr\/memorial-forest-order-form-2\/\u00a0\u00bb button_text=\u00a0\u00bbFormulaire de commande\u00a0\u00bb button_alignment=\u00a0\u00bbcenter\u00a0\u00bb _builder_version=\u00a0\u00bb4.27.4&Prime; _module_preset=\u00a0\u00bbdefault\u00a0\u00bb custom_button=\u00a0\u00bbon\u00a0\u00bb button_text_color=\u00a0\u00bb#000000&Prime; button_border_color=\u00a0\u00bb#000000&Prime; hover_enabled=\u00a0\u00bb0&Prime; global_colors_info=\u00a0\u00bb{}\u00a0\u00bb sticky_enabled=\u00a0\u00bb0&Prime;][\/et_pb_button][\/et_pb_column][\/et_pb_row][\/et_pb_section][et_pb_section fb_built=\u00a0\u00bb1&Prime; _builder_version=\u00a0\u00bb4.27.0&Prime; _module_preset=\u00a0\u00bbdefault\u00a0\u00bb background_color=\u00a0\u00bb#FFFFFF\u00a0\u00bb locked=\u00a0\u00bboff\u00a0\u00bb global_colors_info=\u00a0\u00bb{}\u00a0\u00bb][et_pb_row column_structure=\u00a0\u00bb2_3,1_3&Prime; use_custom_gutter=\u00a0\u00bbon\u00a0\u00bb gutter_width=\u00a0\u00bb2&Prime; make_equal=\u00a0\u00bbon\u00a0\u00bb _builder_version=\u00a0\u00bb4.27.3&Prime; _module_preset=\u00a0\u00bbdefault\u00a0\u00bb width=\u00a0\u00bb100%\u00a0\u00bb module_alignment=\u00a0\u00bbcenter\u00a0\u00bb custom_margin=\u00a0\u00bb40px||||false|false\u00a0\u00bb global_colors_info=\u00a0\u00bb{}\u00a0\u00bb][et_pb_column type=\u00a0\u00bb2_3&Prime; _builder_version=\u00a0\u00bb4.27.3&Prime; _module_preset=\u00a0\u00bbdefault\u00a0\u00bb custom_css_main_element=\u00a0\u00bbalign-self: center;||\u00a0\u00bb global_colors_info=\u00a0\u00bb{}\u00a0\u00bb][et_pb_video src=\u00a0\u00bbhttps:\/\/youtu.be\/9M-wdt4KUMU\u00a0\u00bb _builder_version=\u00a0\u00bb4.27.3&Prime; _module_preset=\u00a0\u00bbdefault\u00a0\u00bb box_shadow_style=\u00a0\u00bbpreset2&Prime; global_colors_info=\u00a0\u00bb{}\u00a0\u00bb][\/et_pb_video][\/et_pb_column][et_pb_column type=\u00a0\u00bb1_3&Prime; module_class=\u00a0\u00bbpa-inline-buttons\u00a0\u00bb _builder_version=\u00a0\u00bb4.27.3&Prime; _module_preset=\u00a0\u00bbdefault\u00a0\u00bb custom_padding=\u00a0\u00bb||||false|false\u00a0\u00bb custom_css_main_element=\u00a0\u00bbalign-self: center;||\u00a0\u00bb global_colors_info=\u00a0\u00bb{}\u00a0\u00bb][et_pb_text _builder_version=\u00a0\u00bb4.27.4&Prime; _module_preset=\u00a0\u00bbdefault\u00a0\u00bb text_font_size=\u00a0\u00bb18px\u00a0\u00bb text_line_height=\u00a0\u00bb1.4em\u00a0\u00bb header_font=\u00a0\u00bb|700|||||||\u00a0\u00bb header_font_size=\u00a0\u00bb35px\u00a0\u00bb header_line_height=\u00a0\u00bb1.2em\u00a0\u00bb header_2_font=\u00a0\u00bb|700|||||||\u00a0\u00bb header_2_font_size=\u00a0\u00bb30px\u00a0\u00bb background_color=\u00a0\u00bb#FFFFFF\u00a0\u00bb transform_scale_last_edited=\u00a0\u00bboff|desktop\u00a0\u00bb transform_translate_tablet=\u00a0\u00bb-60px|42px\u00a0\u00bb transform_translate_phone=\u00a0\u00bb0px|0px\u00a0\u00bb transform_translate_last_edited=\u00a0\u00bboff|desktop\u00a0\u00bb transform_rotate_last_edited=\u00a0\u00bboff|desktop\u00a0\u00bb transform_skew_last_edited=\u00a0\u00bboff|desktop\u00a0\u00bb transform_origin=\u00a0\u00bb100%|50%\u00a0\u00bb transform_origin_tablet=\u00a0\u00bb100%|50%\u00a0\u00bb transform_origin_phone=\u00a0\u00bb50%|50%\u00a0\u00bb transform_origin_last_edited=\u00a0\u00bboff|desktop\u00a0\u00bb transform_styles_last_edited=\u00a0\u00bboff|desktop\u00a0\u00bb position_origin_a=\u00a0\u00bbbottom_left\u00a0\u00bb position_origin_f=\u00a0\u00bbbottom_left\u00a0\u00bb position_origin_r=\u00a0\u00bbbottom_left\u00a0\u00bb width=\u00a0\u00bb100%\u00a0\u00bb width_tablet=\u00a0\u00bb100%\u00a0\u00bb width_phone=\u00a0\u00bb95%\u00a0\u00bb width_last_edited=\u00a0\u00bboff|desktop\u00a0\u00bb module_alignment=\u00a0\u00bbcenter\u00a0\u00bb custom_margin_phone=\u00a0\u00bb15vh||||false|false\u00a0\u00bb custom_margin_last_edited=\u00a0\u00bboff|phone\u00a0\u00bb custom_padding=\u00a0\u00bb40px|40px|40px|40px|false|false\u00a0\u00bb module_alignment_tablet=\u00a0\u00bbleft\u00a0\u00bb module_alignment_phone=\u00a0\u00bbcenter\u00a0\u00bb module_alignment_last_edited=\u00a0\u00bboff|desktop\u00a0\u00bb border_radii=\u00a0\u00bbon|15px|15px|15px|15px\u00a0\u00bb border_width_all=\u00a0\u00bb1px\u00a0\u00bb border_color_all=\u00a0\u00bb#cccccc\u00a0\u00bb box_shadow_style=\u00a0\u00bbpreset3&Prime; locked=\u00a0\u00bboff\u00a0\u00bb global_colors_info=\u00a0\u00bb{}\u00a0\u00bb]<\/p>\n<p>Regardez l&rsquo;\u00e9v\u00e9nement 2024 Memorial Forest enregistr\u00e9 en direct \u00e0 Breslau, en Ontario, situ\u00e9 entre Guelph et Kitchener.<\/p>\n<p>[\/et_pb_text][\/et_pb_column][\/et_pb_row][\/et_pb_section]<\/p>\n","protected":false},"excerpt":{"rendered":"<p>La for\u00eat comm\u00e9morative est situ\u00e9e dans un cadre rural paisible pr\u00e8s de Breslau, en Ontario, entre Guelph et Kitchener. La for\u00eat se trouve sur le terrain du centre de formation et d&rsquo;\u00e9levage des chiens-guides, o\u00f9 de nombreux chiots de chiens-guides prennent leur d\u00e9part dans la vie.La for\u00eat comm\u00e9morative aura lieu le samedi 13 juin 2026. [&hellip;]<\/p>\n","protected":false},"author":6,"featured_media":2644,"parent":0,"menu_order":40,"comment_status":"closed","ping_status":"closed","template":"","meta":{"_acf_changed":false,"_et_pb_use_builder":"on","_et_pb_old_content":"","_et_gb_content_width":"","_monsterinsights_skip_tracking":false,"_monsterinsights_sitenote_active":false,"_monsterinsights_sitenote_note":"","_monsterinsights_sitenote_category":0,"footnotes":""},"class_list":["post-5926","page","type-page","status-publish","has-post-thumbnail","hentry"],"acf":[],"yoast_head":"<!-- This site is optimized with the Yoast SEO plugin v24.9 - https:\/\/yoast.com\/wordpress\/plugins\/seo\/ -->\n<title>For\u00eat comm\u00e9morative - Lions Foundation of Canada Dog Guides<\/title>\n<meta name=\"robots\" content=\"index, follow, max-snippet:-1, max-image-preview:large, max-video-preview:-1\" \/>\n<link rel=\"canonical\" href=\"https:\/\/www.dogguides.com\/fr\/memorial-forest\/\" \/>\n<meta property=\"og:locale\" content=\"fr_FR\" \/>\n<meta property=\"og:type\" content=\"article\" \/>\n<meta property=\"og:title\" content=\"For\u00eat comm\u00e9morative - Lions Foundation of Canada Dog Guides\" \/>\n<meta property=\"og:description\" content=\"La for\u00eat comm\u00e9morative est situ\u00e9e dans un cadre rural paisible pr\u00e8s de Breslau, en Ontario, entre Guelph et Kitchener. La for\u00eat se trouve sur le terrain du centre de formation et d&#039;\u00e9levage des chiens-guides, o\u00f9 de nombreux chiots de chiens-guides prennent leur d\u00e9part dans la vie.La for\u00eat comm\u00e9morative aura lieu le samedi 13 juin 2026. [&hellip;]\" \/>\n<meta property=\"og:url\" content=\"https:\/\/www.dogguides.com\/fr\/memorial-forest\/\" \/>\n<meta property=\"og:site_name\" content=\"Lions Foundation of Canada Dog Guides\" \/>\n<meta property=\"article:publisher\" content=\"https:\/\/www.facebook.com\/LFCDogGuides\" \/>\n<meta property=\"article:modified_time\" content=\"2025-07-14T15:40:07+00:00\" \/>\n<meta property=\"og:image\" content=\"https:\/\/www.dogguides.com\/wp-content\/uploads\/2023\/06\/memorial-forest-banner-1.jpg\" \/>\n\t<meta property=\"og:image:width\" content=\"1600\" \/>\n\t<meta property=\"og:image:height\" content=\"650\" \/>\n\t<meta property=\"og:image:type\" content=\"image\/jpeg\" \/>\n<meta name=\"twitter:card\" content=\"summary_large_image\" \/>\n<meta name=\"twitter:site\" content=\"@LFCDogGuides\" \/>\n<meta name=\"twitter:label1\" content=\"Dur\u00e9e de lecture estim\u00e9e\" \/>\n\t<meta name=\"twitter:data1\" content=\"2 minutes\" \/>\n<script type=\"application\/ld+json\" class=\"yoast-schema-graph\">{\"@context\":\"https:\/\/schema.org\",\"@graph\":[{\"@type\":\"WebPage\",\"@id\":\"https:\/\/www.dogguides.com\/fr\/memorial-forest\/\",\"url\":\"https:\/\/www.dogguides.com\/fr\/memorial-forest\/\",\"name\":\"For\u00eat comm\u00e9morative - Lions Foundation of Canada Dog Guides\",\"isPartOf\":{\"@id\":\"https:\/\/www.dogguides.com\/fr\/#website\"},\"primaryImageOfPage\":{\"@id\":\"https:\/\/www.dogguides.com\/fr\/memorial-forest\/#primaryimage\"},\"image\":{\"@id\":\"https:\/\/www.dogguides.com\/fr\/memorial-forest\/#primaryimage\"},\"thumbnailUrl\":\"https:\/\/www.dogguides.com\/wp-content\/uploads\/2023\/06\/memorial-forest-banner-1.jpg\",\"datePublished\":\"2023-06-21T13:22:12+00:00\",\"dateModified\":\"2025-07-14T15:40:07+00:00\",\"breadcrumb\":{\"@id\":\"https:\/\/www.dogguides.com\/fr\/memorial-forest\/#breadcrumb\"},\"inLanguage\":\"fr-FR\",\"potentialAction\":[{\"@type\":\"ReadAction\",\"target\":[\"https:\/\/www.dogguides.com\/fr\/memorial-forest\/\"]}]},{\"@type\":\"ImageObject\",\"inLanguage\":\"fr-FR\",\"@id\":\"https:\/\/www.dogguides.com\/fr\/memorial-forest\/#primaryimage\",\"url\":\"https:\/\/www.dogguides.com\/wp-content\/uploads\/2023\/06\/memorial-forest-banner-1.jpg\",\"contentUrl\":\"https:\/\/www.dogguides.com\/wp-content\/uploads\/2023\/06\/memorial-forest-banner-1.jpg\",\"width\":1600,\"height\":650},{\"@type\":\"BreadcrumbList\",\"@id\":\"https:\/\/www.dogguides.com\/fr\/memorial-forest\/#breadcrumb\",\"itemListElement\":[{\"@type\":\"ListItem\",\"position\":1,\"name\":\"Maison\",\"item\":\"https:\/\/www.dogguides.com\/fr\/bienvenue\/\"},{\"@type\":\"ListItem\",\"position\":2,\"name\":\"For\u00eat comm\u00e9morative\"}]},{\"@type\":\"WebSite\",\"@id\":\"https:\/\/www.dogguides.com\/fr\/#website\",\"url\":\"https:\/\/www.dogguides.com\/fr\/\",\"name\":\"Lions Foundation of Canada Dog Guides\",\"description\":\"Donner aux Canadiens les moyens de naviguer dans le monde avec confiance et ind\u00e9pendance\",\"publisher\":{\"@id\":\"https:\/\/www.dogguides.com\/fr\/#organization\"},\"potentialAction\":[{\"@type\":\"SearchAction\",\"target\":{\"@type\":\"EntryPoint\",\"urlTemplate\":\"https:\/\/www.dogguides.com\/fr\/?s={search_term_string}\"},\"query-input\":{\"@type\":\"PropertyValueSpecification\",\"valueRequired\":true,\"valueName\":\"search_term_string\"}}],\"inLanguage\":\"fr-FR\"},{\"@type\":\"Organization\",\"@id\":\"https:\/\/www.dogguides.com\/fr\/#organization\",\"name\":\"Lions Foundation of Canada Dog Guides\",\"url\":\"https:\/\/www.dogguides.com\/fr\/\",\"logo\":{\"@type\":\"ImageObject\",\"inLanguage\":\"fr-FR\",\"@id\":\"https:\/\/www.dogguides.com\/fr\/#\/schema\/logo\/image\/\",\"url\":\"https:\/\/www.dogguides.com\/wp-content\/uploads\/2024\/07\/LFCDG-logo2013.jpg\",\"contentUrl\":\"https:\/\/www.dogguides.com\/wp-content\/uploads\/2024\/07\/LFCDG-logo2013.jpg\",\"width\":1287,\"height\":815,\"caption\":\"Lions Foundation of Canada Dog Guides\"},\"image\":{\"@id\":\"https:\/\/www.dogguides.com\/fr\/#\/schema\/logo\/image\/\"},\"sameAs\":[\"https:\/\/www.facebook.com\/LFCDogGuides\",\"https:\/\/x.com\/LFCDogGuides\",\"https:\/\/www.instagram.com\/lfcdogguides\/\",\"https:\/\/www.youtube.com\/user\/dogguidescanada\"]}]}<\/script>\n<!-- \/ Yoast SEO plugin. -->","yoast_head_json":{"title":"For\u00eat comm\u00e9morative - Lions Foundation of Canada Dog Guides","robots":{"index":"index","follow":"follow","max-snippet":"max-snippet:-1","max-image-preview":"max-image-preview:large","max-video-preview":"max-video-preview:-1"},"canonical":"https:\/\/www.dogguides.com\/fr\/memorial-forest\/","og_locale":"fr_FR","og_type":"article","og_title":"For\u00eat comm\u00e9morative - Lions Foundation of Canada Dog Guides","og_description":"La for\u00eat comm\u00e9morative est situ\u00e9e dans un cadre rural paisible pr\u00e8s de Breslau, en Ontario, entre Guelph et Kitchener. La for\u00eat se trouve sur le terrain du centre de formation et d'\u00e9levage des chiens-guides, o\u00f9 de nombreux chiots de chiens-guides prennent leur d\u00e9part dans la vie.La for\u00eat comm\u00e9morative aura lieu le samedi 13 juin 2026. [&hellip;]","og_url":"https:\/\/www.dogguides.com\/fr\/memorial-forest\/","og_site_name":"Lions Foundation of Canada Dog Guides","article_publisher":"https:\/\/www.facebook.com\/LFCDogGuides","article_modified_time":"2025-07-14T15:40:07+00:00","og_image":[{"width":1600,"height":650,"url":"https:\/\/www.dogguides.com\/wp-content\/uploads\/2023\/06\/memorial-forest-banner-1.jpg","type":"image\/jpeg"}],"twitter_card":"summary_large_image","twitter_site":"@LFCDogGuides","twitter_misc":{"Dur\u00e9e de lecture estim\u00e9e":"2 minutes"},"schema":{"@context":"https:\/\/schema.org","@graph":[{"@type":"WebPage","@id":"https:\/\/www.dogguides.com\/fr\/memorial-forest\/","url":"https:\/\/www.dogguides.com\/fr\/memorial-forest\/","name":"For\u00eat comm\u00e9morative - Lions Foundation of Canada Dog Guides","isPartOf":{"@id":"https:\/\/www.dogguides.com\/fr\/#website"},"primaryImageOfPage":{"@id":"https:\/\/www.dogguides.com\/fr\/memorial-forest\/#primaryimage"},"image":{"@id":"https:\/\/www.dogguides.com\/fr\/memorial-forest\/#primaryimage"},"thumbnailUrl":"https:\/\/www.dogguides.com\/wp-content\/uploads\/2023\/06\/memorial-forest-banner-1.jpg","datePublished":"2023-06-21T13:22:12+00:00","dateModified":"2025-07-14T15:40:07+00:00","breadcrumb":{"@id":"https:\/\/www.dogguides.com\/fr\/memorial-forest\/#breadcrumb"},"inLanguage":"fr-FR","potentialAction":[{"@type":"ReadAction","target":["https:\/\/www.dogguides.com\/fr\/memorial-forest\/"]}]},{"@type":"ImageObject","inLanguage":"fr-FR","@id":"https:\/\/www.dogguides.com\/fr\/memorial-forest\/#primaryimage","url":"https:\/\/www.dogguides.com\/wp-content\/uploads\/2023\/06\/memorial-forest-banner-1.jpg","contentUrl":"https:\/\/www.dogguides.com\/wp-content\/uploads\/2023\/06\/memorial-forest-banner-1.jpg","width":1600,"height":650},{"@type":"BreadcrumbList","@id":"https:\/\/www.dogguides.com\/fr\/memorial-forest\/#breadcrumb","itemListElement":[{"@type":"ListItem","position":1,"name":"Maison","item":"https:\/\/www.dogguides.com\/fr\/bienvenue\/"},{"@type":"ListItem","position":2,"name":"For\u00eat comm\u00e9morative"}]},{"@type":"WebSite","@id":"https:\/\/www.dogguides.com\/fr\/#website","url":"https:\/\/www.dogguides.com\/fr\/","name":"Lions Foundation of Canada Dog Guides","description":"Donner aux Canadiens les moyens de naviguer dans le monde avec confiance et ind\u00e9pendance","publisher":{"@id":"https:\/\/www.dogguides.com\/fr\/#organization"},"potentialAction":[{"@type":"SearchAction","target":{"@type":"EntryPoint","urlTemplate":"https:\/\/www.dogguides.com\/fr\/?s={search_term_string}"},"query-input":{"@type":"PropertyValueSpecification","valueRequired":true,"valueName":"search_term_string"}}],"inLanguage":"fr-FR"},{"@type":"Organization","@id":"https:\/\/www.dogguides.com\/fr\/#organization","name":"Lions Foundation of Canada Dog Guides","url":"https:\/\/www.dogguides.com\/fr\/","logo":{"@type":"ImageObject","inLanguage":"fr-FR","@id":"https:\/\/www.dogguides.com\/fr\/#\/schema\/logo\/image\/","url":"https:\/\/www.dogguides.com\/wp-content\/uploads\/2024\/07\/LFCDG-logo2013.jpg","contentUrl":"https:\/\/www.dogguides.com\/wp-content\/uploads\/2024\/07\/LFCDG-logo2013.jpg","width":1287,"height":815,"caption":"Lions Foundation of Canada Dog Guides"},"image":{"@id":"https:\/\/www.dogguides.com\/fr\/#\/schema\/logo\/image\/"},"sameAs":["https:\/\/www.facebook.com\/LFCDogGuides","https:\/\/x.com\/LFCDogGuides","https:\/\/www.instagram.com\/lfcdogguides\/","https:\/\/www.youtube.com\/user\/dogguidescanada"]}]}},"_links":{"self":[{"href":"https:\/\/www.dogguides.com\/fr\/wp-json\/wp\/v2\/pages\/5926","targetHints":{"allow":["GET"]}}],"collection":[{"href":"https:\/\/www.dogguides.com\/fr\/wp-json\/wp\/v2\/pages"}],"about":[{"href":"https:\/\/www.dogguides.com\/fr\/wp-json\/wp\/v2\/types\/page"}],"author":[{"embeddable":true,"href":"https:\/\/www.dogguides.com\/fr\/wp-json\/wp\/v2\/users\/6"}],"replies":[{"embeddable":true,"href":"https:\/\/www.dogguides.com\/fr\/wp-json\/wp\/v2\/comments?post=5926"}],"version-history":[{"count":0,"href":"https:\/\/www.dogguides.com\/fr\/wp-json\/wp\/v2\/pages\/5926\/revisions"}],"wp:featuredmedia":[{"embeddable":true,"href":"https:\/\/www.dogguides.com\/fr\/wp-json\/wp\/v2\/media\/2644"}],"wp:attachment":[{"href":"https:\/\/www.dogguides.com\/fr\/wp-json\/wp\/v2\/media?parent=5926"}],"curies":[{"name":"wp","href":"https:\/\/api.w.org\/{rel}","templated":true}]}}