{"id":6738,"date":"2024-07-02T14:03:06","date_gmt":"2024-07-02T18:03:06","guid":{"rendered":"https:\/\/www.dogguides.com\/sparkys-days-of-summer-volunteer-application\/"},"modified":"2024-11-26T01:03:21","modified_gmt":"2024-11-26T06:03:21","slug":"sparkys-days-of-summer-volunteer-application","status":"publish","type":"page","link":"https:\/\/www.dogguides.com\/fr\/sparkys-days-of-summer-volunteer-application\/","title":{"rendered":"Formulaire de demande de b\u00e9n\u00e9volat pour les Journ\u00e9es d&rsquo;\u00e9t\u00e9 de Sparky&rsquo;s"},"content":{"rendered":"<p>[et_pb_section fb_built=\u00a0\u00bb1&Prime; _builder_version=\u00a0\u00bb4.27.3&Prime; _module_preset=\u00a0\u00bbdefault\u00a0\u00bb background_color=\u00a0\u00bb#FFFFFF\u00a0\u00bb hover_enabled=\u00a0\u00bb0&Prime; locked=\u00a0\u00bboff\u00a0\u00bb global_colors_info=\u00a0\u00bb{}\u00a0\u00bb theme_builder_area=\u00a0\u00bbpost_content\u00a0\u00bb module_alignment=\u00a0\u00bbcenter\u00a0\u00bb width=\u00a0\u00bb80%\u00a0\u00bb sticky_enabled=\u00a0\u00bb0&Prime;][et_pb_row _builder_version=\u00a0\u00bb4.27.0&Prime; _module_preset=\u00a0\u00bbdefault\u00a0\u00bb global_colors_info=\u00a0\u00bb{}\u00a0\u00bb theme_builder_area=\u00a0\u00bbpost_content\u00a0\u00bb][et_pb_column type=\u00a0\u00bb4_4&Prime; _builder_version=\u00a0\u00bb4.27.0&Prime; _module_preset=\u00a0\u00bbdefault\u00a0\u00bb global_colors_info=\u00a0\u00bb{}\u00a0\u00bb theme_builder_area=\u00a0\u00bbpost_content\u00a0\u00bb][et_pb_text admin_label=\u00a0\u00bbMedia Inquiries\u00a0\u00bb _builder_version=\u00a0\u00bb4.27.3&Prime; _module_preset=\u00a0\u00bbdefault\u00a0\u00bb header_2_font=\u00a0\u00bb|700|||||||\u00a0\u00bb header_2_text_align=\u00a0\u00bbcenter\u00a0\u00bb header_2_text_color=\u00a0\u00bb#000000&Prime; header_2_font_size=\u00a0\u00bb30px\u00a0\u00bb header_3_text_color=\u00a0\u00bb#000000&Prime; hover_enabled=\u00a0\u00bb0&Prime; global_colors_info=\u00a0\u00bb{}\u00a0\u00bb theme_builder_area=\u00a0\u00bbpost_content\u00a0\u00bb sticky_enabled=\u00a0\u00bb0&Prime;]<\/p>\n<h2>  Formulaire de demande de b\u00e9n\u00e9volat pour les Journ\u00e9es d&rsquo;\u00e9t\u00e9 de Sparky&rsquo;s  <\/h2>\n<p>[\/et_pb_text][\/et_pb_column][\/et_pb_row][et_pb_row _builder_version=\u00a0\u00bb4.27.0&Prime; _module_preset=\u00a0\u00bbdefault\u00a0\u00bb global_colors_info=\u00a0\u00bb{}\u00a0\u00bb theme_builder_area=\u00a0\u00bbpost_content\u00a0\u00bb][et_pb_column type=\u00a0\u00bb4_4&Prime; _builder_version=\u00a0\u00bb4.27.0&Prime; _module_preset=\u00a0\u00bbdefault\u00a0\u00bb global_colors_info=\u00a0\u00bb{}\u00a0\u00bb theme_builder_area=\u00a0\u00bbpost_content\u00a0\u00bb][wpforms_selector form_id=\u00a0\u00bb3680&Prime; admin_label=\u00a0\u00bbwpforms id=2605&Prime; _builder_version=\u00a0\u00bb4.27.3&Prime; _module_preset=\u00a0\u00bbdefault\u00a0\u00bb hover_enabled=\u00a0\u00bb0&Prime; global_colors_info=\u00a0\u00bb{}\u00a0\u00bb theme_builder_area=\u00a0\u00bbpost_content\u00a0\u00bb sticky_enabled=\u00a0\u00bb0&Prime;][\/wpforms_selector][\/et_pb_column][\/et_pb_row][\/et_pb_section]<\/p>\n","protected":false},"excerpt":{"rendered":"<p>Formulaire de demande de b\u00e9n\u00e9volat pour les Journ\u00e9es d&rsquo;\u00e9t\u00e9 de Sparky&rsquo;s <div class=\"et_pb_module wpforms_selector wpforms_selector_0\">\n\t\t\t\t\n\t\t\t\t\n\t\t\t\t\n\t\t\t\t\n\t\t\t\t\n\t\t\t\t\n\t\t\t\t<div class=\"et_pb_module_inner\">\n\t\t\t\t\t<div class=\"wpforms-container wpforms-container-full wpforms-render-modern\" id=\"wpforms-3680\"><form id=\"wpforms-form-3680\" class=\"wpforms-validate wpforms-form wpforms-ajax-form\" data-formid=\"3680\" method=\"post\" enctype=\"multipart\/form-data\" action=\"\/fr\/wp-json\/wp\/v2\/pages\/6738\" data-token=\"bb5d4330a39d9051201199a5e2553fc2\" data-token-time=\"1778143503\"><noscript class=\"wpforms-error-noscript\">Veuillez activer JavaScript dans votre navigateur pour remplir ce formulaire.<\/noscript><div class=\"wpforms-hidden\" id=\"wpforms-error-noscript\">Veuillez activer JavaScript dans votre navigateur pour remplir ce formulaire.<\/div><div class=\"wpforms-field-container\"><div id=\"wpforms-3680-field_0-container\" class=\"wpforms-field wpforms-field-name\" data-field-type=\"name\" data-field-id=\"0\"><fieldset><legend class=\"wpforms-field-label\">Name <span class=\"wpforms-required-label\" aria-hidden=\"true\">*<\/span><\/legend><div class=\"wpforms-field-row wpforms-field-large\"><div class=\"wpforms-field-row-block wpforms-first wpforms-one-half\"><input type=\"text\" id=\"wpforms-3680-field_0\" class=\"wpforms-field-name-first wpforms-field-required\" name=\"wpforms[fields][0][first]\" aria-errormessage=\"wpforms-3680-field_0-error\" required><label for=\"wpforms-3680-field_0\" class=\"wpforms-field-sublabel after\">First<\/label><\/div><div class=\"wpforms-field-row-block wpforms-one-half\"><input type=\"text\" id=\"wpforms-3680-field_0-last\" class=\"wpforms-field-name-last wpforms-field-required\" name=\"wpforms[fields][0][last]\" aria-errormessage=\"wpforms-3680-field_0-last-error\" required><label for=\"wpforms-3680-field_0-last\" class=\"wpforms-field-sublabel after\">Last<\/label><\/div><\/div><\/fieldset><\/div><div id=\"wpforms-3680-field_1-container\" class=\"wpforms-field wpforms-field-email\" data-field-type=\"email\" data-field-id=\"1\"><label class=\"wpforms-field-label\" for=\"wpforms-3680-field_1\">Email <span class=\"wpforms-required-label\" aria-hidden=\"true\">*<\/span><\/label><input type=\"email\" id=\"wpforms-3680-field_1\" class=\"wpforms-field-large wpforms-field-required\" name=\"wpforms[fields][1]\" spellcheck=\"false\" aria-errormessage=\"wpforms-3680-field_1-error\" required><\/div><div id=\"wpforms-3680-field_3-container\" class=\"wpforms-field wpforms-field-phone\" data-field-type=\"phone\" data-field-id=\"3\"><label class=\"wpforms-field-label\" for=\"wpforms-3680-field_3\">Phone <span class=\"wpforms-required-label\" aria-hidden=\"true\">*<\/span><\/label><input type=\"tel\" id=\"wpforms-3680-field_3\" class=\"wpforms-field-large wpforms-field-required wpforms-smart-phone-field\" data-rule-smart-phone-field=\"true\" name=\"wpforms[fields][3]\" aria-label=\"Phone\" aria-errormessage=\"wpforms-3680-field_3-error\" required><\/div><div id=\"wpforms-3680-field_19-container\" class=\"wpforms-field wpforms-field-divider\" data-field-type=\"divider\" data-field-id=\"19\"><h3 id=\"wpforms-3680-field_19\" aria-errormessage=\"wpforms-3680-field_19-error\">Please note the volunteer shifts would be 5:30pm-8:30pm. <\/h3><\/div><div id=\"wpforms-3680-field_17-container\" class=\"wpforms-field wpforms-field-checkbox\" data-field-type=\"checkbox\" data-field-id=\"17\"><fieldset><legend class=\"wpforms-field-label\">For which date(s)\/Oakville location are you volunteering for? <span class=\"wpforms-required-label\" aria-hidden=\"true\">*<\/span><\/legend><ul id=\"wpforms-3680-field_17\" class=\"wpforms-field-required\"><li class=\"choice-1 depth-1\"><input type=\"checkbox\" id=\"wpforms-3680-field_17_1\" name=\"wpforms[fields][17][]\" value=\"July 10 - Valleyridge Park, 2524 Valleyridge Dr.\" aria-errormessage=\"wpforms-3680-field_17_1-error\" required ><label class=\"wpforms-field-label-inline\" for=\"wpforms-3680-field_17_1\">July 10 - Valleyridge Park, 2524 Valleyridge Dr.<\/label><\/li><li class=\"choice-2 depth-1\"><input type=\"checkbox\" id=\"wpforms-3680-field_17_2\" name=\"wpforms[fields][17][]\" value=\"July 17 - Oakville Trafalgar Community Centre Park, 325 Reynolds St.\" aria-errormessage=\"wpforms-3680-field_17_2-error\" required ><label class=\"wpforms-field-label-inline\" for=\"wpforms-3680-field_17_2\">July 17 - Oakville Trafalgar Community Centre Park, 325 Reynolds St.<\/label><\/li><li class=\"choice-3 depth-1\"><input type=\"checkbox\" id=\"wpforms-3680-field_17_3\" name=\"wpforms[fields][17][]\" value=\"July 24 - Sixteen Hollow Park, 2140 Westoak Trails\" aria-errormessage=\"wpforms-3680-field_17_3-error\" required ><label class=\"wpforms-field-label-inline\" for=\"wpforms-3680-field_17_3\">July 24 - Sixteen Hollow Park, 2140 Westoak Trails<\/label><\/li><li class=\"choice-4 depth-1\"><input type=\"checkbox\" id=\"wpforms-3680-field_17_4\" name=\"wpforms[fields][17][]\" value=\"July 31 - Neyagawa Park, 540 River Glen Blvd\" aria-errormessage=\"wpforms-3680-field_17_4-error\" required ><label class=\"wpforms-field-label-inline\" for=\"wpforms-3680-field_17_4\">July 31 - Neyagawa Park, 540 River Glen Blvd<\/label><\/li><li class=\"choice-5 depth-1\"><input type=\"checkbox\" id=\"wpforms-3680-field_17_5\" name=\"wpforms[fields][17][]\" value=\"Aug. 7 - Forster Park, 100 North Forster Park Drive\" aria-errormessage=\"wpforms-3680-field_17_5-error\" required ><label class=\"wpforms-field-label-inline\" for=\"wpforms-3680-field_17_5\">Aug. 7 - Forster Park, 100 North Forster Park Drive<\/label><\/li><li class=\"choice-6 depth-1\"><input type=\"checkbox\" id=\"wpforms-3680-field_17_6\" name=\"wpforms[fields][17][]\" value=\"Aug. 14 - Fowley Park, 95 Fowley Drive\" aria-errormessage=\"wpforms-3680-field_17_6-error\" required ><label class=\"wpforms-field-label-inline\" for=\"wpforms-3680-field_17_6\">Aug. 14 - Fowley Park, 95 Fowley Drive<\/label><\/li><li class=\"choice-7 depth-1\"><input type=\"checkbox\" id=\"wpforms-3680-field_17_7\" name=\"wpforms[fields][17][]\" value=\"Aug. 21 - Valleybrook Park, 1150 Valleybrook Dr.\" aria-errormessage=\"wpforms-3680-field_17_7-error\" required ><label class=\"wpforms-field-label-inline\" for=\"wpforms-3680-field_17_7\">Aug. 21 - Valleybrook Park, 1150 Valleybrook Dr.<\/label><\/li><\/ul><\/fieldset><\/div><div id=\"wpforms-3680-field_20-container\" class=\"wpforms-field wpforms-field-radio\" data-field-type=\"radio\" data-field-id=\"20\"><fieldset><legend class=\"wpforms-field-label\">Are you 18 years old or older? <span class=\"wpforms-required-label\" aria-hidden=\"true\">*<\/span><\/legend><ul id=\"wpforms-3680-field_20\" class=\"wpforms-field-required\"><li class=\"choice-1 depth-1\"><input type=\"radio\" id=\"wpforms-3680-field_20_1\" name=\"wpforms[fields][20]\" value=\"Yes, I&#039;m 18 or older\" aria-errormessage=\"wpforms-3680-field_20_1-error\" required ><label class=\"wpforms-field-label-inline\" for=\"wpforms-3680-field_20_1\">Yes, I'm 18 or older<\/label><\/li><li class=\"choice-2 depth-1\"><input type=\"radio\" id=\"wpforms-3680-field_20_2\" name=\"wpforms[fields][20]\" value=\"No, I&#039;m under 18 years old\" aria-errormessage=\"wpforms-3680-field_20_2-error\" required ><label class=\"wpforms-field-label-inline\" for=\"wpforms-3680-field_20_2\">No, I'm under 18 years old<\/label><\/li><\/ul><\/fieldset><\/div><\/div><!-- .wpforms-field-container --><div class=\"wpforms-submit-container\" ><input type=\"hidden\" name=\"wpforms[id]\" value=\"3680\"><input type=\"hidden\" name=\"page_title\" value=\"\"><input type=\"hidden\" name=\"page_url\" value=\"https:\/\/www.dogguides.com\/fr\/wp-json\/wp\/v2\/pages\/6738\"><button type=\"submit\" name=\"wpforms[submit]\" id=\"wpforms-submit-3680\" class=\"wpforms-submit\" data-alt-text=\"Sending...\" data-submit-text=\"Submit\" aria-live=\"assertive\" value=\"wpforms-submit\">Submit<\/button><img loading=\"lazy\" decoding=\"async\" src=\"https:\/\/www.dogguides.com\/wp-content\/plugins\/wpforms\/assets\/images\/submit-spin.svg\" class=\"wpforms-submit-spinner\" style=\"display: none;\" width=\"26\" height=\"26\" alt=\"Chargement en cours\"><\/div><\/form><\/div>  <!-- .wpforms-container -->\n\t\t\t\t<\/div>\n\t\t\t<\/div><\/p>\n","protected":false},"author":13,"featured_media":0,"parent":0,"menu_order":20,"comment_status":"closed","ping_status":"closed","template":"","meta":{"_acf_changed":false,"_et_pb_use_builder":"on","_et_pb_old_content":"","_et_gb_content_width":"","_monsterinsights_skip_tracking":false,"_monsterinsights_sitenote_active":false,"_monsterinsights_sitenote_note":"","_monsterinsights_sitenote_category":0,"footnotes":""},"class_list":["post-6738","page","type-page","status-publish","hentry"],"acf":[],"yoast_head":"<!-- This site is optimized with the Yoast SEO plugin v24.9 - https:\/\/yoast.com\/wordpress\/plugins\/seo\/ -->\n<title>Formulaire de demande de b\u00e9n\u00e9volat pour les Journ\u00e9es d&#039;\u00e9t\u00e9 de Sparky&#039;s - Lions Foundation of Canada Dog Guides<\/title>\n<meta name=\"robots\" content=\"index, follow, max-snippet:-1, max-image-preview:large, max-video-preview:-1\" \/>\n<link rel=\"canonical\" href=\"https:\/\/www.dogguides.com\/fr\/sparkys-days-of-summer-volunteer-application\/\" \/>\n<meta property=\"og:locale\" content=\"fr_FR\" \/>\n<meta property=\"og:type\" content=\"article\" \/>\n<meta property=\"og:title\" content=\"Formulaire de demande de b\u00e9n\u00e9volat pour les Journ\u00e9es d&#039;\u00e9t\u00e9 de Sparky&#039;s - Lions Foundation of Canada Dog Guides\" \/>\n<meta property=\"og:description\" content=\"Formulaire de demande de b\u00e9n\u00e9volat pour les Journ\u00e9es d&#039;\u00e9t\u00e9 de Sparky&#039;s\" \/>\n<meta property=\"og:url\" content=\"https:\/\/www.dogguides.com\/fr\/sparkys-days-of-summer-volunteer-application\/\" \/>\n<meta property=\"og:site_name\" content=\"Lions Foundation of Canada Dog Guides\" \/>\n<meta property=\"article:publisher\" content=\"https:\/\/www.facebook.com\/LFCDogGuides\" \/>\n<meta property=\"article:modified_time\" content=\"2024-11-26T06:03:21+00:00\" \/>\n<meta property=\"og:image\" content=\"https:\/\/www.dogguides.com\/wp-content\/uploads\/2024\/07\/LFCDG-logo2013.jpg\" \/>\n\t<meta property=\"og:image:width\" content=\"1287\" \/>\n\t<meta property=\"og:image:height\" content=\"815\" \/>\n\t<meta property=\"og:image:type\" content=\"image\/jpeg\" \/>\n<meta name=\"twitter:card\" content=\"summary_large_image\" \/>\n<meta name=\"twitter:site\" content=\"@LFCDogGuides\" \/>\n<meta name=\"twitter:label1\" content=\"Dur\u00e9e de lecture estim\u00e9e\" \/>\n\t<meta name=\"twitter:data1\" content=\"1 minute\" \/>\n<script type=\"application\/ld+json\" class=\"yoast-schema-graph\">{\"@context\":\"https:\/\/schema.org\",\"@graph\":[{\"@type\":\"WebPage\",\"@id\":\"https:\/\/www.dogguides.com\/fr\/sparkys-days-of-summer-volunteer-application\/\",\"url\":\"https:\/\/www.dogguides.com\/fr\/sparkys-days-of-summer-volunteer-application\/\",\"name\":\"Formulaire de demande de b\u00e9n\u00e9volat pour les Journ\u00e9es d'\u00e9t\u00e9 de Sparky's - Lions Foundation of Canada Dog Guides\",\"isPartOf\":{\"@id\":\"https:\/\/www.dogguides.com\/fr\/#website\"},\"datePublished\":\"2024-07-02T18:03:06+00:00\",\"dateModified\":\"2024-11-26T06:03:21+00:00\",\"breadcrumb\":{\"@id\":\"https:\/\/www.dogguides.com\/fr\/sparkys-days-of-summer-volunteer-application\/#breadcrumb\"},\"inLanguage\":\"fr-FR\",\"potentialAction\":[{\"@type\":\"ReadAction\",\"target\":[\"https:\/\/www.dogguides.com\/fr\/sparkys-days-of-summer-volunteer-application\/\"]}]},{\"@type\":\"BreadcrumbList\",\"@id\":\"https:\/\/www.dogguides.com\/fr\/sparkys-days-of-summer-volunteer-application\/#breadcrumb\",\"itemListElement\":[{\"@type\":\"ListItem\",\"position\":1,\"name\":\"Maison\",\"item\":\"https:\/\/www.dogguides.com\/fr\/bienvenue\/\"},{\"@type\":\"ListItem\",\"position\":2,\"name\":\"Formulaire de demande de b\u00e9n\u00e9volat pour les Journ\u00e9es d&rsquo;\u00e9t\u00e9 de Sparky&rsquo;s\"}]},{\"@type\":\"WebSite\",\"@id\":\"https:\/\/www.dogguides.com\/fr\/#website\",\"url\":\"https:\/\/www.dogguides.com\/fr\/\",\"name\":\"Lions Foundation of Canada Dog Guides\",\"description\":\"Donner aux Canadiens les moyens de naviguer dans le monde avec confiance et ind\u00e9pendance\",\"publisher\":{\"@id\":\"https:\/\/www.dogguides.com\/fr\/#organization\"},\"potentialAction\":[{\"@type\":\"SearchAction\",\"target\":{\"@type\":\"EntryPoint\",\"urlTemplate\":\"https:\/\/www.dogguides.com\/fr\/?s={search_term_string}\"},\"query-input\":{\"@type\":\"PropertyValueSpecification\",\"valueRequired\":true,\"valueName\":\"search_term_string\"}}],\"inLanguage\":\"fr-FR\"},{\"@type\":\"Organization\",\"@id\":\"https:\/\/www.dogguides.com\/fr\/#organization\",\"name\":\"Lions Foundation of Canada Dog Guides\",\"url\":\"https:\/\/www.dogguides.com\/fr\/\",\"logo\":{\"@type\":\"ImageObject\",\"inLanguage\":\"fr-FR\",\"@id\":\"https:\/\/www.dogguides.com\/fr\/#\/schema\/logo\/image\/\",\"url\":\"https:\/\/www.dogguides.com\/wp-content\/uploads\/2024\/07\/LFCDG-logo2013.jpg\",\"contentUrl\":\"https:\/\/www.dogguides.com\/wp-content\/uploads\/2024\/07\/LFCDG-logo2013.jpg\",\"width\":1287,\"height\":815,\"caption\":\"Lions Foundation of Canada Dog Guides\"},\"image\":{\"@id\":\"https:\/\/www.dogguides.com\/fr\/#\/schema\/logo\/image\/\"},\"sameAs\":[\"https:\/\/www.facebook.com\/LFCDogGuides\",\"https:\/\/x.com\/LFCDogGuides\",\"https:\/\/www.instagram.com\/lfcdogguides\/\",\"https:\/\/www.youtube.com\/user\/dogguidescanada\"]}]}<\/script>\n<!-- \/ Yoast SEO plugin. -->","yoast_head_json":{"title":"Formulaire de demande de b\u00e9n\u00e9volat pour les Journ\u00e9es d'\u00e9t\u00e9 de Sparky's - Lions Foundation of Canada Dog Guides","robots":{"index":"index","follow":"follow","max-snippet":"max-snippet:-1","max-image-preview":"max-image-preview:large","max-video-preview":"max-video-preview:-1"},"canonical":"https:\/\/www.dogguides.com\/fr\/sparkys-days-of-summer-volunteer-application\/","og_locale":"fr_FR","og_type":"article","og_title":"Formulaire de demande de b\u00e9n\u00e9volat pour les Journ\u00e9es d'\u00e9t\u00e9 de Sparky's - Lions Foundation of Canada Dog Guides","og_description":"Formulaire de demande de b\u00e9n\u00e9volat pour les Journ\u00e9es d'\u00e9t\u00e9 de Sparky's","og_url":"https:\/\/www.dogguides.com\/fr\/sparkys-days-of-summer-volunteer-application\/","og_site_name":"Lions Foundation of Canada Dog Guides","article_publisher":"https:\/\/www.facebook.com\/LFCDogGuides","article_modified_time":"2024-11-26T06:03:21+00:00","og_image":[{"width":1287,"height":815,"url":"https:\/\/www.dogguides.com\/wp-content\/uploads\/2024\/07\/LFCDG-logo2013.jpg","type":"image\/jpeg"}],"twitter_card":"summary_large_image","twitter_site":"@LFCDogGuides","twitter_misc":{"Dur\u00e9e de lecture estim\u00e9e":"1 minute"},"schema":{"@context":"https:\/\/schema.org","@graph":[{"@type":"WebPage","@id":"https:\/\/www.dogguides.com\/fr\/sparkys-days-of-summer-volunteer-application\/","url":"https:\/\/www.dogguides.com\/fr\/sparkys-days-of-summer-volunteer-application\/","name":"Formulaire de demande de b\u00e9n\u00e9volat pour les Journ\u00e9es d'\u00e9t\u00e9 de Sparky's - Lions Foundation of Canada Dog Guides","isPartOf":{"@id":"https:\/\/www.dogguides.com\/fr\/#website"},"datePublished":"2024-07-02T18:03:06+00:00","dateModified":"2024-11-26T06:03:21+00:00","breadcrumb":{"@id":"https:\/\/www.dogguides.com\/fr\/sparkys-days-of-summer-volunteer-application\/#breadcrumb"},"inLanguage":"fr-FR","potentialAction":[{"@type":"ReadAction","target":["https:\/\/www.dogguides.com\/fr\/sparkys-days-of-summer-volunteer-application\/"]}]},{"@type":"BreadcrumbList","@id":"https:\/\/www.dogguides.com\/fr\/sparkys-days-of-summer-volunteer-application\/#breadcrumb","itemListElement":[{"@type":"ListItem","position":1,"name":"Maison","item":"https:\/\/www.dogguides.com\/fr\/bienvenue\/"},{"@type":"ListItem","position":2,"name":"Formulaire de demande de b\u00e9n\u00e9volat pour les Journ\u00e9es d&rsquo;\u00e9t\u00e9 de Sparky&rsquo;s"}]},{"@type":"WebSite","@id":"https:\/\/www.dogguides.com\/fr\/#website","url":"https:\/\/www.dogguides.com\/fr\/","name":"Lions Foundation of Canada Dog Guides","description":"Donner aux Canadiens les moyens de naviguer dans le monde avec confiance et ind\u00e9pendance","publisher":{"@id":"https:\/\/www.dogguides.com\/fr\/#organization"},"potentialAction":[{"@type":"SearchAction","target":{"@type":"EntryPoint","urlTemplate":"https:\/\/www.dogguides.com\/fr\/?s={search_term_string}"},"query-input":{"@type":"PropertyValueSpecification","valueRequired":true,"valueName":"search_term_string"}}],"inLanguage":"fr-FR"},{"@type":"Organization","@id":"https:\/\/www.dogguides.com\/fr\/#organization","name":"Lions Foundation of Canada Dog Guides","url":"https:\/\/www.dogguides.com\/fr\/","logo":{"@type":"ImageObject","inLanguage":"fr-FR","@id":"https:\/\/www.dogguides.com\/fr\/#\/schema\/logo\/image\/","url":"https:\/\/www.dogguides.com\/wp-content\/uploads\/2024\/07\/LFCDG-logo2013.jpg","contentUrl":"https:\/\/www.dogguides.com\/wp-content\/uploads\/2024\/07\/LFCDG-logo2013.jpg","width":1287,"height":815,"caption":"Lions Foundation of Canada Dog Guides"},"image":{"@id":"https:\/\/www.dogguides.com\/fr\/#\/schema\/logo\/image\/"},"sameAs":["https:\/\/www.facebook.com\/LFCDogGuides","https:\/\/x.com\/LFCDogGuides","https:\/\/www.instagram.com\/lfcdogguides\/","https:\/\/www.youtube.com\/user\/dogguidescanada"]}]}},"_links":{"self":[{"href":"https:\/\/www.dogguides.com\/fr\/wp-json\/wp\/v2\/pages\/6738","targetHints":{"allow":["GET"]}}],"collection":[{"href":"https:\/\/www.dogguides.com\/fr\/wp-json\/wp\/v2\/pages"}],"about":[{"href":"https:\/\/www.dogguides.com\/fr\/wp-json\/wp\/v2\/types\/page"}],"author":[{"embeddable":true,"href":"https:\/\/www.dogguides.com\/fr\/wp-json\/wp\/v2\/users\/13"}],"replies":[{"embeddable":true,"href":"https:\/\/www.dogguides.com\/fr\/wp-json\/wp\/v2\/comments?post=6738"}],"version-history":[{"count":0,"href":"https:\/\/www.dogguides.com\/fr\/wp-json\/wp\/v2\/pages\/6738\/revisions"}],"wp:attachment":[{"href":"https:\/\/www.dogguides.com\/fr\/wp-json\/wp\/v2\/media?parent=6738"}],"curies":[{"name":"wp","href":"https:\/\/api.w.org\/{rel}","templated":true}]}}